{"id":532,"date":"2019-04-18T10:05:59","date_gmt":"2019-04-18T10:05:59","guid":{"rendered":"http:\/\/b38jwy.myraidbox.de\/?post_type=product&#038;p=532"},"modified":"2026-04-15T16:01:00","modified_gmt":"2026-04-15T14:01:00","slug":"handindsprojtningspumpe-til-hojtryksindsprojtning","status":"publish","type":"product","link":"https:\/\/www.polymerpacker.de\/da\/produkt\/hand-injektionspumpe-fuer-hochdruckinjektion\/","title":{"rendered":"H\u00e5ndindspr\u00f8jtningspumpe til h\u00f8jtryksindspr\u00f8jtning"},"content":{"rendered":"<h3><span style=\"color: #000000;\"><strong>H\u00e5ndindspr\u00f8jtningspumpe<\/strong> til h\u00f8jtryksindspr\u00f8jtning <\/span><\/h3>\n<h4><span style=\"color: #000000;\">fra <strong>Epoxyharpiks, polyuretanharpiks, akrylatgel, silikoneemulsion, silikatcreme<\/strong> via injektionspakker i bygningselementer\/byggematerialer. <\/span><\/h4>\n<h4><span style=\"color: #000000;\">F\u00e5s hos os som et komplet s\u00e6t, der best\u00e5r af <\/span><\/h4>\n<p><span style=\"color: #000000;\"><strong>1 stk.<\/strong> H\u00e5ndbetjent stempelpumpe (tilslutningsgevind G1\/8\u201c), leveringsvolumen ca. 2 cm\u00b3\/slag, arbejdstryk maks. 400 bar, p\u00e5fyldningskapacitet 550 cm\u00b3, kan genopfyldes s\u00e6rligt hurtigt takket v\u00e6re let aftageligt plastd\u00e6ksel.<\/span><\/p>\n<p><span style=\"color: #000000;\"><strong> 1 stk.<\/strong> H\u00f8jtryksslange <strong>500 mm lang<\/strong>, (tilslutningsgevind G1\/8\u201c) med t\u00e6tningsringe af aluminium. <\/span><\/p>\n<p><span style=\"color: #000000;\"><strong>1 stk.<\/strong> Gribekobling med 4 k\u00e6ber (tilslutningsgevind G1\/8\u201c) til <strong>Konisk nippel DIN 71412<\/strong> og <\/span><\/p>\n<p><span style=\"color: #000000;\"><strong>1 stk.<\/strong> Dissolvers\u00e6t best\u00e5ende af 2 dissolverskiver p\u00e5 hhv. 45 mm og 75 mm og 1 dissolveraksel af 8 mm st\u00e5l (sekskantet), 300 mm lang, til optimal blanding af injektionsmaterialet f\u00f8r injektion.<\/span><\/p>\n<p><b>For yderligere information og sikkerhedsinstruktioner kan du downloade det tekniske datablad for dette produkt her. <\/b><\/p>\n<p><a href=\"https:\/\/www.polymerpacker.de\/wp-content\/uploads\/2024\/01\/Polymerpacker-TM-KNKG18-DE-EN.pdf\"><img fetchpriority=\"high\" decoding=\"async\" class=\"alignnone wp-image-1504 size-medium\" src=\"https:\/\/www.polymerpacker.de\/wp-content\/uploads\/2020\/08\/PDF-DOWNLOAD-250x400.jpg\" alt=\"\" width=\"250\" height=\"400\" srcset=\"https:\/\/www.polymerpacker.de\/wp-content\/uploads\/2020\/08\/PDF-DOWNLOAD-250x400.jpg 250w, https:\/\/www.polymerpacker.de\/wp-content\/uploads\/2020\/08\/PDF-DOWNLOAD-200x320.jpg 200w, https:\/\/www.polymerpacker.de\/wp-content\/uploads\/2020\/08\/PDF-DOWNLOAD-scaled-150x240.jpg 150w, https:\/\/www.polymerpacker.de\/wp-content\/uploads\/2020\/08\/PDF-DOWNLOAD-400x640.jpg 400w, https:\/\/www.polymerpacker.de\/wp-content\/uploads\/2020\/08\/PDF-DOWNLOAD-500x800.jpg 500w, https:\/\/www.polymerpacker.de\/wp-content\/uploads\/2020\/08\/PDF-DOWNLOAD-768x1228.jpg 768w, https:\/\/www.polymerpacker.de\/wp-content\/uploads\/2020\/08\/PDF-DOWNLOAD-961x1536.jpg 961w, https:\/\/www.polymerpacker.de\/wp-content\/uploads\/2020\/08\/PDF-DOWNLOAD-1281x2048.jpg 1281w, https:\/\/www.polymerpacker.de\/wp-content\/uploads\/2020\/08\/PDF-DOWNLOAD-scaled.jpg 1601w\" sizes=\"(max-width: 250px) 100vw, 250px\" \/><\/a><\/p>","protected":false},"excerpt":{"rendered":"<h3 data-padding=\"5px\"><span style=\"color: #000000;\"><strong>H\u00e5ndindspr\u00f8jtningspumpe til h\u00f8jtryksindspr\u00f8jtning<\/strong> med tilslutningskobling til konisk nippel<\/span><\/h3>\n<h4 data-padding=\"5px\"><span style=\"color: #000000;\">Med os i et komplet s\u00e6t.<\/span><\/h4>","protected":false},"featured_media":1943,"template":"","meta":[],"product_brand":[],"product_cat":[42,95],"product_tag":[94],"class_list":{"0":"post-532","1":"product","2":"type-product","3":"status-publish","4":"has-post-thumbnail","6":"product_cat-injektion-packer-pumpen","7":"product_cat-injektionspumpen","8":"product_tag-handpumpe-fuer-harz","10":"first","11":"instock","12":"taxable","13":"shipping-taxable","14":"purchasable","15":"product-type-simple"},"tiered_pricing_type":"fixed","tiered_pricing_fixed_rules":[],"tiered_pricing_product_settings":{"layout":"default","base_unit_name":{"singular":null,"plural":null},"default_variation":null},"tiered_pricing_minimum_quantity":null,"tiered_pricing_roles_data":[],"tiered_pricing_percentage_rules":[],"tiered_pricing_maximum_quantity":null,"tiered_pricing_quantity_step":null,"_links":{"self":[{"href":"https:\/\/www.polymerpacker.de\/da\/wp-json\/wp\/v2\/product\/532","targetHints":{"allow":["GET"]}}],"collection":[{"href":"https:\/\/www.polymerpacker.de\/da\/wp-json\/wp\/v2\/product"}],"about":[{"href":"https:\/\/www.polymerpacker.de\/da\/wp-json\/wp\/v2\/types\/product"}],"wp:featuredmedia":[{"embeddable":true,"href":"https:\/\/www.polymerpacker.de\/da\/wp-json\/wp\/v2\/media\/1943"}],"wp:attachment":[{"href":"https:\/\/www.polymerpacker.de\/da\/wp-json\/wp\/v2\/media?parent=532"}],"wp:term":[{"taxonomy":"product_brand","embeddable":true,"href":"https:\/\/www.polymerpacker.de\/da\/wp-json\/wp\/v2\/product_brand?post=532"},{"taxonomy":"product_cat","embeddable":true,"href":"https:\/\/www.polymerpacker.de\/da\/wp-json\/wp\/v2\/product_cat?post=532"},{"taxonomy":"product_tag","embeddable":true,"href":"https:\/\/www.polymerpacker.de\/da\/wp-json\/wp\/v2\/product_tag?post=532"}],"curies":[{"name":"wp","href":"https:\/\/api.w.org\/{rel}","templated":true}]}}