{"id":3790,"date":"2024-01-21T19:31:48","date_gmt":"2024-01-21T18:31:48","guid":{"rendered":"https:\/\/www.polymerpacker.de\/?post_type=product&#038;p=3790"},"modified":"2026-04-15T16:01:02","modified_gmt":"2026-04-15T14:01:02","slug":"stiknogle-til-injektionspakker-14-mm","status":"publish","type":"product","link":"https:\/\/www.polymerpacker.de\/da\/produkt\/injektionspacker-steckschluessel-14-mm\/","title":{"rendered":"Injektionspakningsn\u00f8gle 14 mm"},"content":{"rendered":"<h3><span style=\"color: #000000;\"><strong>Injektionspakningsn\u00f8gle 14 mm<\/strong><\/span><\/h3>\n<p><span style=\"color: #000000;\">Speciel sekskantn\u00f8gle 14 mm, ideel til alle injektionspakkere (st\u00e5lskruepakkere) med 14 mm sekskantsp\u00e6ndem\u00f8trik med tilslutning: r\u00f8rgevind R1\/4\u2033. <\/span><span style=\"color: #000000;\">En specialdesignet frigang i topn\u00f8glen forhindrer p\u00e5lideligt beskadigelse af R1\/4\u2033-r\u00f8rgevindet, n\u00e5r sp\u00e6ndem\u00f8trikken strammes.<\/span><\/p>\n<h3><span style=\"color: #000000;\"><strong>Fordi godt arbejde starter med godt v\u00e6rkt\u00f8j<span style=\"font-family: 'Arial', sans-serif;\">.<\/span><\/strong><\/span><\/h3>","protected":false},"excerpt":{"rendered":"<h3><strong>Injektionspakker Sekskantn\u00f8gle 14 mm<\/strong><\/h3>\n<h4>til sekskantet sp\u00e6ndem\u00f8trik med tilslutning: r\u00f8rgevind R1\/4\u2033<\/h4>","protected":false},"featured_media":3778,"template":"","meta":[],"product_brand":[],"product_cat":[42,199],"product_tag":[141],"class_list":{"0":"post-3790","1":"product","2":"type-product","3":"status-publish","4":"has-post-thumbnail","6":"product_cat-injektion-packer-pumpen","7":"product_cat-injektionspacker-montagewerkzeuge","8":"product_tag-steckschluessel-fuer-injektionspacker","10":"first","11":"instock","12":"taxable","13":"shipping-taxable","14":"purchasable","15":"product-type-simple"},"tiered_pricing_type":"fixed","tiered_pricing_fixed_rules":[],"tiered_pricing_product_settings":{"layout":"default","base_unit_name":{"singular":null,"plural":null},"default_variation":null},"tiered_pricing_minimum_quantity":null,"tiered_pricing_roles_data":[],"tiered_pricing_percentage_rules":[],"tiered_pricing_maximum_quantity":null,"tiered_pricing_quantity_step":null,"_links":{"self":[{"href":"https:\/\/www.polymerpacker.de\/da\/wp-json\/wp\/v2\/product\/3790","targetHints":{"allow":["GET"]}}],"collection":[{"href":"https:\/\/www.polymerpacker.de\/da\/wp-json\/wp\/v2\/product"}],"about":[{"href":"https:\/\/www.polymerpacker.de\/da\/wp-json\/wp\/v2\/types\/product"}],"wp:featuredmedia":[{"embeddable":true,"href":"https:\/\/www.polymerpacker.de\/da\/wp-json\/wp\/v2\/media\/3778"}],"wp:attachment":[{"href":"https:\/\/www.polymerpacker.de\/da\/wp-json\/wp\/v2\/media?parent=3790"}],"wp:term":[{"taxonomy":"product_brand","embeddable":true,"href":"https:\/\/www.polymerpacker.de\/da\/wp-json\/wp\/v2\/product_brand?post=3790"},{"taxonomy":"product_cat","embeddable":true,"href":"https:\/\/www.polymerpacker.de\/da\/wp-json\/wp\/v2\/product_cat?post=3790"},{"taxonomy":"product_tag","embeddable":true,"href":"https:\/\/www.polymerpacker.de\/da\/wp-json\/wp\/v2\/product_tag?post=3790"}],"curies":[{"name":"wp","href":"https:\/\/api.w.org\/{rel}","templated":true}]}}