{"id":3489,"date":"2023-09-23T14:07:56","date_gmt":"2023-09-23T12:07:56","guid":{"rendered":"https:\/\/www.polymerpacker.de\/?post_type=product&#038;p=3489"},"modified":"2026-04-15T16:01:02","modified_gmt":"2026-04-15T14:01:02","slug":"hojtydende-karbid-bjergbor-16-x-200-mm","status":"publish","type":"product","link":"https:\/\/www.polymerpacker.de\/da\/produkt\/hochleistungs-hartmetall-gesteinsbohrer-16-x-200-mm\/","title":{"rendered":"H\u00f8jtydende stenbor i h\u00e5rdmetal 16 x 200 mm"},"content":{"rendered":"<p><span style=\"color: #000000;\"><strong>H\u00f8jtydende h\u00e5rdmetalbor 16 x 200 mm med 4 massive h\u00e5rdmetalsk\u00e6r og progressivt spiraldesign.<\/strong><br \/>\nTil boring af meget pr\u00e6cise huller, problemfri boring gennem jernholdige lamineringer, vibrationssvag drift, god tilf\u00f8rsel af borest\u00f8v.<br \/>\n<strong>SDS-Plus (10 mm boreskaft).<\/strong><\/span><\/p>","protected":false},"excerpt":{"rendered":"<h3><strong><span style=\"color: #000000;\">H\u00f8jtydende stenbor i h\u00e5rdmetal 16 x 200 mm<\/span><\/strong><\/h3>\n<p><strong><span style=\"color: #000000;\">Diameter 16 mm, spirall\u00e6ngde 200 mm, samlet l\u00e6ngde 260 mm, m<\/span><\/strong><strong><span style=\"color: #000000;\">med 4 solide h\u00e5rdmetalsk\u00e6r og progressivt spiraldesign. <\/span><\/strong><strong><span style=\"color: #000000;\">SDS-Plus (10 mm boreskaft).<\/span><\/strong><\/p>","protected":false},"featured_media":3525,"template":"","meta":[],"product_brand":[],"product_cat":[42,233],"product_tag":[234],"class_list":{"0":"post-3489","1":"product","2":"type-product","3":"status-publish","4":"has-post-thumbnail","6":"product_cat-injektion-packer-pumpen","7":"product_cat-hartmetall-gesteinsbohrer","8":"product_tag-hochleistungs-hartmetall-gesteinsbohrer","10":"first","11":"instock","12":"taxable","13":"shipping-taxable","14":"purchasable","15":"product-type-simple"},"tiered_pricing_type":"percentage","tiered_pricing_fixed_rules":[],"tiered_pricing_product_settings":{"layout":"table","base_unit_name":{"singular":null,"plural":null},"default_variation":null},"tiered_pricing_minimum_quantity":null,"tiered_pricing_roles_data":[],"tiered_pricing_percentage_rules":[],"tiered_pricing_maximum_quantity":null,"tiered_pricing_quantity_step":null,"_links":{"self":[{"href":"https:\/\/www.polymerpacker.de\/da\/wp-json\/wp\/v2\/product\/3489","targetHints":{"allow":["GET"]}}],"collection":[{"href":"https:\/\/www.polymerpacker.de\/da\/wp-json\/wp\/v2\/product"}],"about":[{"href":"https:\/\/www.polymerpacker.de\/da\/wp-json\/wp\/v2\/types\/product"}],"wp:featuredmedia":[{"embeddable":true,"href":"https:\/\/www.polymerpacker.de\/da\/wp-json\/wp\/v2\/media\/3525"}],"wp:attachment":[{"href":"https:\/\/www.polymerpacker.de\/da\/wp-json\/wp\/v2\/media?parent=3489"}],"wp:term":[{"taxonomy":"product_brand","embeddable":true,"href":"https:\/\/www.polymerpacker.de\/da\/wp-json\/wp\/v2\/product_brand?post=3489"},{"taxonomy":"product_cat","embeddable":true,"href":"https:\/\/www.polymerpacker.de\/da\/wp-json\/wp\/v2\/product_cat?post=3489"},{"taxonomy":"product_tag","embeddable":true,"href":"https:\/\/www.polymerpacker.de\/da\/wp-json\/wp\/v2\/product_tag?post=3489"}],"curies":[{"name":"wp","href":"https:\/\/api.w.org\/{rel}","templated":true}]}}