{"id":3151,"date":"2023-04-26T20:51:06","date_gmt":"2023-04-26T18:51:06","guid":{"rendered":"https:\/\/www.polymerpacker.de\/?post_type=product&#038;p=3151"},"modified":"2026-04-15T16:01:00","modified_gmt":"2026-04-15T14:01:00","slug":"dissolver-45-mm-med-skaft-i-rustfrit-stal-300-mm","status":"publish","type":"product","link":"https:\/\/www.polymerpacker.de\/da\/produkt\/dissolver-45-mm-mit-edelstahlwelle-300-mm\/","title":{"rendered":"Opl\u00f8ser 45 mm med skaft i rustfrit st\u00e5l 300 mm"},"content":{"rendered":"<p lang=\"zxx\"><span style=\"color: #000000;\"><b>Polymerpacker Opl\u00f8ser <\/b>(skiveomr\u00f8rere) er meget effektive v\u00e6rkt\u00f8jer med fremragende blandeegenskaber til fremstilling af meget homogene konsistenser. Lav spr\u00f8jtedannelse, lav luftindblanding i blandingen (bobledannelse) og nem demontering muligg\u00f8r effektivt og rent arbejde med h\u00f8j produktivitet. <strong>Polymerpacker - fordi godt arbejde starter med godt v\u00e6rkt\u00f8j.<\/strong><\/span><\/p>\n<p lang=\"zxx\"><span style=\"color: #000000;\"><b>Eksempler p\u00e5 anvendelse: <\/b> Blanding, omr\u00f8ring og dispergering af v\u00e6sker og suspensioner (pastaer) som f.eks. maling, lak, kl\u00e6bemidler, kunstharpiksblandinger, forskellige udj\u00e6vningsmidler, gips, kalk, cement eller lerpuds. Blanding af t\u00f8rre, fritflydende pulvere, granulater og sand med medium densitet.<\/span><\/p>\n<p><span style=\"color: #000000;\"><b>Polymerpacker Opl\u00f8ser<\/b> f\u00e5s med dissolverskiver med en diameter p\u00e5 45, 75, 100 og 150 mm. Hver af dem kan kombineres med et stort udvalg af forskellige resolveraksler for at d\u00e6kke utallige anvendelsesomr\u00e5der. Dissolverskiven kan hurtigt og nemt s\u00e6ttes p\u00e5 og fjernes fra en tilsvarende dissolveraksel. Kommercielt tilg\u00e6ngelige boremaskiner er ideelt egnede som drivmaskiner.<\/span><\/p>","protected":false},"excerpt":{"rendered":"<h3><strong><span style=\"color: #000000;\">Opl\u00f8ser 45 mm med skaft i rustfrit st\u00e5l 300 mm<\/span><\/strong><\/h3>\n<p><strong><span style=\"color: #000000;\">Opl\u00f8seraksel 300 mm lang, fremstillet af 8 mm sekskantet rustfrit st\u00e5l<\/span><\/strong><\/p>","protected":false},"featured_media":3050,"template":"","meta":[],"product_brand":[],"product_cat":[217],"product_tag":[127],"class_list":{"0":"post-3151","1":"product","2":"type-product","3":"status-publish","4":"has-post-thumbnail","6":"product_cat-dissolver-45-mm-mit-edelstahlwelle","7":"product_tag-dissolver","9":"first","10":"instock","11":"taxable","12":"shipping-taxable","13":"purchasable","14":"product-type-simple"},"tiered_pricing_type":"percentage","tiered_pricing_fixed_rules":[],"tiered_pricing_product_settings":{"layout":"default","base_unit_name":{"singular":null,"plural":null},"default_variation":null},"tiered_pricing_minimum_quantity":null,"tiered_pricing_roles_data":[],"tiered_pricing_percentage_rules":{"5":3,"10":5,"25":8},"tiered_pricing_maximum_quantity":null,"tiered_pricing_quantity_step":null,"_links":{"self":[{"href":"https:\/\/www.polymerpacker.de\/da\/wp-json\/wp\/v2\/product\/3151","targetHints":{"allow":["GET"]}}],"collection":[{"href":"https:\/\/www.polymerpacker.de\/da\/wp-json\/wp\/v2\/product"}],"about":[{"href":"https:\/\/www.polymerpacker.de\/da\/wp-json\/wp\/v2\/types\/product"}],"wp:featuredmedia":[{"embeddable":true,"href":"https:\/\/www.polymerpacker.de\/da\/wp-json\/wp\/v2\/media\/3050"}],"wp:attachment":[{"href":"https:\/\/www.polymerpacker.de\/da\/wp-json\/wp\/v2\/media?parent=3151"}],"wp:term":[{"taxonomy":"product_brand","embeddable":true,"href":"https:\/\/www.polymerpacker.de\/da\/wp-json\/wp\/v2\/product_brand?post=3151"},{"taxonomy":"product_cat","embeddable":true,"href":"https:\/\/www.polymerpacker.de\/da\/wp-json\/wp\/v2\/product_cat?post=3151"},{"taxonomy":"product_tag","embeddable":true,"href":"https:\/\/www.polymerpacker.de\/da\/wp-json\/wp\/v2\/product_tag?post=3151"}],"curies":[{"name":"wp","href":"https:\/\/api.w.org\/{rel}","templated":true}]}}