{"id":3110,"date":"2023-04-25T11:14:55","date_gmt":"2023-04-25T09:14:55","guid":{"rendered":"https:\/\/www.polymerpacker.de\/?post_type=product&#038;p=3110"},"modified":"2026-04-15T16:01:00","modified_gmt":"2026-04-15T14:01:00","slug":"dissolver-75-mm-til-fodevare-og-medicoteknik-uden-dissolveraksel-brug-venligst-dissolveraksel-8-mm-sekskantet","status":"publish","type":"product","link":"https:\/\/www.polymerpacker.de\/da\/produkt\/dissolver-75-mm-fuer-lebensmittel-und-medizintechnik-ohne-dissolverwelle-bitte-dissolverwelle-8-mm-sechskant-verwenden\/","title":{"rendered":"Dissolver 75 mm til f\u00f8devare- og medicoteknik uden dissolveraksel"},"content":{"rendered":"<p><span style=\"color: #000000;\"><strong>Polymerpacker Opl\u00f8ser<\/strong> er meget effektive v\u00e6rkt\u00f8jer med fremragende blandeegenskaber til fremstilling af meget homogene konsistenser. Lav spr\u00f8jtedannelse, lav luftindtr\u00e6ngning i blandingen (bobledannelse) og nem demontering muligg\u00f8r effektivt og rent arbejde med h\u00f8j produktivitet. <strong>Polymerpacker, fordi godt arbejde starter med godt v\u00e6rkt\u00f8j<\/strong>.<\/span><\/p>\n<p><span style=\"color: #000000;\">Med Polymerpacker <strong>Opl\u00f8sningsmidler til f\u00f8devarer og medicinsk teknologi<\/strong> Dissolverskiverne er lavet af et polyamid, der overholder de relevante specifikationer fra FDA (U.S. Food and Drug Administration) og EU nr. 10\/2011. Dissolverakslerne er lavet af rustfrit st\u00e5l (materiale: 1.4305). Dissolveraksler fremstillet af rustfrit st\u00e5l (materiale: 1.4404 \/ 316L) f\u00e5s p\u00e5 foresp\u00f8rgsel. Materialetestcertifikater for alle anvendte materialer f\u00e5s gratis p\u00e5 anmodning.<\/span><\/p>\n<p><span style=\"color: #000000;\"><strong>Eksempler p\u00e5 f\u00f8devareapplikationer<\/strong>Blanding, omr\u00f8ring og dispergering af v\u00e6sker og suspensioner (cremer, pastaer, saucer). Meget velegnet til dejprodukter, p\u00f8lsemix, mejeriprodukter og drikkevareproduktion.<\/span><\/p>\n<p><span style=\"color: #000000;\"><strong>Eksempler p\u00e5 medicinske anvendelser<\/strong>Blanding, omr\u00f8ring og dispergering af v\u00e6sker og suspensioner (cremer, salver, pastaer, lotioner, emulsioner) som f.eks. desinfektionsmidler, hudplejeprodukter, h\u00e5rplejeprodukter, flydende eller pulveriseret medicin og kosttilskud.<\/span><\/p>","protected":false},"excerpt":{"rendered":"<h3><span style=\"color: #000000;\"><strong>Dissolver 75 mm til f\u00f8devare- og medicoteknik uden dissolveraksel<\/strong><\/span><\/h3>\n<p><span style=\"color: #000000;\"><strong>Brug venligst 8 mm sekskantet opl\u00f8sningsskaft.<\/strong><\/span><\/p>","protected":false},"featured_media":3091,"template":"","meta":[],"product_brand":[],"product_cat":[135,214],"product_tag":[127],"class_list":{"0":"post-3110","1":"product","2":"type-product","3":"status-publish","4":"has-post-thumbnail","6":"product_cat-dissolver-fuer-lebensmittel-und-medizintechnik","7":"product_cat-dissolver-75-mm-fuer-lebensmittel-und-medizintechnik","8":"product_tag-dissolver","10":"first","11":"instock","12":"taxable","13":"shipping-taxable","14":"purchasable","15":"product-type-simple"},"tiered_pricing_type":"percentage","tiered_pricing_fixed_rules":[],"tiered_pricing_product_settings":{"layout":"table","base_unit_name":{"singular":null,"plural":null},"default_variation":null},"tiered_pricing_minimum_quantity":null,"tiered_pricing_roles_data":[],"tiered_pricing_percentage_rules":{"5":3,"10":5,"25":8},"tiered_pricing_maximum_quantity":null,"tiered_pricing_quantity_step":null,"_links":{"self":[{"href":"https:\/\/www.polymerpacker.de\/da\/wp-json\/wp\/v2\/product\/3110","targetHints":{"allow":["GET"]}}],"collection":[{"href":"https:\/\/www.polymerpacker.de\/da\/wp-json\/wp\/v2\/product"}],"about":[{"href":"https:\/\/www.polymerpacker.de\/da\/wp-json\/wp\/v2\/types\/product"}],"wp:featuredmedia":[{"embeddable":true,"href":"https:\/\/www.polymerpacker.de\/da\/wp-json\/wp\/v2\/media\/3091"}],"wp:attachment":[{"href":"https:\/\/www.polymerpacker.de\/da\/wp-json\/wp\/v2\/media?parent=3110"}],"wp:term":[{"taxonomy":"product_brand","embeddable":true,"href":"https:\/\/www.polymerpacker.de\/da\/wp-json\/wp\/v2\/product_brand?post=3110"},{"taxonomy":"product_cat","embeddable":true,"href":"https:\/\/www.polymerpacker.de\/da\/wp-json\/wp\/v2\/product_cat?post=3110"},{"taxonomy":"product_tag","embeddable":true,"href":"https:\/\/www.polymerpacker.de\/da\/wp-json\/wp\/v2\/product_tag?post=3110"}],"curies":[{"name":"wp","href":"https:\/\/api.w.org\/{rel}","templated":true}]}}