{"id":275,"date":"2019-04-15T16:05:34","date_gmt":"2019-04-15T16:05:34","guid":{"rendered":"http:\/\/b38jwy.myraidbox.de\/?post_type=product&#038;p=275"},"modified":"2026-04-21T10:10:24","modified_gmt":"2026-04-21T08:10:24","slug":"crack-monitor-rma-til-dokumentation-af-revner","status":"publish","type":"product","link":"https:\/\/www.polymerpacker.de\/da\/produkt\/rissmonitor-rma-zum-dokumentieren-von-rissen\/","title":{"rendered":"RMA revneoverv\u00e5gning til dokumentation af revner"},"content":{"rendered":"<h2>RMA revneoverv\u00e5gning til dokumentation af revner<\/h2>\n<p><span style=\"color: #000000; font-size: 100%;\">Revnemonitor til analog, numerisk registrering af \u00e6ndringer i revne- og fugebredder p\u00e5 bygninger ved hj\u00e6lp af differentiel m\u00e5ling. Placeringen af tr\u00e5dkorset (r\u00f8dt) over linjeskalaen (sort) betyder, at \u00e6ndringer kan afl\u00e6ses direkte. Revnemonitoren kan monteres hurtigt og nemt, selv over brede revner eller regelm\u00e6ssige strukturelle samlinger, ved hj\u00e6lp af et passende kl\u00e6bemiddel eller de medf\u00f8lgende rustfri st\u00e5lskruer med dyvler. <\/span><span style=\"color: #000000; font-size: 100%;\">\u00c6ndringer i revne- og fugebredder kan nemt, hurtigt og pr\u00e6cist dokumenteres ved at tage regelm\u00e6ssige fotos med tr\u00e5dkorset placeret over linjeskalaen. <\/span><\/p>\n<p><span style=\"color: #000000; font-size: 100%;\">Spr\u00e6kkemonitors\u00e6ttet best\u00e5r af 1 spr\u00e6kkemonitor i et robust udend\u00f8rs design, 4 skruer i rustfrit st\u00e5l DIN 7981 4,2 x 32 mm, 4 skiver 4 x 12 mm, 4 Fischer-propper UX 6 mm.<\/span><\/p>\n<p><span style=\"color: #000000; font-size: 100%;\"><span style=\"font-family: Arial, sans-serif;\"><b><span style=\"color: #282828;\"><span style=\"color: #000000;\">For yderligere information og sikkerhedsinstruktioner kan du downloade det tekniske datablad for dette produkt her.<\/span> <\/span> <\/b><\/span><\/span><\/p>\n<p><a href=\"https:\/\/www.polymerpacker.de\/wp-content\/uploads\/2022\/02\/Polymerpacker-TM-RMA-DE-EN-FR-ES-IT-NL.pdf\"><img fetchpriority=\"high\" decoding=\"async\" class=\"alignnone wp-image-1504 size-medium\" src=\"https:\/\/www.polymerpacker.de\/wp-content\/uploads\/2020\/08\/PDF-DOWNLOAD-250x400.jpg\" alt=\"\" width=\"250\" height=\"400\" srcset=\"https:\/\/www.polymerpacker.de\/wp-content\/uploads\/2020\/08\/PDF-DOWNLOAD-250x400.jpg 250w, https:\/\/www.polymerpacker.de\/wp-content\/uploads\/2020\/08\/PDF-DOWNLOAD-200x320.jpg 200w, https:\/\/www.polymerpacker.de\/wp-content\/uploads\/2020\/08\/PDF-DOWNLOAD-scaled-150x240.jpg 150w, https:\/\/www.polymerpacker.de\/wp-content\/uploads\/2020\/08\/PDF-DOWNLOAD-400x640.jpg 400w, https:\/\/www.polymerpacker.de\/wp-content\/uploads\/2020\/08\/PDF-DOWNLOAD-500x800.jpg 500w, https:\/\/www.polymerpacker.de\/wp-content\/uploads\/2020\/08\/PDF-DOWNLOAD-768x1228.jpg 768w, https:\/\/www.polymerpacker.de\/wp-content\/uploads\/2020\/08\/PDF-DOWNLOAD-961x1536.jpg 961w, https:\/\/www.polymerpacker.de\/wp-content\/uploads\/2020\/08\/PDF-DOWNLOAD-1281x2048.jpg 1281w, https:\/\/www.polymerpacker.de\/wp-content\/uploads\/2020\/08\/PDF-DOWNLOAD-scaled.jpg 1601w\" sizes=\"(max-width: 250px) 100vw, 250px\" \/><\/a><\/p>","protected":false},"excerpt":{"rendered":"<h3><span style=\"color: #000000;\">RMA revneoverv\u00e5gning til dokumentation af revner<\/span><\/h3>\n<p><span style=\"color: #000000;\">til at skrue eller lime p\u00e5, <\/span><span style=\"color: #000000;\">Robust udend\u00f8rs design, <\/span><span style=\"color: #000000;\"><strong>Fastg\u00f8relsesskrues\u00e6t i rustfrit st\u00e5l medf\u00f8lger.<\/strong><\/span><\/p>","protected":false},"featured_media":1376,"template":"","meta":[],"product_brand":[],"product_cat":[82],"product_tag":[86],"class_list":{"0":"post-275","1":"product","2":"type-product","3":"status-publish","4":"has-post-thumbnail","6":"product_cat-rissmonitor","7":"product_tag-rissmonitor","9":"first","10":"instock","11":"taxable","12":"shipping-taxable","13":"purchasable","14":"product-type-simple"},"tiered_pricing_type":"percentage","tiered_pricing_fixed_rules":{"5":15.75,"10":14.5,"25":13.7},"tiered_pricing_product_settings":{"layout":"table","base_unit_name":{"singular":null,"plural":null},"default_variation":null},"tiered_pricing_minimum_quantity":null,"tiered_pricing_roles_data":[],"tiered_pricing_percentage_rules":{"5":5,"10":8},"tiered_pricing_maximum_quantity":null,"tiered_pricing_quantity_step":null,"_links":{"self":[{"href":"https:\/\/www.polymerpacker.de\/da\/wp-json\/wp\/v2\/product\/275","targetHints":{"allow":["GET"]}}],"collection":[{"href":"https:\/\/www.polymerpacker.de\/da\/wp-json\/wp\/v2\/product"}],"about":[{"href":"https:\/\/www.polymerpacker.de\/da\/wp-json\/wp\/v2\/types\/product"}],"wp:featuredmedia":[{"embeddable":true,"href":"https:\/\/www.polymerpacker.de\/da\/wp-json\/wp\/v2\/media\/1376"}],"wp:attachment":[{"href":"https:\/\/www.polymerpacker.de\/da\/wp-json\/wp\/v2\/media?parent=275"}],"wp:term":[{"taxonomy":"product_brand","embeddable":true,"href":"https:\/\/www.polymerpacker.de\/da\/wp-json\/wp\/v2\/product_brand?post=275"},{"taxonomy":"product_cat","embeddable":true,"href":"https:\/\/www.polymerpacker.de\/da\/wp-json\/wp\/v2\/product_cat?post=275"},{"taxonomy":"product_tag","embeddable":true,"href":"https:\/\/www.polymerpacker.de\/da\/wp-json\/wp\/v2\/product_tag?post=275"}],"curies":[{"name":"wp","href":"https:\/\/api.w.org\/{rel}","templated":true}]}}