{"id":2683,"date":"2022-09-25T20:13:23","date_gmt":"2022-09-25T18:13:23","guid":{"rendered":"https:\/\/www.polymerpacker.de\/?post_type=product&#038;p=2683"},"modified":"2026-04-15T16:00:59","modified_gmt":"2026-04-15T14:00:59","slug":"injektionsvinkel-klaebende-pakker-kpwr14m6","status":"publish","type":"product","link":"https:\/\/www.polymerpacker.de\/da\/produkt\/injektions-winkel-klebepacker-kpwr14m6\/","title":{"rendered":"Kl\u00e6bepakker med indspr\u00f8jtningsvinkel KPWR14M6"},"content":{"rendered":"<h2><span style=\"color: #000000;\"><strong>Kl\u00e6bepakker med indspr\u00f8jtningsvinkel KPWR14M6<\/strong><\/span><\/h2>\n<p><span style=\"color: #000000;\"> til limning p\u00e5 overflader af bygningsdele, hvor boring af huller til fugning af revner ikke \u00f8nskes eller ikke er tilladt <strong>(ZTV-RIS).<\/strong><\/span><\/p>\n<p><span style=\"color: #000000;\"><strong>Eksempler p\u00e5 brug: <\/strong>Revneinjektion p\u00e5 konstruktionselementer af forsp\u00e6ndt beton, beton med t\u00e6t armering eller synlige betonelementer. Kan bruges til injektion af epoxyharpiks, polyuretanharpiks og polyesterharpiks.<\/span><\/p>\n<p><span style=\"color: #000000;\"><strong>Polymerpacker Injektionskl\u00e6bende pakker<\/strong><\/span><\/p>\n<p><span style=\"color: #000000;\">- Fremstillet af en meget kl\u00e6bende h\u00f8jtydende plast.<\/span><\/p>\n<p><span style=\"color: #000000;\">- Kl\u00e6beflade med en overfladestruktur, der er optimeret til limning.<\/span><\/p>\n<p><span style=\"color: #000000;\">- Kan bruges til maksimale indspr\u00f8jtningstryk p\u00e5 op til 60 bar ved limning p\u00e5 faste overflader med lim af h\u00f8j kvalitet.<\/span><\/p>\n<p><span style=\"color: #000000;\"><strong>Polymerpacker Injektionskl\u00e6bende pakker. Det originale, gennempr\u00f8vede og testede produkt, som vi har produceret siden 1993.<\/strong><\/span><\/p>","protected":false},"excerpt":{"rendered":"<h3><span style=\"color: #000000;\"><strong>Indspr\u00f8jtningsvinkel, kl\u00e6bende pakker KPWR14M6 <\/strong><strong>Kl\u00e6bende plastpakning (glasfiberforst\u00e6rket) til injektion af revner i hj\u00f8rner.<\/strong><\/span><\/h3>\n<p><span style=\"color: #000000;\">Fremstillet af glasfiberforst\u00e6rket plast - meget robust.<\/span><\/p>\n<h3><span style=\"color: #000000;\">Tilslutning: udvendigt gevind <strong>R1\/4\u201c <\/strong>+ indvendigt gevind<strong> M6,<\/strong> fri passage \u00d8<strong> 5 mm.<\/strong><\/span><\/h3>","protected":false},"featured_media":2663,"template":"","meta":[],"product_brand":[],"product_cat":[42,205],"product_tag":[206],"class_list":{"0":"post-2683","1":"product","2":"type-product","3":"status-publish","4":"has-post-thumbnail","6":"product_cat-injektion-packer-pumpen","7":"product_cat-injektions-klebepacker","8":"product_tag-klebepacker","10":"first","11":"instock","12":"taxable","13":"shipping-taxable","14":"purchasable","15":"product-type-simple"},"tiered_pricing_type":"percentage","tiered_pricing_fixed_rules":[],"tiered_pricing_product_settings":{"layout":"default","base_unit_name":{"singular":null,"plural":null},"default_variation":null},"tiered_pricing_minimum_quantity":10,"tiered_pricing_roles_data":[],"tiered_pricing_percentage_rules":{"100":5,"1000":8,"2000":10},"tiered_pricing_maximum_quantity":null,"tiered_pricing_quantity_step":null,"_links":{"self":[{"href":"https:\/\/www.polymerpacker.de\/da\/wp-json\/wp\/v2\/product\/2683","targetHints":{"allow":["GET"]}}],"collection":[{"href":"https:\/\/www.polymerpacker.de\/da\/wp-json\/wp\/v2\/product"}],"about":[{"href":"https:\/\/www.polymerpacker.de\/da\/wp-json\/wp\/v2\/types\/product"}],"wp:featuredmedia":[{"embeddable":true,"href":"https:\/\/www.polymerpacker.de\/da\/wp-json\/wp\/v2\/media\/2663"}],"wp:attachment":[{"href":"https:\/\/www.polymerpacker.de\/da\/wp-json\/wp\/v2\/media?parent=2683"}],"wp:term":[{"taxonomy":"product_brand","embeddable":true,"href":"https:\/\/www.polymerpacker.de\/da\/wp-json\/wp\/v2\/product_brand?post=2683"},{"taxonomy":"product_cat","embeddable":true,"href":"https:\/\/www.polymerpacker.de\/da\/wp-json\/wp\/v2\/product_cat?post=2683"},{"taxonomy":"product_tag","embeddable":true,"href":"https:\/\/www.polymerpacker.de\/da\/wp-json\/wp\/v2\/product_tag?post=2683"}],"curies":[{"name":"wp","href":"https:\/\/api.w.org\/{rel}","templated":true}]}}