{"id":2422,"date":"2022-07-16T14:34:21","date_gmt":"2022-07-16T12:34:21","guid":{"rendered":"https:\/\/www.polymerpacker.de\/?post_type=product&#038;p=2422"},"modified":"2026-04-22T15:36:32","modified_gmt":"2026-04-22T13:36:32","slug":"injektionspakker-lsp12dlnv-til-borehul-12-mm","status":"publish","type":"product","link":"https:\/\/www.polymerpacker.de\/da\/produkt\/injektionspacker-lsp12dlnv-fuer-bohrloch-12-mm\/","title":{"rendered":"Injektionspakker LSP12DLNV til 12 mm borehul"},"content":{"rendered":"<h3><span style=\"color: #000000;\"><span style=\"font-family: Arial, sans-serif;\"><span style=\"font-size: medium;\"><b>Injektionspakker LSP12DLNV til 12 mm borehul<\/b><\/span><\/span><\/span><\/h3>\n<p><span style=\"color: #000000;\"><span style=\"font-family: Arial, sans-serif;\"><span style=\"font-size: medium;\"><b>Lamell\u00e6r slagpakker fremstillet af h\u00f8jtydende plast <\/b><\/span><\/span><\/span><span style=\"color: #000000;\"><span style=\"font-family: Arial, sans-serif;\"><span style=\"font-size: medium;\">Til brug ved lavtryksfugning af revner og hulrum eller trykimpr\u00e6gnering med epoxyharpiks, polyurethanharpiks, silikoneemulsion, silikatcreme, mikroemulsion, vandige opl\u00f8sninger, silikonerende midler, svampedr\u00e6bende midler. I alle almindelige byggematerialer som beton, hulsten, mursten, sandsten, kalksandsten, pimpsten, ler. Til brug i m\u00e5lfaste borehuller i faste byggematerialer, egnet til maksimale indspr\u00f8jtningstryk p\u00e5 op til 30 bar.<\/span><\/span><\/span><\/p>\n<p><span style=\"color: #000000;\"><span style=\"font-family: Arial, sans-serif;\"><span style=\"font-size: medium;\"><b>For yderligere information og sikkerhedsinstruktioner kan du downloade det tekniske datablad for dette produkt her. <\/b><\/span><\/span><\/span><\/p>\n<p><a href=\"https:\/\/www.polymerpacker.de\/wp-content\/uploads\/2022\/07\/Polymerpacker-TM-LSP12DLN-DE-EN.pdf\"><img fetchpriority=\"high\" decoding=\"async\" class=\"alignnone wp-image-1504 size-medium\" src=\"https:\/\/www.polymerpacker.de\/wp-content\/uploads\/2020\/08\/PDF-DOWNLOAD-250x400.jpg\" alt=\"\" width=\"250\" height=\"400\" srcset=\"https:\/\/www.polymerpacker.de\/wp-content\/uploads\/2020\/08\/PDF-DOWNLOAD-250x400.jpg 250w, https:\/\/www.polymerpacker.de\/wp-content\/uploads\/2020\/08\/PDF-DOWNLOAD-200x320.jpg 200w, https:\/\/www.polymerpacker.de\/wp-content\/uploads\/2020\/08\/PDF-DOWNLOAD-scaled-150x240.jpg 150w, https:\/\/www.polymerpacker.de\/wp-content\/uploads\/2020\/08\/PDF-DOWNLOAD-400x640.jpg 400w, https:\/\/www.polymerpacker.de\/wp-content\/uploads\/2020\/08\/PDF-DOWNLOAD-500x800.jpg 500w, https:\/\/www.polymerpacker.de\/wp-content\/uploads\/2020\/08\/PDF-DOWNLOAD-768x1228.jpg 768w, https:\/\/www.polymerpacker.de\/wp-content\/uploads\/2020\/08\/PDF-DOWNLOAD-961x1536.jpg 961w, https:\/\/www.polymerpacker.de\/wp-content\/uploads\/2020\/08\/PDF-DOWNLOAD-1281x2048.jpg 1281w, https:\/\/www.polymerpacker.de\/wp-content\/uploads\/2020\/08\/PDF-DOWNLOAD-scaled.jpg 1601w\" sizes=\"(max-width: 250px) 100vw, 250px\" \/><\/a><\/p>","protected":false},"excerpt":{"rendered":"<h3><strong>Injektionspakker LSP12DLNV til 12 mm borehul<\/strong><\/h3>\n<p><strong>Slagpakker af plast, 117 mm lang.<\/strong><\/p>\n<h4>Forbindelse: <strong>Trykluft Euronippel DIN 14152, nominel bredde 7 mm<\/strong> med indbygget kontraventil, \u00e5bningstryk ca. <strong>1 bar<\/strong><\/h4>\n<p><strong>Gratis indpakningsv\u00e6rkt\u00f8j i hver pakke<\/strong><\/p>","protected":false},"featured_media":2418,"template":"","meta":[],"product_brand":[],"product_cat":[42,84],"product_tag":[97,129,132,196,197],"class_list":{"0":"post-2422","1":"product","2":"type-product","3":"status-publish","4":"has-post-thumbnail","6":"product_cat-injektion-packer-pumpen","7":"product_cat-injektionspacker-12-mm","8":"product_tag-injektionspacker-fuer-bohrung-12-mm","9":"product_tag-injektionspacker-fuer-harz","10":"product_tag-injektionspacker-fuer-zement","11":"product_tag-injektionspacker-fuer-holzschutzmittel","12":"product_tag-injektionspacker-mit-druckluftnippel","14":"first","15":"instock","16":"taxable","17":"shipping-taxable","18":"purchasable","19":"product-type-simple"},"tiered_pricing_type":"percentage","tiered_pricing_fixed_rules":[],"tiered_pricing_product_settings":{"layout":"default","base_unit_name":{"singular":null,"plural":null},"default_variation":null},"tiered_pricing_minimum_quantity":10,"tiered_pricing_roles_data":[],"tiered_pricing_percentage_rules":{"100":5,"1000":10},"tiered_pricing_maximum_quantity":null,"tiered_pricing_quantity_step":null,"_links":{"self":[{"href":"https:\/\/www.polymerpacker.de\/da\/wp-json\/wp\/v2\/product\/2422","targetHints":{"allow":["GET"]}}],"collection":[{"href":"https:\/\/www.polymerpacker.de\/da\/wp-json\/wp\/v2\/product"}],"about":[{"href":"https:\/\/www.polymerpacker.de\/da\/wp-json\/wp\/v2\/types\/product"}],"wp:featuredmedia":[{"embeddable":true,"href":"https:\/\/www.polymerpacker.de\/da\/wp-json\/wp\/v2\/media\/2418"}],"wp:attachment":[{"href":"https:\/\/www.polymerpacker.de\/da\/wp-json\/wp\/v2\/media?parent=2422"}],"wp:term":[{"taxonomy":"product_brand","embeddable":true,"href":"https:\/\/www.polymerpacker.de\/da\/wp-json\/wp\/v2\/product_brand?post=2422"},{"taxonomy":"product_cat","embeddable":true,"href":"https:\/\/www.polymerpacker.de\/da\/wp-json\/wp\/v2\/product_cat?post=2422"},{"taxonomy":"product_tag","embeddable":true,"href":"https:\/\/www.polymerpacker.de\/da\/wp-json\/wp\/v2\/product_tag?post=2422"}],"curies":[{"name":"wp","href":"https:\/\/api.w.org\/{rel}","templated":true}]}}