{"id":1848,"date":"2021-04-13T15:23:57","date_gmt":"2021-04-13T13:23:57","guid":{"rendered":"https:\/\/www.polymerpacker.de\/?post_type=product&#038;p=1848"},"modified":"2026-04-15T16:01:02","modified_gmt":"2026-04-15T14:01:02","slug":"injektionskilepacker-kp18kn-til-indhamring-i-revner","status":"publish","type":"product","link":"https:\/\/www.polymerpacker.de\/da\/produkt\/injektions-keilpacker-kp18kn-zum-einschlagen-in-risse\/","title":{"rendered":"Injektionskilepacker KP18KN til indhamring i revner"},"content":{"rendered":"<h2><span style=\"color: #000000;\"><span style=\"font-family: Arial, sans-serif;\"><span style=\"font-size: medium;\"><b>Injektionskilepacker KP18KN til indhamring i revner<\/b><\/span><\/span><\/span><\/h2>\n<p><span style=\"color: #000000;\"><span style=\"font-family: Arial, sans-serif;\"><span style=\"font-size: medium;\"><b>Injektionskilepacker (kileformet injektionspacker) <\/b><\/span><\/span><\/span><span style=\"color: #000000;\"><span style=\"font-family: Arial, sans-serif;\"><span style=\"font-size: medium;\">Til at k\u00f8re direkte ind i revner. Til brug ved injektion af revner i alle almindelige byggematerialer som beton, granit, hulsten, mursten og sandsten. Kan bruges til indspr\u00f8jtning af epoxyharpiks, polyuretanharpiks, mikrocementsuspension. Meget velegnet til direkte indhamring i tr\u00e6, til trykimpr\u00e6gnering, med tr\u00e6beskyttelsesmidler eller med epoxyharpiks til konsolidering af tr\u00e6. <b>Kilepakkerne kan nemt fjernes fra byggematerialerne uden at efterlade rester<\/b>. Kan bruges til maksimale indspr\u00f8jtningstryk p\u00e5 op til 50 bar, n\u00e5r den sidder godt fast. <\/span><\/span><\/span><\/p>\n<p><span style=\"color: #000000;\"><span style=\"font-family: Arial, sans-serif;\"><span style=\"font-size: medium;\"><b>For yderligere information og sikkerhedsinstruktioner kan du downloade det tekniske datablad for dette produkt her. <\/b><\/span><\/span><\/span><\/p>\n<p><a href=\"https:\/\/www.polymerpacker.de\/wp-content\/uploads\/2021\/05\/Polymerpacker-TM-KP18KN-DE-EN.pdf\"><img fetchpriority=\"high\" decoding=\"async\" class=\"alignnone wp-image-1504 size-medium\" src=\"https:\/\/www.polymerpacker.de\/wp-content\/uploads\/2020\/08\/PDF-DOWNLOAD-250x400.jpg\" alt=\"\" width=\"250\" height=\"400\" srcset=\"https:\/\/www.polymerpacker.de\/wp-content\/uploads\/2020\/08\/PDF-DOWNLOAD-250x400.jpg 250w, https:\/\/www.polymerpacker.de\/wp-content\/uploads\/2020\/08\/PDF-DOWNLOAD-200x320.jpg 200w, https:\/\/www.polymerpacker.de\/wp-content\/uploads\/2020\/08\/PDF-DOWNLOAD-scaled-150x240.jpg 150w, https:\/\/www.polymerpacker.de\/wp-content\/uploads\/2020\/08\/PDF-DOWNLOAD-400x640.jpg 400w, https:\/\/www.polymerpacker.de\/wp-content\/uploads\/2020\/08\/PDF-DOWNLOAD-500x800.jpg 500w, https:\/\/www.polymerpacker.de\/wp-content\/uploads\/2020\/08\/PDF-DOWNLOAD-768x1228.jpg 768w, https:\/\/www.polymerpacker.de\/wp-content\/uploads\/2020\/08\/PDF-DOWNLOAD-961x1536.jpg 961w, https:\/\/www.polymerpacker.de\/wp-content\/uploads\/2020\/08\/PDF-DOWNLOAD-1281x2048.jpg 1281w, https:\/\/www.polymerpacker.de\/wp-content\/uploads\/2020\/08\/PDF-DOWNLOAD-scaled.jpg 1601w\" sizes=\"(max-width: 250px) 100vw, 250px\" \/><\/a><\/p>","protected":false},"excerpt":{"rendered":"<h3><strong>Injektionspakker kilepacker KP18KN til revnebredder fra 1,8 mm<\/strong><\/h3>\n<p><strong>Kilepakker af plast, 40 mm lang.<\/strong><\/p>\n<h4>Forbindelse: <strong>Konisk nippel af st\u00e5l DIN 71412<\/strong> med kontraventil, \u00e5bningstryk ca. <strong>10 bar<\/strong>.<\/h4>\n<p><strong>Gratis indpakningsv\u00e6rkt\u00f8j i hver pakke<\/strong><\/p>","protected":false},"featured_media":1811,"template":"","meta":[],"product_brand":[],"product_cat":[42,138],"product_tag":[129,139,196,198],"class_list":{"0":"post-1848","1":"product","2":"type-product","3":"status-publish","4":"has-post-thumbnail","6":"product_cat-injektion-packer-pumpen","7":"product_cat-injektions-keilpacker","8":"product_tag-injektionspacker-fuer-harz","9":"product_tag-keilpacker","10":"product_tag-injektionspacker-fuer-holzschutzmittel","11":"product_tag-injektionspacker-mit-kegelnippel","13":"first","14":"instock","15":"taxable","16":"shipping-taxable","17":"purchasable","18":"product-type-simple"},"tiered_pricing_type":"percentage","tiered_pricing_fixed_rules":[],"tiered_pricing_product_settings":{"layout":"default","base_unit_name":{"singular":null,"plural":null},"default_variation":null},"tiered_pricing_minimum_quantity":10,"tiered_pricing_roles_data":[],"tiered_pricing_percentage_rules":{"100":5,"1000":10},"tiered_pricing_maximum_quantity":null,"tiered_pricing_quantity_step":null,"_links":{"self":[{"href":"https:\/\/www.polymerpacker.de\/da\/wp-json\/wp\/v2\/product\/1848","targetHints":{"allow":["GET"]}}],"collection":[{"href":"https:\/\/www.polymerpacker.de\/da\/wp-json\/wp\/v2\/product"}],"about":[{"href":"https:\/\/www.polymerpacker.de\/da\/wp-json\/wp\/v2\/types\/product"}],"wp:featuredmedia":[{"embeddable":true,"href":"https:\/\/www.polymerpacker.de\/da\/wp-json\/wp\/v2\/media\/1811"}],"wp:attachment":[{"href":"https:\/\/www.polymerpacker.de\/da\/wp-json\/wp\/v2\/media?parent=1848"}],"wp:term":[{"taxonomy":"product_brand","embeddable":true,"href":"https:\/\/www.polymerpacker.de\/da\/wp-json\/wp\/v2\/product_brand?post=1848"},{"taxonomy":"product_cat","embeddable":true,"href":"https:\/\/www.polymerpacker.de\/da\/wp-json\/wp\/v2\/product_cat?post=1848"},{"taxonomy":"product_tag","embeddable":true,"href":"https:\/\/www.polymerpacker.de\/da\/wp-json\/wp\/v2\/product_tag?post=1848"}],"curies":[{"name":"wp","href":"https:\/\/api.w.org\/{rel}","templated":true}]}}