{"id":172,"date":"2014-08-09T22:18:44","date_gmt":"2014-08-09T22:18:44","guid":{"rendered":"http:\/\/uxthemes.wpengine.com\/product\/all-star-canvas-hi-converse\/"},"modified":"2026-04-15T16:01:00","modified_gmt":"2026-04-15T14:01:00","slug":"slibeskive-i-hardmetal-115-mm-design-flad","status":"publish","type":"product","link":"https:\/\/www.polymerpacker.de\/da\/produkt\/hartmetallsplitt-schleifscheibe-115-mm-ausfuehrung-plan\/","title":{"rendered":"Slibeskive i h\u00e5rdmetal 115 mm, flad version"},"content":{"rendered":"<h2>Slibeskive i h\u00e5rdmetal 115 mm, flad version<\/h2>\n<p><span style=\"font-size: 100%;\"><strong>Slibeskiver med karbidkorn<\/strong> fra Polymerpacker er kvalitetsv\u00e6rkt\u00f8j <em>\u201eMade in Germany\u201c <\/em>og <strong>rigtige probleml\u00f8sere<\/strong>.<\/span><\/p>\n<p><span style=\"font-size: 100%;\"><strong>Meget velegnet<\/strong> Til robust fjernelse af forskellige typer puds, maling, plastbel\u00e6gninger, bitumenbel\u00e6gninger, PVC og kl\u00e6berester fra murv\u00e6rk, beton, tr\u00e6 eller metaloverflader.<\/span><\/p>\n<p><span style=\"font-size: 100%;\"><strong>Meget velegnet<\/strong> Til robust bearbejdning (grovbearbejdning) af materialer som gasbeton, kalksandsten, sandsten, fiberplader, tr\u00e6, gummi og plast.<\/span><\/p>\n<p><span style=\"font-size: 100%;\"><strong>Godt egnet<\/strong> Til efterf\u00f8lgende opruening af glatte beton-, granit- eller marmoroverflader p\u00e5 trapper og reposer for at reducere risikoen for at glide.<\/span><\/p>\n<p><span style=\"color: #000000;\"><span style=\"font-family: Arial, sans-serif;\"><span style=\"font-size: medium;\"><b><span style=\"font-size: 100%;\">For yderligere information og sikkerhedsinstruktioner kan du downloade det tekniske datablad for dette produkt her.<\/span> <\/b><\/span><\/span><\/span><\/p>\n<p><a href=\"https:\/\/www.polymerpacker.de\/wp-content\/uploads\/2019\/05\/Hartmetallsplitt-Schleifscheiben-SicherheitsVerwendunghinweise-1833.pdf\"><img fetchpriority=\"high\" decoding=\"async\" class=\"alignnone size-medium wp-image-1504\" src=\"https:\/\/www.polymerpacker.de\/wp-content\/uploads\/2020\/08\/PDF-DOWNLOAD-250x400.jpg\" alt=\"\" width=\"250\" height=\"400\" srcset=\"https:\/\/www.polymerpacker.de\/wp-content\/uploads\/2020\/08\/PDF-DOWNLOAD-250x400.jpg 250w, https:\/\/www.polymerpacker.de\/wp-content\/uploads\/2020\/08\/PDF-DOWNLOAD-200x320.jpg 200w, https:\/\/www.polymerpacker.de\/wp-content\/uploads\/2020\/08\/PDF-DOWNLOAD-scaled-150x240.jpg 150w, https:\/\/www.polymerpacker.de\/wp-content\/uploads\/2020\/08\/PDF-DOWNLOAD-400x640.jpg 400w, https:\/\/www.polymerpacker.de\/wp-content\/uploads\/2020\/08\/PDF-DOWNLOAD-500x800.jpg 500w, https:\/\/www.polymerpacker.de\/wp-content\/uploads\/2020\/08\/PDF-DOWNLOAD-768x1228.jpg 768w, https:\/\/www.polymerpacker.de\/wp-content\/uploads\/2020\/08\/PDF-DOWNLOAD-961x1536.jpg 961w, https:\/\/www.polymerpacker.de\/wp-content\/uploads\/2020\/08\/PDF-DOWNLOAD-1281x2048.jpg 1281w, https:\/\/www.polymerpacker.de\/wp-content\/uploads\/2020\/08\/PDF-DOWNLOAD-scaled.jpg 1601w\" sizes=\"(max-width: 250px) 100vw, 250px\" \/><\/a><\/p>","protected":false},"excerpt":{"rendered":"<p>Slibeskive med karbidkorn <strong>til vinkelsliber 115 mm.<\/strong><br \/>\nF\u00e5s med kornst\u00f8rrelse: 1,4 - 1,8 mm (fin) 1,8 - 2,2 mm (medium) 2,2 - 3,2 mm (grov) 3,2 - 4,5 mm (meget grov)<\/p>\n<p><strong>Udf\u00f8relsesplan:<\/strong><br \/>\nTil slibning eller til at skabe j\u00e6vne, flade overflader.<\/p>","protected":false},"featured_media":689,"template":"","meta":[],"product_brand":[],"product_cat":[47],"product_tag":[105,106,107,108],"class_list":{"0":"post-172","1":"product","2":"type-product","3":"status-publish","4":"has-post-thumbnail","6":"product_cat-hartmetallsplitt-schleifscheiben","7":"product_tag-hartmetallsplitt-schleifscheiben","8":"product_tag-bitumen-abschleifen","9":"product_tag-kleber-abschleifen","10":"product_tag-harzreste-abschleifen","12":"first","13":"instock","14":"taxable","15":"shipping-taxable","16":"purchasable","17":"product-type-variable"},"tiered_pricing_type":"fixed","tiered_pricing_fixed_rules":[],"tiered_pricing_product_settings":{"layout":"default","base_unit_name":{"singular":null,"plural":null},"default_variation":null},"tiered_pricing_minimum_quantity":null,"tiered_pricing_roles_data":[],"tiered_pricing_percentage_rules":[],"tiered_pricing_maximum_quantity":null,"tiered_pricing_quantity_step":null,"_links":{"self":[{"href":"https:\/\/www.polymerpacker.de\/da\/wp-json\/wp\/v2\/product\/172","targetHints":{"allow":["GET"]}}],"collection":[{"href":"https:\/\/www.polymerpacker.de\/da\/wp-json\/wp\/v2\/product"}],"about":[{"href":"https:\/\/www.polymerpacker.de\/da\/wp-json\/wp\/v2\/types\/product"}],"wp:featuredmedia":[{"embeddable":true,"href":"https:\/\/www.polymerpacker.de\/da\/wp-json\/wp\/v2\/media\/689"}],"wp:attachment":[{"href":"https:\/\/www.polymerpacker.de\/da\/wp-json\/wp\/v2\/media?parent=172"}],"wp:term":[{"taxonomy":"product_brand","embeddable":true,"href":"https:\/\/www.polymerpacker.de\/da\/wp-json\/wp\/v2\/product_brand?post=172"},{"taxonomy":"product_cat","embeddable":true,"href":"https:\/\/www.polymerpacker.de\/da\/wp-json\/wp\/v2\/product_cat?post=172"},{"taxonomy":"product_tag","embeddable":true,"href":"https:\/\/www.polymerpacker.de\/da\/wp-json\/wp\/v2\/product_tag?post=172"}],"curies":[{"name":"wp","href":"https:\/\/api.w.org\/{rel}","templated":true}]}}