{"id":1058,"date":"2020-05-04T17:38:18","date_gmt":"2020-05-04T15:38:18","guid":{"rendered":"http:\/\/b38jwy.myraidbox.de\/?post_type=product&#038;p=1058"},"modified":"2026-04-15T16:01:02","modified_gmt":"2026-04-15T14:01:02","slug":"injektionspakker-sps10100-til-borehul-10-mm","status":"publish","type":"product","link":"https:\/\/www.polymerpacker.de\/da\/produkt\/injektionspacker-sps10100-fuer-bohrloch-10-mm\/","title":{"rendered":"Injektionspakker SPS10100 til 10 mm borehul"},"content":{"rendered":"<h3><strong><span style=\"color: #000000;\"><span style=\"font-family: Arial, sans-serif;\"><span style=\"font-size: medium;\">Injektionspakker SPS10100 til 10 mm borehul<\/span><\/span><\/span><\/strong><\/h3>\n<p><span style=\"color: #000000;\"><span style=\"font-family: Arial, sans-serif;\"><span style=\"font-size: medium;\"><b>Skruepakker i st\u00e5l med udvidet fastsp\u00e6ndingsomr\u00e5de <\/b><\/span><\/span><\/span><span style=\"color: #000000;\"><span style=\"font-family: Arial, sans-serif;\"><span style=\"font-size: medium;\">Til brug i upr\u00e6cise, overdimensionerede, flossede eller urunde borehuller i alle almindelige byggematerialer som beton, hule blokke, mursten og sandsten. Kan bruges til indspr\u00f8jtning af epoxyharpiks, polyuretanharpiks og silikoneemulsion. Til brug i m\u00e5lfaste borehuller i faste byggematerialer som beton, granit, basalt, sandsten, egnet til indspr\u00f8jtningstryk p\u00e5 op til 150 bar.<\/span><\/span><\/span><\/p>\n<p><span style=\"color: #000000;\"><span style=\"font-family: Arial, sans-serif;\"><span style=\"font-size: medium;\"><b>For yderligere information og sikkerhedsinstruktioner kan du downloade det tekniske datablad for dette produkt her. <\/b><\/span><\/span><\/span><\/p>\n<p><a href=\"https:\/\/www.polymerpacker.de\/wp-content\/uploads\/2023\/09\/Polymerpacker-TM-SPS10100-DE-EN.pdf\"><img fetchpriority=\"high\" decoding=\"async\" class=\"alignnone wp-image-1504 size-medium\" src=\"https:\/\/www.polymerpacker.de\/wp-content\/uploads\/2020\/08\/PDF-DOWNLOAD-250x400.jpg\" alt=\"\" width=\"250\" height=\"400\" srcset=\"https:\/\/www.polymerpacker.de\/wp-content\/uploads\/2020\/08\/PDF-DOWNLOAD-250x400.jpg 250w, https:\/\/www.polymerpacker.de\/wp-content\/uploads\/2020\/08\/PDF-DOWNLOAD-200x320.jpg 200w, https:\/\/www.polymerpacker.de\/wp-content\/uploads\/2020\/08\/PDF-DOWNLOAD-scaled-150x240.jpg 150w, https:\/\/www.polymerpacker.de\/wp-content\/uploads\/2020\/08\/PDF-DOWNLOAD-400x640.jpg 400w, https:\/\/www.polymerpacker.de\/wp-content\/uploads\/2020\/08\/PDF-DOWNLOAD-500x800.jpg 500w, https:\/\/www.polymerpacker.de\/wp-content\/uploads\/2020\/08\/PDF-DOWNLOAD-768x1228.jpg 768w, https:\/\/www.polymerpacker.de\/wp-content\/uploads\/2020\/08\/PDF-DOWNLOAD-961x1536.jpg 961w, https:\/\/www.polymerpacker.de\/wp-content\/uploads\/2020\/08\/PDF-DOWNLOAD-1281x2048.jpg 1281w, https:\/\/www.polymerpacker.de\/wp-content\/uploads\/2020\/08\/PDF-DOWNLOAD-scaled.jpg 1601w\" sizes=\"(max-width: 250px) 100vw, 250px\" \/><\/a><\/p>","protected":false},"excerpt":{"rendered":"<h3><strong>Injektionspakker SPS10100 til 10 mm borehul<\/strong><\/h3>\n<p><strong><b>Skruepakker i st\u00e5l med udvidet fastsp\u00e6ndingsomr\u00e5de<\/b>, 100 mm lang. <\/strong>Gummihylster <strong>40 mm<\/strong> lang med langsg\u00e5ende riller for at forhindre rotation, n\u00e5r pakkeren sp\u00e6ndes fast i borehullet. <span style=\"color: #00ccff;\"><strong>Sp\u00e6ndem\u00f8trik med 8 mm sekskant.<\/strong><\/span><\/p>\n<h4>Forbindelse: <strong>Konisk nippel af st\u00e5l DIN 71412<\/strong> med kontraventil \u00c5bningstryk ca. <strong>10 bar<\/strong>.<\/h4>\n<h4><strong>\u00a0<\/strong><\/h4>","protected":false},"featured_media":3431,"template":"","meta":[],"product_brand":[],"product_cat":[42,83],"product_tag":[198,91,129],"class_list":{"0":"post-1058","1":"product","2":"type-product","3":"status-publish","4":"has-post-thumbnail","6":"product_cat-injektion-packer-pumpen","7":"product_cat-injektionspacker-10-mm","8":"product_tag-injektionspacker-mit-kegelnippel","9":"product_tag-injektionspacker-fuer-bohrung-10-mm","10":"product_tag-injektionspacker-fuer-harz","12":"first","13":"instock","14":"taxable","15":"shipping-taxable","16":"purchasable","17":"product-type-simple"},"tiered_pricing_type":"percentage","tiered_pricing_fixed_rules":[],"tiered_pricing_product_settings":{"layout":"default","base_unit_name":{"singular":null,"plural":null},"default_variation":null},"tiered_pricing_minimum_quantity":10,"tiered_pricing_roles_data":[],"tiered_pricing_percentage_rules":{"100":5,"1000":10},"tiered_pricing_maximum_quantity":null,"tiered_pricing_quantity_step":null,"_links":{"self":[{"href":"https:\/\/www.polymerpacker.de\/da\/wp-json\/wp\/v2\/product\/1058","targetHints":{"allow":["GET"]}}],"collection":[{"href":"https:\/\/www.polymerpacker.de\/da\/wp-json\/wp\/v2\/product"}],"about":[{"href":"https:\/\/www.polymerpacker.de\/da\/wp-json\/wp\/v2\/types\/product"}],"wp:featuredmedia":[{"embeddable":true,"href":"https:\/\/www.polymerpacker.de\/da\/wp-json\/wp\/v2\/media\/3431"}],"wp:attachment":[{"href":"https:\/\/www.polymerpacker.de\/da\/wp-json\/wp\/v2\/media?parent=1058"}],"wp:term":[{"taxonomy":"product_brand","embeddable":true,"href":"https:\/\/www.polymerpacker.de\/da\/wp-json\/wp\/v2\/product_brand?post=1058"},{"taxonomy":"product_cat","embeddable":true,"href":"https:\/\/www.polymerpacker.de\/da\/wp-json\/wp\/v2\/product_cat?post=1058"},{"taxonomy":"product_tag","embeddable":true,"href":"https:\/\/www.polymerpacker.de\/da\/wp-json\/wp\/v2\/product_tag?post=1058"}],"curies":[{"name":"wp","href":"https:\/\/api.w.org\/{rel}","templated":true}]}}