{"id":291,"date":"2019-04-16T08:45:56","date_gmt":"2019-04-16T08:45:56","guid":{"rendered":"http:\/\/b38jwy.myraidbox.de\/?page_id=291"},"modified":"2022-08-24T15:33:23","modified_gmt":"2022-08-24T13:33:23","slug":"aftryk","status":"publish","type":"page","link":"https:\/\/www.polymerpacker.de\/da\/impressum\/","title":{"rendered":"P\u00e5tryk"},"content":{"rendered":"<h3 class=\"wp-block-heading\" id=\"h-polymerpacker-werkzeuge-fur-die-bausanierung\">Polymerpacker - V\u00e6rkt\u00f8j til bygningsrenovering<\/h3>\n\n\n\n<p><strong>Polymerpacker GmbH &amp; Co. KG<\/strong><br>Am Fuldaer Kreuz 9<br>DE 97786 Motten<br>Telefon +49 9748 863 99 20<br><a href=\"mailto:rmoeller@polymerpacker.de\">info@polymerpacker.de<\/a><\/p>\n\n\n\n<p>Personligt ansvarlig partner: Polymerpacker Beteiligungs GmbH<\/p>\n\n\n\n<p>Registreringsdomstol: Schweinfurt HRA 9867 HRB 7602<\/p>\n\n\n\n<p>Administrerende direkt\u00f8r: R\u00fcdiger M\u00f6ller (CEO)<\/p>\n\n\n\n<p>MOMS-ID: DE 313477910<\/p>\n\n\n\n<p>Ansvarlig i henhold til \u00a7 5 TMG og ansvarlig i henhold til \u00a7 55 Abs. 2 RStV: R\u00fcdiger M\u00f6ller. &nbsp; <a href=\"https:\/\/www.polymerpacker.de\/da\/\">www.polymerpacker.de<\/a><\/p>\n\n\n\n<p><strong>Ansvarsfraskrivelse:<\/strong><br>Ophavsret<br>Alle artikler og illustrationer, der offentligg\u00f8res p\u00e5 dette websted, er beskyttet af ophavsret. Enhver brug kr\u00e6ver forudg\u00e5ende samtykke, is\u00e6r kopiering, redigering, behandling, lagring, overs\u00e6ttelse eller reproduktion af databaser eller andre elektroniske medier og systemer.<br>Fotokopier og downloads m\u00e5 kun foretages til personlig, privat og ikke-kommerciel brug.<\/p>\n\n\n\n<p><strong>e-mail:<\/strong><br>Kommunikation via e-mail kan have sikkerhedshuller. Hvis du kommunikerer med os via e-mail, g\u00e5r vi ud fra, at vi ogs\u00e5 kan svare dig via e-mail. Hvis du ikke \u00f8nsker, at vi skal g\u00f8re det, skal du informere os om det.<\/p>\n\n\n\n<p><strong>Eksterne links:<\/strong><br>Indholdet af eksterne hjemmesider, som vi direkte eller indirekte henviser til p\u00e5 vores hjemmeside (via \u201ehyperlinks\u201c eller \u201edybe links\u201c), ligger uden for vores ansvarsomr\u00e5de, og vi g\u00f8r os det ikke til vores eget. Vi kan dog erkl\u00e6re, at der ikke var noget ulovligt indhold p\u00e5 de linkede hjemmesider p\u00e5 det tidspunkt, hvor linkene blev oprettet. Vi har ingen som helst indflydelse p\u00e5 den nuv\u00e6rende og fremtidige udformning, indhold eller forfatterskab af de linkede hjemmesider. Vi tager derfor udtrykkeligt afstand fra alt indhold p\u00e5 alle linkede hjemmesider, der er blevet \u00e6ndret efter oprettelsen af linket. Denne erkl\u00e6ring g\u00e6lder for alle links og henvisninger p\u00e5 vores egen hjemmeside. Udbyderen af den linkede hjemmeside er alene ansvarlig for ulovligt, ukorrekt eller ufuldst\u00e6ndigt indhold og is\u00e6r for skader, der opst\u00e5r som f\u00f8lge af brugen af de oplysninger, der er tilg\u00e6ngelige p\u00e5 de linkede hjemmesider. Hvis vi bliver opm\u00e6rksomme p\u00e5 ulovligt, retsstridigt eller ukorrekt indhold p\u00e5 hjemmesider, som vi linker til, vil vi fjerne linket.<\/p>\n\n\n\n<p><strong>Databeskyttelse:<\/strong><\/p>\n\n\n\n<p><a href=\"\/da\/databeskyttelse\/\">Klik her for at se vores information om databeskyttelse.<\/a><\/p>\n\n\n<div class=\"woocommerce woocommerce-gzd woocommerce-gzd-complaints-shortcode\">\n\t\t\t<h3>Alternativ tvistbil\u00e6ggelse i overensstemmelse med art. 14 (1) ODR-VO og \u00a7 36 VSBG:<\/h3>\n\t\nVi er ikke forpligtet til eller villige til at deltage i tvistbil\u00e6ggelsesprocedurer ved et forbrugervoldgiftsn\u00e6vn.<\/div>\n\n\n<p><\/p>","protected":false},"excerpt":{"rendered":"<p>Polymerpacker &#8211;&nbsp;Werkzeuge f\u00fcr die Bausanierung Polymerpacker GmbH &amp; Co. KGAm Fuldaer Kreuz 9DE 97786 MottenTel. +49 9748 863 99 20info@polymerpacker.de Pers\u00f6nlich haftende Gesellschafterin: Polymerpacker Beteiligungs GmbH Registriergericht: Schweinfurt&nbsp; HRA 9867&nbsp; HRB 7602 Gesch\u00e4ftsf\u00fchrer: R\u00fcdiger M\u00f6ller (CEO) Ust.ID: DE 313477910 Verantwortlicher nach \u00a75 TMG und Verantwortlicher i.S.d. \u00a7 55 Abs. 2 RStV:&nbsp; R\u00fcdiger M\u00f6ller. &nbsp; www.polymerpacker.de [&hellip;]<\/p>\n","protected":false},"author":1,"featured_media":0,"parent":0,"menu_order":0,"comment_status":"closed","ping_status":"closed","template":"","meta":{"footnotes":""},"class_list":["post-291","page","type-page","status-publish","hentry"],"_links":{"self":[{"href":"https:\/\/www.polymerpacker.de\/da\/wp-json\/wp\/v2\/pages\/291","targetHints":{"allow":["GET"]}}],"collection":[{"href":"https:\/\/www.polymerpacker.de\/da\/wp-json\/wp\/v2\/pages"}],"about":[{"href":"https:\/\/www.polymerpacker.de\/da\/wp-json\/wp\/v2\/types\/page"}],"author":[{"embeddable":true,"href":"https:\/\/www.polymerpacker.de\/da\/wp-json\/wp\/v2\/users\/1"}],"replies":[{"embeddable":true,"href":"https:\/\/www.polymerpacker.de\/da\/wp-json\/wp\/v2\/comments?post=291"}],"version-history":[{"count":0,"href":"https:\/\/www.polymerpacker.de\/da\/wp-json\/wp\/v2\/pages\/291\/revisions"}],"wp:attachment":[{"href":"https:\/\/www.polymerpacker.de\/da\/wp-json\/wp\/v2\/media?parent=291"}],"curies":[{"name":"wp","href":"https:\/\/api.w.org\/{rel}","templated":true}]}}