{"id":2521,"date":"2022-08-16T16:15:04","date_gmt":"2022-08-16T14:15:04","guid":{"rendered":"https:\/\/www.polymerpacker.de\/?page_id=2521"},"modified":"2023-05-12T11:57:48","modified_gmt":"2023-05-12T09:57:48","slug":"afsendelse-af-betaling","status":"publish","type":"page","link":"https:\/\/www.polymerpacker.de\/da\/versand-zahlung\/","title":{"rendered":"Forsendelse - betaling - returnering"},"content":{"rendered":"<h3 class=\"wp-block-heading\"><\/h3>\n\n\n\n<p>K\u00e6re kunde,<\/p>\n\n\n\n<p>Du kan afgive din bestilling i vores webshop p\u00e5<strong> \u201eCheck ud\u201c<\/strong> ved at indtaste leveringsadressen <strong>(Land)<\/strong> kan leveres til alle EU-lande.<\/p>\n\n\n\n<p>\u00d8strig, Belgien, Bulgarien, Kroatien, Cypern, Tjekkiet, Danmark, Estland, Finland, Frankrig, Tyskland, Gr\u00e6kenland, Ungarn, Irland, Italien, Letland, Litauen, Luxembourg, Malta, Holland, Polen, Rum\u00e6nien, Slovakiet, Slovenien, Spanien, Sverige.<\/p>\n\n\n\n<p>Hvis du \u00f8nsker levering til et land uden for EU, bedes du kontakte os.<\/p>\n\n\n\n<h3 class=\"wp-block-heading\">Forsendelse<\/h3>\n\n\n\n<p>Vi sender udelukkende med UPS (United Parcel Service).<\/p>\n\n\n\n<p><strong>For at sikre, at din ordre leveres s\u00e5 problemfrit som muligt, bedes du angive et telefonnummer ved check-out, hvor du kan kontaktes af UPS-pakkeservicemedarbejderen i tilf\u00e6lde af leveringsproblemer.<\/strong><\/p>\n\n\n\n<h3 class=\"wp-block-heading\">Forsendelsesomkostninger<\/h3>\n\n\n\n<p>Vi opkr\u00e6ver kun de fragtomkostninger, som pakkeserviceudbyderen (UPS) har faktureret os som forsendelsesomkostninger. For hver ordre beregnes forsendelsesomkostningerne for det leveringsland, du har angivet, automatisk.<\/p>\n\n\n\n<h3 class=\"wp-block-heading\">Merv\u00e6rdiafgift<\/h3>\n\n\n\n<p>For hver ordre beregnes automatisk den lovpligtige moms i det leveringsland, du angiver, i overensstemmelse med EU-reglerne.<\/p>\n\n\n\n<h4 class=\"wp-block-heading\">For en momsfri eksportlevering skal du indtaste dit momsregistreringsnummer ved check-out.<\/h4>\n\n\n\n<h3 class=\"wp-block-heading\">Leveringstider<\/h3>\n\n\n\n<p>Alle ordrer behandles af os inden for en til to arbejdsdage og overdrages til forsendelsesleverand\u00f8ren (UPS).<\/p>\n\n\n\n<p>S\u00e5 snart vi har overdraget din forsendelse til fragtleverand\u00f8ren (UPS), modtager du en e-mail fra os med <strong>Dit UPS-sporingsnummer.<\/strong><\/p>\n\n\n\n<p><strong>Hvis du gerne vil f\u00f8lge udviklingen i din forsendelse, skal du klikke p\u00e5 linket i e-mailen til UPS' hjemmeside og indtaste dit forsendelsesnummer.<\/strong><\/p>\n\n\n\n<p><\/p>\n\n\n\n<h3 class=\"wp-block-heading\">Betalingsmuligheder<\/h3>\n\n\n\n<p>F\u00f8lgende betalingsmuligheder er tilg\u00e6ngelige for dig<\/p>\n\n\n\n<p><strong>Forudbetaling via bankoverf\u00f8rsel<\/strong><\/p>\n\n\n\n<p><strong>Betaling via PayPal<\/strong><br><br><strong>Via Stripe<\/strong><br>Betaling med kreditkort<br>Betaling via Google pay<\/p>\n\n\n\n<h3 class=\"wp-block-heading\">Returnering (tilbagelevering af varer)<\/h3>\n\n\n\n<p>Hvis du \u00f8nsker at returnere varer, der er leveret af os, skal du sende varerne tilbage til os fragtfrit. Vedl\u00e6g venligst en kopi af vores f\u00f8lgeseddel med din returnering, m\u00e6rket \u201eRetur\u201c. N\u00e5r vi har modtaget varerne, refunderer vi k\u00f8bsprisen s\u00e5 hurtigt som muligt. Bem\u00e6rk, at vi kun kan acceptere returnering af ubrugte varer i deres originale emballage.<\/p>\n\n\n\n<p><strong>Tak for din interesse i vores produkter<\/strong><\/p>\n\n\n\n<p><strong>Polymerpacker GmbH &amp; Co. KG<\/strong><br>Am Fuldaer Kreuz 9<br>DE 97786 Motten<br>Telefon +49 9748 863 99 20<br><a href=\"mailto:rmoeller@polymerpacker.de\">info@polymerpacker.de<\/a><\/p>","protected":false},"excerpt":{"rendered":"<p>Sehr geehrter Kunde, Ihre Bestellung in unserem Webshop k\u00f6nnen Sie beim \u201eCheck-out\u201c durch Eingabe der Lieferadresse (Land) in alle EU-L\u00e4nder ausliefern lassen. Belgien, Bulgarien, D\u00e4nemark, Deutschland, Estland, Finnland, Frankreich, Griechenland, Irland, Italien, Kroatien, Lettland, Litauen, Luxemburg, Malta, Niederlande, \u00d6sterreich, Polen, Rum\u00e4nien, Schweden, Slowakei, Slowenien, Spanien, Tschechien, Ungarn, Zypern. Wenn Sie eine Lieferung in ein nicht [&hellip;]<\/p>\n","protected":false},"author":1,"featured_media":0,"parent":0,"menu_order":0,"comment_status":"closed","ping_status":"closed","template":"","meta":{"footnotes":""},"class_list":["post-2521","page","type-page","status-publish","hentry"],"_links":{"self":[{"href":"https:\/\/www.polymerpacker.de\/da\/wp-json\/wp\/v2\/pages\/2521","targetHints":{"allow":["GET"]}}],"collection":[{"href":"https:\/\/www.polymerpacker.de\/da\/wp-json\/wp\/v2\/pages"}],"about":[{"href":"https:\/\/www.polymerpacker.de\/da\/wp-json\/wp\/v2\/types\/page"}],"author":[{"embeddable":true,"href":"https:\/\/www.polymerpacker.de\/da\/wp-json\/wp\/v2\/users\/1"}],"replies":[{"embeddable":true,"href":"https:\/\/www.polymerpacker.de\/da\/wp-json\/wp\/v2\/comments?post=2521"}],"version-history":[{"count":0,"href":"https:\/\/www.polymerpacker.de\/da\/wp-json\/wp\/v2\/pages\/2521\/revisions"}],"wp:attachment":[{"href":"https:\/\/www.polymerpacker.de\/da\/wp-json\/wp\/v2\/media?parent=2521"}],"curies":[{"name":"wp","href":"https:\/\/api.w.org\/{rel}","templated":true}]}}