{"id":944,"date":"2020-01-06T20:05:46","date_gmt":"2020-01-06T19:05:46","guid":{"rendered":"http:\/\/b38jwy.myraidbox.de\/?post_type=product&#038;p=944"},"modified":"2026-04-18T12:57:01","modified_gmt":"2026-04-18T10:57:01","slug":"uchytna-spojka-pro-kuzelovou-vsuvku","status":"publish","type":"product","link":"https:\/\/www.polymerpacker.de\/cs\/produkt\/greifkupplung-fuer-kegelnippel\/","title":{"rendered":"P\u0159ipojovac\u00ed spojka (\u00fachytn\u00e1 spojka) pro ku\u017eelovou vsuvku"},"content":{"rendered":"<h2><strong>P\u0159ipojovac\u00ed spojka (\u00fachytn\u00e1 spojka) pro ku\u017eelovou vsuvku<\/strong><\/h2>\n<p><strong>Standardn\u00ed p\u0159ipojovac\u00ed syst\u00e9m pro vst\u0159ikovac\u00ed p\u011bchy.<\/strong><\/p>\n<p>Lze pou\u017e\u00edt pro vst\u0159ikov\u00e1n\u00ed epoxidov\u00e9 prysky\u0159ice, polyuretanov\u00e9 prysky\u0159ice, akryl\u00e1tov\u00e9ho gelu, silikonov\u00e9 emulze. <strong>Pro maxim\u00e1ln\u00ed vst\u0159ikovac\u00ed tlaky a\u017e 250 bar\u016f.<\/strong><\/p>\n<p><b>Dal\u0161\u00ed informace a bezpe\u010dnostn\u00ed pokyny naleznete v technick\u00e9m listu tohoto v\u00fdrobku, kter\u00fd si m\u016f\u017eete st\u00e1hnout zde. <\/b><\/p>\n<p><a href=\"https:\/\/www.polymerpacker.de\/wp-content\/uploads\/2024\/01\/Polymerpacker-TM-KNKG18-DE-EN.pdf\"><img fetchpriority=\"high\" decoding=\"async\" class=\"alignnone wp-image-1504 size-medium\" src=\"https:\/\/www.polymerpacker.de\/wp-content\/uploads\/2020\/08\/PDF-DOWNLOAD-250x400.jpg\" alt=\"\" width=\"250\" height=\"400\" srcset=\"https:\/\/www.polymerpacker.de\/wp-content\/uploads\/2020\/08\/PDF-DOWNLOAD-250x400.jpg 250w, https:\/\/www.polymerpacker.de\/wp-content\/uploads\/2020\/08\/PDF-DOWNLOAD-200x320.jpg 200w, https:\/\/www.polymerpacker.de\/wp-content\/uploads\/2020\/08\/PDF-DOWNLOAD-scaled-150x240.jpg 150w, https:\/\/www.polymerpacker.de\/wp-content\/uploads\/2020\/08\/PDF-DOWNLOAD-400x640.jpg 400w, https:\/\/www.polymerpacker.de\/wp-content\/uploads\/2020\/08\/PDF-DOWNLOAD-500x800.jpg 500w, https:\/\/www.polymerpacker.de\/wp-content\/uploads\/2020\/08\/PDF-DOWNLOAD-768x1228.jpg 768w, https:\/\/www.polymerpacker.de\/wp-content\/uploads\/2020\/08\/PDF-DOWNLOAD-961x1536.jpg 961w, https:\/\/www.polymerpacker.de\/wp-content\/uploads\/2020\/08\/PDF-DOWNLOAD-1281x2048.jpg 1281w, https:\/\/www.polymerpacker.de\/wp-content\/uploads\/2020\/08\/PDF-DOWNLOAD-scaled.jpg 1601w\" sizes=\"(max-width: 250px) 100vw, 250px\" \/><\/a><\/p>","protected":false},"excerpt":{"rendered":"<h3><strong>P\u0159ipojovac\u00ed spojka KNKG18<\/strong><\/h3>\n<p><strong>Uchopovac\u00ed spojka pro ku\u017eelovou vsuvku<\/strong> <strong>DIN 71412<\/strong>.<\/p>\n<h4>P\u0159ipojen\u00ed: <strong>Vnit\u0159n\u00ed z\u00e1vit G1\/8\u2033<\/strong>, voln\u00fd pr\u016fchod <strong>\u00d8 2 mm<\/strong>, Hlin\u00edkov\u00fd t\u011bsnic\u00ed krou\u017eek je sou\u010d\u00e1st\u00ed dod\u00e1vky.<\/h4>","protected":false},"featured_media":907,"template":"","meta":[],"product_brand":[],"product_cat":[42,121],"product_tag":[119,122,198],"class_list":{"0":"post-944","1":"product","2":"type-product","3":"status-publish","4":"has-post-thumbnail","6":"product_cat-injektion-packer-pumpen","7":"product_cat-injektionspacker-anschliessen","8":"product_tag-kupplung-fuer-kegelnippel","9":"product_tag-injektionspacker-an-pumpen-anschliessen","10":"product_tag-injektionspacker-mit-kegelnippel","12":"first","13":"instock","14":"taxable","15":"shipping-taxable","16":"purchasable","17":"product-type-simple"},"tiered_pricing_type":"percentage","tiered_pricing_fixed_rules":[],"tiered_pricing_product_settings":{"layout":"default","base_unit_name":{"singular":null,"plural":null},"default_variation":null},"tiered_pricing_minimum_quantity":null,"tiered_pricing_roles_data":[],"tiered_pricing_percentage_rules":{"5":5,"10":10},"tiered_pricing_maximum_quantity":null,"tiered_pricing_quantity_step":null,"_links":{"self":[{"href":"https:\/\/www.polymerpacker.de\/cs\/wp-json\/wp\/v2\/product\/944","targetHints":{"allow":["GET"]}}],"collection":[{"href":"https:\/\/www.polymerpacker.de\/cs\/wp-json\/wp\/v2\/product"}],"about":[{"href":"https:\/\/www.polymerpacker.de\/cs\/wp-json\/wp\/v2\/types\/product"}],"wp:featuredmedia":[{"embeddable":true,"href":"https:\/\/www.polymerpacker.de\/cs\/wp-json\/wp\/v2\/media\/907"}],"wp:attachment":[{"href":"https:\/\/www.polymerpacker.de\/cs\/wp-json\/wp\/v2\/media?parent=944"}],"wp:term":[{"taxonomy":"product_brand","embeddable":true,"href":"https:\/\/www.polymerpacker.de\/cs\/wp-json\/wp\/v2\/product_brand?post=944"},{"taxonomy":"product_cat","embeddable":true,"href":"https:\/\/www.polymerpacker.de\/cs\/wp-json\/wp\/v2\/product_cat?post=944"},{"taxonomy":"product_tag","embeddable":true,"href":"https:\/\/www.polymerpacker.de\/cs\/wp-json\/wp\/v2\/product_tag?post=944"}],"curies":[{"name":"wp","href":"https:\/\/api.w.org\/{rel}","templated":true}]}}