{"id":942,"date":"2020-01-06T19:58:20","date_gmt":"2020-01-06T18:58:20","guid":{"rendered":"http:\/\/b38jwy.myraidbox.de\/?post_type=product&#038;p=942"},"modified":"2026-04-15T16:01:00","modified_gmt":"2026-04-15T14:01:00","slug":"zasuvna-spojka-stlaceneho-vzduchu-dlkg14","status":"publish","type":"product","link":"https:\/\/www.polymerpacker.de\/cs\/produkt\/druckluft-steckkupplung-dlkg14\/","title":{"rendered":"Z\u00e1suvn\u00e1 spojka stla\u010den\u00e9ho vzduchu DLKG14 pro eurohubice"},"content":{"rendered":"<h3>Z\u00e1suvn\u00e1 spojka pro stla\u010den\u00fd vzduch DLKG14<\/h3>\n<p><strong>\u0160iroce pou\u017e\u00edvan\u00fd spojovac\u00ed syst\u00e9m pro vst\u0159ikovac\u00ed p\u011bchy. <\/strong>Pro pou\u017eit\u00ed p\u0159i n\u00edzkotlak\u00e9m vst\u0159ikov\u00e1n\u00ed nebo tlakov\u00e9 impregnaci epoxidovou prysky\u0159ic\u00ed, polyuretanovou prysky\u0159ic\u00ed, silik\u00e1tov\u00fdm kr\u00e9mem, silikonovou emulz\u00ed, mikroemulz\u00ed, vodn\u00fdmi roztoky. Silikoniza\u010dn\u00ed \u010dinidlo, protipl\u00eds\u0148ov\u00e9 \u010dinidlo. <strong>Pro maxim\u00e1ln\u00ed vst\u0159ikovac\u00ed tlaky a\u017e 30 bar\u016f.<\/strong><\/p>\n<p>&nbsp;<\/p>\n<p><span style=\"font-family: Arial, sans-serif;\"><span style=\"font-size: medium;\"><span style=\"color: #000000;\">\u00a0<\/span><\/span><\/span><\/p>","protected":false},"excerpt":{"rendered":"<h3>Z\u00e1suvn\u00e1 spojka pro stla\u010den\u00fd vzduch DLKG14<\/h3>\n<p><strong>Z\u00e1suvn\u00e1 spojka<\/strong> pro <strong>Euro vsuvka pro stla\u010den\u00fd vzduch DIN 14152<\/strong>, NW 7,2 mm.<\/p>\n<h4>P\u0159ipojen\u00ed: <strong>Vn\u011bj\u0161\u00ed z\u00e1vit G1\/4<\/strong><strong>\u201c <\/strong>voln\u00fd pr\u016fchod<strong> \u00d8 7 mm, <\/strong>Hlin\u00edkov\u00fd t\u011bsnic\u00ed krou\u017eek je sou\u010d\u00e1st\u00ed dod\u00e1vky.<\/h4>","protected":false},"featured_media":902,"template":"","meta":[],"product_brand":[],"product_cat":[42,121],"product_tag":[117,122,197],"class_list":{"0":"post-942","1":"product","2":"type-product","3":"status-publish","4":"has-post-thumbnail","6":"product_cat-injektion-packer-pumpen","7":"product_cat-injektionspacker-anschliessen","8":"product_tag-kupplung-fuer-druckluft-euro-nippel","9":"product_tag-injektionspacker-an-pumpen-anschliessen","10":"product_tag-injektionspacker-mit-druckluftnippel","12":"first","13":"instock","14":"taxable","15":"shipping-taxable","16":"purchasable","17":"product-type-simple"},"tiered_pricing_type":"percentage","tiered_pricing_fixed_rules":[],"tiered_pricing_product_settings":{"layout":"default","base_unit_name":{"singular":null,"plural":null},"default_variation":null},"tiered_pricing_minimum_quantity":null,"tiered_pricing_roles_data":[],"tiered_pricing_percentage_rules":{"5":5,"10":10},"tiered_pricing_maximum_quantity":null,"tiered_pricing_quantity_step":null,"_links":{"self":[{"href":"https:\/\/www.polymerpacker.de\/cs\/wp-json\/wp\/v2\/product\/942","targetHints":{"allow":["GET"]}}],"collection":[{"href":"https:\/\/www.polymerpacker.de\/cs\/wp-json\/wp\/v2\/product"}],"about":[{"href":"https:\/\/www.polymerpacker.de\/cs\/wp-json\/wp\/v2\/types\/product"}],"wp:featuredmedia":[{"embeddable":true,"href":"https:\/\/www.polymerpacker.de\/cs\/wp-json\/wp\/v2\/media\/902"}],"wp:attachment":[{"href":"https:\/\/www.polymerpacker.de\/cs\/wp-json\/wp\/v2\/media?parent=942"}],"wp:term":[{"taxonomy":"product_brand","embeddable":true,"href":"https:\/\/www.polymerpacker.de\/cs\/wp-json\/wp\/v2\/product_brand?post=942"},{"taxonomy":"product_cat","embeddable":true,"href":"https:\/\/www.polymerpacker.de\/cs\/wp-json\/wp\/v2\/product_cat?post=942"},{"taxonomy":"product_tag","embeddable":true,"href":"https:\/\/www.polymerpacker.de\/cs\/wp-json\/wp\/v2\/product_tag?post=942"}],"curies":[{"name":"wp","href":"https:\/\/api.w.org\/{rel}","templated":true}]}}