{"id":941,"date":"2020-01-06T19:52:31","date_gmt":"2020-01-06T18:52:31","guid":{"rendered":"http:\/\/b38jwy.myraidbox.de\/?post_type=product&#038;p=941"},"modified":"2026-04-15T16:00:59","modified_gmt":"2026-04-15T14:00:59","slug":"spojovaci-spojka-posuvna-spojka-pro-vsuvku-s-plochou-hlavou-16","status":"publish","type":"product","link":"https:\/\/www.polymerpacker.de\/cs\/produkt\/anschlusskupplung-schiebekupplung-fuer-flachkopfnippel-16\/","title":{"rendered":"P\u0159ipojovac\u00ed spojka (posuvn\u00e1 spojka) pro vsuvku s plochou hlavou 16"},"content":{"rendered":"<p><strong><span style=\"color: #000000;\"><span style=\"font-family: Arial, sans-serif;\"><span style=\"font-size: medium;\">Standardn\u00ed p\u0159ipojovac\u00ed syst\u00e9m pro vst\u0159ikovac\u00ed p\u011bchy. <\/span><\/span><\/span><\/strong><\/p>\n<p><span style=\"font-family: Arial, sans-serif;\"><span style=\"font-size: medium;\"><span style=\"color: #000000;\">Lze pou\u017e\u00edt pro vst\u0159ikov\u00e1n\u00ed epoxidov\u00e9 prysky\u0159ice, polyuretanov\u00e9 prysky\u0159ice, akryl\u00e1tov\u00e9ho gelu, silikonov\u00e9 emulze, silik\u00e1tov\u00e9ho kr\u00e9mu. <strong>Pro maxim\u00e1ln\u00ed vst\u0159ikovac\u00ed tlaky a\u017e 150 bar\u016f.<\/strong><\/span><\/span><\/span><b><\/b><\/p>","protected":false},"excerpt":{"rendered":"<h3><strong>P\u0159ipojovac\u00ed spojka FKNK16G18<\/strong><\/h3>\n<p><strong>Posuvn\u00e1 spojka<\/strong> na <strong>DIN 1283 <\/strong>pro <strong>Ploch\u00e1 vsuvka DIN 3404 \/ 16 mm<\/strong>.<\/p>\n<h4>P\u0159ipojen\u00ed: <strong>Vnit\u0159n\u00ed z\u00e1vit G1\/8<\/strong><strong>\u201e, <\/strong>pro p\u0159ipojen\u00ed <strong>Vnit\u0159n\u00ed z\u00e1vit M10x1<\/strong> Z\u00e1vitov\u00fd adapt\u00e9r <strong>(\u010dern\u00e1)<\/strong> odstran\u011bn\u00ed, voln\u00fd pr\u016fchod <strong>\u00d8 4 mm, <\/strong>Hlin\u00edkov\u00fd t\u011bsnic\u00ed krou\u017eek je sou\u010d\u00e1st\u00ed dod\u00e1vky.<\/h4>","protected":false},"featured_media":905,"template":"","meta":[],"product_brand":[],"product_cat":[42,121],"product_tag":[122,116,120],"class_list":{"0":"post-941","1":"product","2":"type-product","3":"status-publish","4":"has-post-thumbnail","6":"product_cat-injektion-packer-pumpen","7":"product_cat-injektionspacker-anschliessen","8":"product_tag-injektionspacker-an-pumpen-anschliessen","9":"product_tag-kupplung-fuer-flachkopfnippel-16","10":"product_tag-injektionspacker-mit-flachkopfnippel","12":"first","13":"instock","14":"taxable","15":"shipping-taxable","16":"purchasable","17":"product-type-simple"},"tiered_pricing_type":"percentage","tiered_pricing_fixed_rules":[],"tiered_pricing_product_settings":{"layout":"default","base_unit_name":{"singular":null,"plural":null},"default_variation":null},"tiered_pricing_minimum_quantity":null,"tiered_pricing_roles_data":[],"tiered_pricing_percentage_rules":{"5":5,"10":10},"tiered_pricing_maximum_quantity":null,"tiered_pricing_quantity_step":null,"_links":{"self":[{"href":"https:\/\/www.polymerpacker.de\/cs\/wp-json\/wp\/v2\/product\/941","targetHints":{"allow":["GET"]}}],"collection":[{"href":"https:\/\/www.polymerpacker.de\/cs\/wp-json\/wp\/v2\/product"}],"about":[{"href":"https:\/\/www.polymerpacker.de\/cs\/wp-json\/wp\/v2\/types\/product"}],"wp:featuredmedia":[{"embeddable":true,"href":"https:\/\/www.polymerpacker.de\/cs\/wp-json\/wp\/v2\/media\/905"}],"wp:attachment":[{"href":"https:\/\/www.polymerpacker.de\/cs\/wp-json\/wp\/v2\/media?parent=941"}],"wp:term":[{"taxonomy":"product_brand","embeddable":true,"href":"https:\/\/www.polymerpacker.de\/cs\/wp-json\/wp\/v2\/product_brand?post=941"},{"taxonomy":"product_cat","embeddable":true,"href":"https:\/\/www.polymerpacker.de\/cs\/wp-json\/wp\/v2\/product_cat?post=941"},{"taxonomy":"product_tag","embeddable":true,"href":"https:\/\/www.polymerpacker.de\/cs\/wp-json\/wp\/v2\/product_tag?post=941"}],"curies":[{"name":"wp","href":"https:\/\/api.w.org\/{rel}","templated":true}]}}