{"id":931,"date":"2020-01-06T19:40:03","date_gmt":"2020-01-06T18:40:03","guid":{"rendered":"http:\/\/b38jwy.myraidbox.de\/?post_type=product&#038;p=931"},"modified":"2026-04-15T16:00:59","modified_gmt":"2026-04-15T14:00:59","slug":"vsuvka-s-plochou-hlavou-16-r14","status":"publish","type":"product","link":"https:\/\/www.polymerpacker.de\/cs\/produkt\/flachkopfnippel-16-r14\/","title":{"rendered":"Ploch\u00e1 vsuvka 16 s p\u0159ipojovac\u00edm z\u00e1vitem R1\/4\u2033"},"content":{"rendered":"<p><span style=\"color: #000000;\"><span style=\"font-family: Arial, sans-serif;\"><span style=\"font-size: medium;\"><b>Standardn\u00ed p\u0159ipojovac\u00ed syst\u00e9m pro vst\u0159ikovac\u00ed p\u011bchy.<\/b><\/span><\/span><\/span><\/p>\n<p><span style=\"color: #000000;\"><span style=\"font-family: Arial, sans-serif;\"><span style=\"font-size: medium;\">Lze pou\u017e\u00edt pro vst\u0159ikov\u00e1n\u00ed epoxidov\u00e9 prysky\u0159ice, polyuretanov\u00e9 prysky\u0159ice, akryl\u00e1tov\u00e9ho gelu, silikonov\u00e9 emulze, silik\u00e1tov\u00e9ho kr\u00e9mu. <strong>Pro maxim\u00e1ln\u00ed vst\u0159ikovac\u00ed tlaky a\u017e 150 bar\u016f. <\/strong><\/span><\/span><\/span><\/p>\n<p><span style=\"color: #000000;\"><span style=\"font-family: Arial, sans-serif;\"><span style=\"font-size: medium;\"><b>Milionkr\u00e1t osv\u011bd\u010den\u00fd produkt, kter\u00fd vyr\u00e1b\u00edme od roku 2007.<\/b><\/span><\/span><\/span><\/p>","protected":false},"excerpt":{"rendered":"<h3><strong>Vsuvka s plochou hlavou FKN16R14<\/strong><\/h3>\n<p><strong>Plastov\u00e1 vsuvka s plochou hlavou<\/strong> DIN 3404 \/ <strong>16 mm<\/strong>, s vestav\u011bn\u00fdm zp\u011btn\u00fdm ventilem, otev\u00edrac\u00ed tlak cca. <strong>2 bar<\/strong>.<\/p>\n<h4>P\u0159ipojen\u00ed:<strong> Vnit\u0159n\u00ed z\u00e1vit R1\/4\u2033 (samot\u011bsnic\u00ed trubkov\u00fd z\u00e1vit).<\/strong><\/h4>","protected":false},"featured_media":1083,"template":"","meta":[],"product_brand":[],"product_cat":[42,121],"product_tag":[131,120,122],"class_list":{"0":"post-931","1":"product","2":"type-product","3":"status-publish","4":"has-post-thumbnail","6":"product_cat-injektion-packer-pumpen","7":"product_cat-injektionspacker-anschliessen","8":"product_tag-unsere-millionenfach-bewaehrten-produkte","9":"product_tag-injektionspacker-mit-flachkopfnippel","10":"product_tag-injektionspacker-an-pumpen-anschliessen","12":"first","13":"instock","14":"taxable","15":"shipping-taxable","16":"purchasable","17":"product-type-simple"},"tiered_pricing_type":"percentage","tiered_pricing_fixed_rules":{"100":5,"1000":10},"tiered_pricing_product_settings":{"layout":"default","base_unit_name":{"singular":null,"plural":null},"default_variation":null},"tiered_pricing_minimum_quantity":10,"tiered_pricing_roles_data":[],"tiered_pricing_percentage_rules":{"100":5,"1000":10},"tiered_pricing_maximum_quantity":null,"tiered_pricing_quantity_step":null,"_links":{"self":[{"href":"https:\/\/www.polymerpacker.de\/cs\/wp-json\/wp\/v2\/product\/931","targetHints":{"allow":["GET"]}}],"collection":[{"href":"https:\/\/www.polymerpacker.de\/cs\/wp-json\/wp\/v2\/product"}],"about":[{"href":"https:\/\/www.polymerpacker.de\/cs\/wp-json\/wp\/v2\/types\/product"}],"wp:featuredmedia":[{"embeddable":true,"href":"https:\/\/www.polymerpacker.de\/cs\/wp-json\/wp\/v2\/media\/1083"}],"wp:attachment":[{"href":"https:\/\/www.polymerpacker.de\/cs\/wp-json\/wp\/v2\/media?parent=931"}],"wp:term":[{"taxonomy":"product_brand","embeddable":true,"href":"https:\/\/www.polymerpacker.de\/cs\/wp-json\/wp\/v2\/product_brand?post=931"},{"taxonomy":"product_cat","embeddable":true,"href":"https:\/\/www.polymerpacker.de\/cs\/wp-json\/wp\/v2\/product_cat?post=931"},{"taxonomy":"product_tag","embeddable":true,"href":"https:\/\/www.polymerpacker.de\/cs\/wp-json\/wp\/v2\/product_tag?post=931"}],"curies":[{"name":"wp","href":"https:\/\/api.w.org\/{rel}","templated":true}]}}