{"id":735,"date":"2019-05-02T10:43:10","date_gmt":"2019-05-02T10:43:10","guid":{"rendered":"http:\/\/b38jwy.myraidbox.de\/?post_type=product&#038;p=735"},"modified":"2026-04-15T16:01:00","modified_gmt":"2026-04-15T14:01:00","slug":"brusny-kotouc-ze-slinuteho-karbidu-115-mm-zakriveny","status":"publish","type":"product","link":"https:\/\/www.polymerpacker.de\/cs\/produkt\/hartmetallsplitt-schleifscheibe-115-mm-gewoelbt\/","title":{"rendered":"Karbidov\u00fd brusn\u00fd kotou\u010d 115 mm v zak\u0159iven\u00e9m proveden\u00ed"},"content":{"rendered":"<p><strong>Brusn\u00e9 kotou\u010de s karbidovou drt\u00ed<\/strong> od spole\u010dnosti Polymerpacker jsou kvalitn\u00ed n\u00e1stroje <em>\u201eMade in Germany\u201c<\/em> a <strong>skute\u010dn\u00ed \u0159e\u0161itel\u00e9 probl\u00e9m\u016f<\/strong>.<\/p>\n<p><strong>Velmi vhodn\u00e9<\/strong> K d\u016fkladn\u00e9mu odstra\u0148ov\u00e1n\u00ed r\u016fzn\u00fdch typ\u016f om\u00edtek, barev, plastov\u00fdch n\u00e1t\u011br\u016f, asfaltov\u00fdch n\u00e1t\u011br\u016f, PVC a zbytk\u016f lepidel ze zdiva, betonu, d\u0159eva nebo kovov\u00fdch povrch\u016f.<\/p>\n<p><strong>Velmi vhodn\u00e9<\/strong> Pro robustn\u00ed zpracov\u00e1n\u00ed (hrubov\u00e1n\u00ed) materi\u00e1l\u016f, jako je p\u00f3robeton, v\u00e1penop\u00edskov\u00e9 cihly, p\u00edskovec, d\u0159evovl\u00e1knit\u00e9 desky, d\u0159evo, guma a plasty.<\/p>\n<p><strong>Dob\u0159e se hod\u00ed<\/strong> K n\u00e1sledn\u00e9mu zdrsn\u011bn\u00ed hladk\u00fdch betonov\u00fdch, \u017eulov\u00fdch nebo mramorov\u00fdch povrch\u016f na schodech a podest\u00e1ch pro sn\u00ed\u017een\u00ed rizika uklouznut\u00ed.<\/p>\n<p><span style=\"color: #000000;\"><span style=\"font-family: Arial, sans-serif;\"><span style=\"font-size: medium;\"><b>Dal\u0161\u00ed informace a bezpe\u010dnostn\u00ed pokyny naleznete v technick\u00e9m listu tohoto v\u00fdrobku, kter\u00fd si m\u016f\u017eete st\u00e1hnout zde. <\/b><\/span><\/span><\/span><\/p>\n<p><a href=\"https:\/\/www.polymerpacker.de\/wp-content\/uploads\/2019\/05\/Hartmetallsplitt-Schleifscheiben-SicherheitsVerwendunghinweise-1833.pdf\"><img fetchpriority=\"high\" decoding=\"async\" class=\"alignnone size-medium wp-image-1504\" src=\"https:\/\/www.polymerpacker.de\/wp-content\/uploads\/2020\/08\/PDF-DOWNLOAD-250x400.jpg\" alt=\"\" width=\"250\" height=\"400\" srcset=\"https:\/\/www.polymerpacker.de\/wp-content\/uploads\/2020\/08\/PDF-DOWNLOAD-250x400.jpg 250w, https:\/\/www.polymerpacker.de\/wp-content\/uploads\/2020\/08\/PDF-DOWNLOAD-200x320.jpg 200w, https:\/\/www.polymerpacker.de\/wp-content\/uploads\/2020\/08\/PDF-DOWNLOAD-scaled-150x240.jpg 150w, https:\/\/www.polymerpacker.de\/wp-content\/uploads\/2020\/08\/PDF-DOWNLOAD-400x640.jpg 400w, https:\/\/www.polymerpacker.de\/wp-content\/uploads\/2020\/08\/PDF-DOWNLOAD-500x800.jpg 500w, https:\/\/www.polymerpacker.de\/wp-content\/uploads\/2020\/08\/PDF-DOWNLOAD-768x1228.jpg 768w, https:\/\/www.polymerpacker.de\/wp-content\/uploads\/2020\/08\/PDF-DOWNLOAD-961x1536.jpg 961w, https:\/\/www.polymerpacker.de\/wp-content\/uploads\/2020\/08\/PDF-DOWNLOAD-1281x2048.jpg 1281w, https:\/\/www.polymerpacker.de\/wp-content\/uploads\/2020\/08\/PDF-DOWNLOAD-scaled.jpg 1601w\" sizes=\"(max-width: 250px) 100vw, 250px\" \/><\/a><\/p>","protected":false},"excerpt":{"rendered":"<p>Brusn\u00fd kotou\u010d s karbidovou drt\u00ed <strong>pro \u00fahlovou brusku 115 mm.<\/strong><br \/>\nDostupn\u00e1 zrnitost: 1,4 - 1,8 mm (jemn\u00e1) 1,8 - 2,2 mm (st\u0159edn\u00ed) 2,2 - 3,2 mm (hrub\u00e1) 3,2 - 4,5 mm (velmi hrub\u00e1)<\/p>\n<p><strong>Zak\u0159iven\u00fd design:<\/strong><br \/>\nK brou\u0161en\u00ed siln\u00fdch, hou\u017eevnat\u00fdch a m\u011bkk\u00fdch n\u00e1t\u011br\u016f.<br \/>\nVelmi vhodn\u00e9 tak\u00e9 pro v\u00fdrobu soch ze d\u0159eva nebo kamene.<\/p>","protected":false},"featured_media":693,"template":"","meta":[],"product_brand":[],"product_cat":[47],"product_tag":[105,106,107,108],"class_list":{"0":"post-735","1":"product","2":"type-product","3":"status-publish","4":"has-post-thumbnail","6":"product_cat-hartmetallsplitt-schleifscheiben","7":"product_tag-hartmetallsplitt-schleifscheiben","8":"product_tag-bitumen-abschleifen","9":"product_tag-kleber-abschleifen","10":"product_tag-harzreste-abschleifen","12":"first","13":"instock","14":"taxable","15":"shipping-taxable","16":"purchasable","17":"product-type-variable"},"tiered_pricing_type":"fixed","tiered_pricing_fixed_rules":[],"tiered_pricing_product_settings":{"layout":"default","base_unit_name":{"singular":null,"plural":null},"default_variation":null},"tiered_pricing_minimum_quantity":null,"tiered_pricing_roles_data":[],"tiered_pricing_percentage_rules":[],"tiered_pricing_maximum_quantity":null,"tiered_pricing_quantity_step":null,"_links":{"self":[{"href":"https:\/\/www.polymerpacker.de\/cs\/wp-json\/wp\/v2\/product\/735","targetHints":{"allow":["GET"]}}],"collection":[{"href":"https:\/\/www.polymerpacker.de\/cs\/wp-json\/wp\/v2\/product"}],"about":[{"href":"https:\/\/www.polymerpacker.de\/cs\/wp-json\/wp\/v2\/types\/product"}],"wp:featuredmedia":[{"embeddable":true,"href":"https:\/\/www.polymerpacker.de\/cs\/wp-json\/wp\/v2\/media\/693"}],"wp:attachment":[{"href":"https:\/\/www.polymerpacker.de\/cs\/wp-json\/wp\/v2\/media?parent=735"}],"wp:term":[{"taxonomy":"product_brand","embeddable":true,"href":"https:\/\/www.polymerpacker.de\/cs\/wp-json\/wp\/v2\/product_brand?post=735"},{"taxonomy":"product_cat","embeddable":true,"href":"https:\/\/www.polymerpacker.de\/cs\/wp-json\/wp\/v2\/product_cat?post=735"},{"taxonomy":"product_tag","embeddable":true,"href":"https:\/\/www.polymerpacker.de\/cs\/wp-json\/wp\/v2\/product_tag?post=735"}],"curies":[{"name":"wp","href":"https:\/\/api.w.org\/{rel}","templated":true}]}}