{"id":634,"date":"2019-04-22T12:23:42","date_gmt":"2019-04-22T12:23:42","guid":{"rendered":"http:\/\/b38jwy.myraidbox.de\/?post_type=product&#038;p=634"},"modified":"2026-04-15T16:00:59","modified_gmt":"2026-04-15T14:00:59","slug":"injekcni-pech-sbp12kn-pro-vrtane-diry-12-mm","status":"publish","type":"product","link":"https:\/\/www.polymerpacker.de\/cs\/produkt\/injektionspacker-sbp12kn-fuer-bohrloch-12-mm\/","title":{"rendered":"Injek\u010dn\u00ed p\u011bch SBP12KN pro 12 mm vrtan\u00fd otvor"},"content":{"rendered":"<h2><span style=\"color: #000000;\"><span style=\"font-family: Arial, sans-serif;\"><span style=\"font-size: medium;\"><b>Injek\u010dn\u00ed p\u011bch SBP12KN pro vrtan\u00fd otvor 12 mm N\u00edzkotlak\u00fd injek\u010dn\u00ed p\u011bch (lamelov\u00fd vyfukovac\u00ed p\u011bch) z vysoce v\u00fdkonn\u00e9ho plastu.<\/b><\/span><\/span><\/span><\/h2>\n<p><span style=\"color: #000000;\"><span style=\"font-family: Arial, sans-serif;\"><span style=\"font-size: medium;\">Pro pou\u017eit\u00ed p\u0159i tlakov\u00e9 impregnaci stavebn\u00edch materi\u00e1l\u016f, jako jsou cihly, v\u00e1penop\u00edskov\u00e9 cihly, dut\u00e9 tv\u00e1rnice, p\u00edskovec, pemza, hl\u00edna, d\u0159evo. Lze pou\u017e\u00edt pro injekt\u00e1\u017e epoxidov\u00e9 prysky\u0159ice, polyuretanov\u00e9 prysky\u0159ice, silikonov\u00e9 emulze, mikroemulze, vodn\u00fdch roztok\u016f. Silikoniza\u010dn\u00ed prost\u0159edek, prost\u0159edek proti pl\u00edsn\u00edm, prost\u0159edek na ochranu d\u0159eva. Lze pou\u017e\u00edt pro maxim\u00e1ln\u00ed vst\u0159ikovac\u00ed tlaky a\u017e 80 bar\u016f p\u0159i pou\u017eit\u00ed v rozm\u011brov\u011b p\u0159esn\u00fdch vrt\u00e1c\u00edch do pevn\u00fdch stavebn\u00edch materi\u00e1l\u016f. <\/span><\/span><\/span><\/p>\n<p><span style=\"color: #000000;\"><span style=\"font-family: Arial, sans-serif;\"><span style=\"font-size: medium;\"><b>N\u00e1\u0161 balic\u00ed stroj. P\u016fvodn\u00ed, osv\u011bd\u010den\u00fd v\u00fdrobek, kter\u00fd vyr\u00e1b\u00edme od roku 1998.<\/b><\/span><\/span><\/span><\/p>\n<p><span style=\"color: #000000;\"><span style=\"font-family: Arial, sans-serif;\"><span style=\"font-size: medium;\"><b>Dal\u0161\u00ed informace a bezpe\u010dnostn\u00ed pokyny naleznete v technick\u00e9m listu tohoto v\u00fdrobku, kter\u00fd si m\u016f\u017eete st\u00e1hnout zde. <\/b><\/span><\/span><\/span><\/p>\n<p><a href=\"https:\/\/www.polymerpacker.de\/wp-content\/uploads\/2022\/07\/Polymerpacker-TM-SBP12KN-DE-EN.pdf\"><img fetchpriority=\"high\" decoding=\"async\" class=\"alignnone wp-image-1504 size-medium\" src=\"https:\/\/www.polymerpacker.de\/wp-content\/uploads\/2020\/08\/PDF-DOWNLOAD-250x400.jpg\" alt=\"\" width=\"250\" height=\"400\" srcset=\"https:\/\/www.polymerpacker.de\/wp-content\/uploads\/2020\/08\/PDF-DOWNLOAD-250x400.jpg 250w, https:\/\/www.polymerpacker.de\/wp-content\/uploads\/2020\/08\/PDF-DOWNLOAD-200x320.jpg 200w, https:\/\/www.polymerpacker.de\/wp-content\/uploads\/2020\/08\/PDF-DOWNLOAD-scaled-150x240.jpg 150w, https:\/\/www.polymerpacker.de\/wp-content\/uploads\/2020\/08\/PDF-DOWNLOAD-400x640.jpg 400w, https:\/\/www.polymerpacker.de\/wp-content\/uploads\/2020\/08\/PDF-DOWNLOAD-500x800.jpg 500w, https:\/\/www.polymerpacker.de\/wp-content\/uploads\/2020\/08\/PDF-DOWNLOAD-768x1228.jpg 768w, https:\/\/www.polymerpacker.de\/wp-content\/uploads\/2020\/08\/PDF-DOWNLOAD-961x1536.jpg 961w, https:\/\/www.polymerpacker.de\/wp-content\/uploads\/2020\/08\/PDF-DOWNLOAD-1281x2048.jpg 1281w, https:\/\/www.polymerpacker.de\/wp-content\/uploads\/2020\/08\/PDF-DOWNLOAD-scaled.jpg 1601w\" sizes=\"(max-width: 250px) 100vw, 250px\" \/><\/a><\/p>","protected":false},"excerpt":{"rendered":"<h3><strong>Injek\u010dn\u00ed p\u011bch SBP12KN pro 12 mm vrtan\u00fd otvor<\/strong><\/h3>\n<p><strong>Plastov\u00fd n\u00e1razov\u00fd p\u011bch o d\u00e9lce 75 mm.<\/strong><\/p>\n<h4>P\u0159ipojen\u00ed: <strong>Plastov\u00e1 k\u00f3nick\u00e1 vsuvka DIN 71412<\/strong> s vestav\u011bn\u00fdm zp\u011btn\u00fdm ventilem, otev\u00edrac\u00ed tlak cca. <strong>2 bar<\/strong>.<\/h4>\n<p><strong>Balic\u00ed n\u00e1stroj zdarma v ka\u017ed\u00e9m balen\u00ed<\/strong><\/p>","protected":false},"featured_media":2372,"template":"","meta":[],"product_brand":[],"product_cat":[42,84],"product_tag":[97,129,131,196,198],"class_list":{"0":"post-634","1":"product","2":"type-product","3":"status-publish","4":"has-post-thumbnail","6":"product_cat-injektion-packer-pumpen","7":"product_cat-injektionspacker-12-mm","8":"product_tag-injektionspacker-fuer-bohrung-12-mm","9":"product_tag-injektionspacker-fuer-harz","10":"product_tag-unsere-millionenfach-bewaehrten-produkte","11":"product_tag-injektionspacker-fuer-holzschutzmittel","12":"product_tag-injektionspacker-mit-kegelnippel","14":"first","15":"instock","16":"taxable","17":"shipping-taxable","18":"purchasable","19":"product-type-simple"},"tiered_pricing_type":"percentage","tiered_pricing_fixed_rules":[],"tiered_pricing_product_settings":{"layout":"default","base_unit_name":{"singular":null,"plural":null},"default_variation":null},"tiered_pricing_minimum_quantity":10,"tiered_pricing_roles_data":[],"tiered_pricing_percentage_rules":{"100":5,"1000":10,"2000":15,"5000":20},"tiered_pricing_maximum_quantity":null,"tiered_pricing_quantity_step":null,"_links":{"self":[{"href":"https:\/\/www.polymerpacker.de\/cs\/wp-json\/wp\/v2\/product\/634","targetHints":{"allow":["GET"]}}],"collection":[{"href":"https:\/\/www.polymerpacker.de\/cs\/wp-json\/wp\/v2\/product"}],"about":[{"href":"https:\/\/www.polymerpacker.de\/cs\/wp-json\/wp\/v2\/types\/product"}],"wp:featuredmedia":[{"embeddable":true,"href":"https:\/\/www.polymerpacker.de\/cs\/wp-json\/wp\/v2\/media\/2372"}],"wp:attachment":[{"href":"https:\/\/www.polymerpacker.de\/cs\/wp-json\/wp\/v2\/media?parent=634"}],"wp:term":[{"taxonomy":"product_brand","embeddable":true,"href":"https:\/\/www.polymerpacker.de\/cs\/wp-json\/wp\/v2\/product_brand?post=634"},{"taxonomy":"product_cat","embeddable":true,"href":"https:\/\/www.polymerpacker.de\/cs\/wp-json\/wp\/v2\/product_cat?post=634"},{"taxonomy":"product_tag","embeddable":true,"href":"https:\/\/www.polymerpacker.de\/cs\/wp-json\/wp\/v2\/product_tag?post=634"}],"curies":[{"name":"wp","href":"https:\/\/api.w.org\/{rel}","templated":true}]}}