{"id":532,"date":"2019-04-18T10:05:59","date_gmt":"2019-04-18T10:05:59","guid":{"rendered":"http:\/\/b38jwy.myraidbox.de\/?post_type=product&#038;p=532"},"modified":"2026-04-15T16:01:00","modified_gmt":"2026-04-15T14:01:00","slug":"rucni-vstrikovaci-cerpadlo-pro-vysokotlake-vstrikovani","status":"publish","type":"product","link":"https:\/\/www.polymerpacker.de\/cs\/produkt\/hand-injektionspumpe-fuer-hochdruckinjektion\/","title":{"rendered":"Ru\u010dn\u00ed vst\u0159ikovac\u00ed \u010derpadlo pro vysokotlak\u00e9 vst\u0159ikov\u00e1n\u00ed"},"content":{"rendered":"<h3><span style=\"color: #000000;\"><strong>Ru\u010dn\u00ed vst\u0159ikovac\u00ed \u010derpadlo<\/strong> pro vysokotlak\u00e9 vst\u0159ikov\u00e1n\u00ed <\/span><\/h3>\n<h4><span style=\"color: #000000;\">z <strong>Epoxidov\u00e1 prysky\u0159ice, polyuretanov\u00e1 prysky\u0159ice, akryl\u00e1tov\u00fd gel, silikonov\u00e1 emulze, silik\u00e1tov\u00fd kr\u00e9m<\/strong> prost\u0159ednictv\u00edm injekt\u00e1\u017en\u00edch p\u011bch\u016f ve stavebn\u00edch prvc\u00edch \/ stavebn\u00edch materi\u00e1lech. <\/span><\/h4>\n<h4><span style=\"color: #000000;\">K dost\u00e1n\u00ed u n\u00e1s jako kompletn\u00ed sada, kter\u00e1 se skl\u00e1d\u00e1 z <\/span><\/h4>\n<p><span style=\"color: #000000;\"><strong>1 kus<\/strong> Ru\u010dn\u00ed p\u00edstov\u00e9 \u010derpadlo (p\u0159ipojovac\u00ed z\u00e1vit G1\/8\u201c), v\u00fdtla\u010dn\u00fd objem cca 2 cm\u00b3 \/ zdvih, pracovn\u00ed tlak max. 400 bar\u016f, plnic\u00ed objem 550 cm\u00b3, d\u00edky snadno odn\u00edmateln\u00e9mu plastov\u00e9mu krytu lze mimo\u0159\u00e1dn\u011b rychle doplnit.<\/span><\/p>\n<p><span style=\"color: #000000;\"><strong> 1 kus<\/strong> Vysokotlak\u00e1 hadice <strong>d\u00e9lka 500 mm<\/strong>, (p\u0159ipojovac\u00ed z\u00e1vit G1\/8\u201c) s hlin\u00edkov\u00fdmi t\u011bsnic\u00edmi krou\u017eky. <\/span><\/p>\n<p><span style=\"color: #000000;\"><strong>1 kus<\/strong> \u010dty\u0159\u010delis\u0165ov\u00e1 spojka (p\u0159ipojovac\u00ed z\u00e1vit G1\/8\u201c) pro <strong>Ku\u017eelov\u00e1 vsuvka DIN 71412<\/strong> a <\/span><\/p>\n<p><span style=\"color: #000000;\"><strong>1 kus<\/strong> Rozpou\u0161t\u011bc\u00ed sada sest\u00e1vaj\u00edc\u00ed ze 2 rozpou\u0161t\u011bc\u00edch kotou\u010d\u016f o pr\u016fm\u011bru 45 mm a 75 mm a 1 rozpou\u0161t\u011bc\u00ed h\u0159\u00eddele z oceli o pr\u016fm\u011bru 8 mm (\u0161estihrann\u00e9), dlouh\u00e9 300 mm, pro optim\u00e1ln\u00ed prom\u00edch\u00e1n\u00ed vst\u0159ikovan\u00e9ho materi\u00e1lu p\u0159ed vst\u0159ikov\u00e1n\u00edm.<\/span><\/p>\n<p><b>Dal\u0161\u00ed informace a bezpe\u010dnostn\u00ed pokyny naleznete v technick\u00e9m listu tohoto v\u00fdrobku, kter\u00fd si m\u016f\u017eete st\u00e1hnout zde. <\/b><\/p>\n<p><a href=\"https:\/\/www.polymerpacker.de\/wp-content\/uploads\/2024\/01\/Polymerpacker-TM-KNKG18-DE-EN.pdf\"><img fetchpriority=\"high\" decoding=\"async\" class=\"alignnone wp-image-1504 size-medium\" src=\"https:\/\/www.polymerpacker.de\/wp-content\/uploads\/2020\/08\/PDF-DOWNLOAD-250x400.jpg\" alt=\"\" width=\"250\" height=\"400\" srcset=\"https:\/\/www.polymerpacker.de\/wp-content\/uploads\/2020\/08\/PDF-DOWNLOAD-250x400.jpg 250w, https:\/\/www.polymerpacker.de\/wp-content\/uploads\/2020\/08\/PDF-DOWNLOAD-200x320.jpg 200w, https:\/\/www.polymerpacker.de\/wp-content\/uploads\/2020\/08\/PDF-DOWNLOAD-scaled-150x240.jpg 150w, https:\/\/www.polymerpacker.de\/wp-content\/uploads\/2020\/08\/PDF-DOWNLOAD-400x640.jpg 400w, https:\/\/www.polymerpacker.de\/wp-content\/uploads\/2020\/08\/PDF-DOWNLOAD-500x800.jpg 500w, https:\/\/www.polymerpacker.de\/wp-content\/uploads\/2020\/08\/PDF-DOWNLOAD-768x1228.jpg 768w, https:\/\/www.polymerpacker.de\/wp-content\/uploads\/2020\/08\/PDF-DOWNLOAD-961x1536.jpg 961w, https:\/\/www.polymerpacker.de\/wp-content\/uploads\/2020\/08\/PDF-DOWNLOAD-1281x2048.jpg 1281w, https:\/\/www.polymerpacker.de\/wp-content\/uploads\/2020\/08\/PDF-DOWNLOAD-scaled.jpg 1601w\" sizes=\"(max-width: 250px) 100vw, 250px\" \/><\/a><\/p>","protected":false},"excerpt":{"rendered":"<h3 data-padding=\"5px\"><span style=\"color: #000000;\"><strong>Ru\u010dn\u00ed vst\u0159ikovac\u00ed \u010derpadlo pro vysokotlak\u00e9 vst\u0159ikov\u00e1n\u00ed<\/strong> s p\u0159ipojovac\u00ed spojkou pro ku\u017eelovou vsuvku<\/span><\/h3>\n<h4 data-padding=\"5px\"><span style=\"color: #000000;\">S n\u00e1mi v kompletn\u00ed sad\u011b.<\/span><\/h4>","protected":false},"featured_media":1943,"template":"","meta":[],"product_brand":[],"product_cat":[42,95],"product_tag":[94],"class_list":{"0":"post-532","1":"product","2":"type-product","3":"status-publish","4":"has-post-thumbnail","6":"product_cat-injektion-packer-pumpen","7":"product_cat-injektionspumpen","8":"product_tag-handpumpe-fuer-harz","10":"first","11":"instock","12":"taxable","13":"shipping-taxable","14":"purchasable","15":"product-type-simple"},"tiered_pricing_type":"fixed","tiered_pricing_fixed_rules":[],"tiered_pricing_product_settings":{"layout":"default","base_unit_name":{"singular":null,"plural":null},"default_variation":null},"tiered_pricing_minimum_quantity":null,"tiered_pricing_roles_data":[],"tiered_pricing_percentage_rules":[],"tiered_pricing_maximum_quantity":null,"tiered_pricing_quantity_step":null,"_links":{"self":[{"href":"https:\/\/www.polymerpacker.de\/cs\/wp-json\/wp\/v2\/product\/532","targetHints":{"allow":["GET"]}}],"collection":[{"href":"https:\/\/www.polymerpacker.de\/cs\/wp-json\/wp\/v2\/product"}],"about":[{"href":"https:\/\/www.polymerpacker.de\/cs\/wp-json\/wp\/v2\/types\/product"}],"wp:featuredmedia":[{"embeddable":true,"href":"https:\/\/www.polymerpacker.de\/cs\/wp-json\/wp\/v2\/media\/1943"}],"wp:attachment":[{"href":"https:\/\/www.polymerpacker.de\/cs\/wp-json\/wp\/v2\/media?parent=532"}],"wp:term":[{"taxonomy":"product_brand","embeddable":true,"href":"https:\/\/www.polymerpacker.de\/cs\/wp-json\/wp\/v2\/product_brand?post=532"},{"taxonomy":"product_cat","embeddable":true,"href":"https:\/\/www.polymerpacker.de\/cs\/wp-json\/wp\/v2\/product_cat?post=532"},{"taxonomy":"product_tag","embeddable":true,"href":"https:\/\/www.polymerpacker.de\/cs\/wp-json\/wp\/v2\/product_tag?post=532"}],"curies":[{"name":"wp","href":"https:\/\/api.w.org\/{rel}","templated":true}]}}