{"id":3811,"date":"2024-01-26T22:12:06","date_gmt":"2024-01-26T21:12:06","guid":{"rendered":"https:\/\/www.polymerpacker.de\/?post_type=product&#038;p=3811"},"modified":"2026-04-15T16:00:58","modified_gmt":"2026-04-15T14:00:58","slug":"staticka-mrizkova-michacka-94-mm-smg94pp","status":"publish","type":"product","link":"https:\/\/www.polymerpacker.de\/cs\/produkt\/statik-gittermischer-94-mm-smg94pp\/","title":{"rendered":"Statick\u00e1 m\u0159\u00ed\u017ekov\u00e1 m\u00edcha\u010dka 9,4 mm SMG94PP z polypropylenu"},"content":{"rendered":"<p><span style=\"color: #000000;\"><span style=\"font-family: Arial, sans-serif;\"><span style=\"font-size: medium;\"><b>Polymerpacker Statick\u00fd m\u0159\u00ed\u017ekov\u00fd mix\u00e9r <\/b>maj\u00ed vynikaj\u00edc\u00ed m\u00edchac\u00ed vlastnosti a jsou optimalizov\u00e1ny pro v\u00fdrobu velmi homogenn\u00edch konzistenc\u00ed p\u0159i kontinu\u00e1ln\u00edm pr\u016ftokov\u00e9m m\u00edch\u00e1n\u00ed v\u00edceslo\u017ekov\u00fdch reaktivn\u00edch polymer\u016f. A to i p\u0159i velk\u00fdch rozd\u00edlech ve viskozit\u011b a hustot\u011b.<\/span><\/span><\/span><\/p>\n<p><span style=\"color: #000000;\"><span style=\"font-family: Arial, sans-serif;\"><span style=\"font-size: medium;\"><b>Statick\u00e1 m\u0159\u00ed\u017ekov\u00e1 m\u00edcha\u010dka 9,4 mm SMG94PP z polypropylenu <\/b>se osv\u011bd\u010dily v pr\u016fmyslov\u00fdch lakovac\u00edch syst\u00e9mech pro kontinu\u00e1ln\u00ed pr\u016ftokov\u00e9 m\u00edch\u00e1n\u00ed v\u00edceslo\u017ekov\u00fdch n\u00e1t\u011brov\u00fdch syst\u00e9m\u016f.<\/span><\/span><\/span><\/p>\n<p><span style=\"color: #000000;\"><span style=\"font-family: Arial, sans-serif;\"><span style=\"font-size: medium;\"><b>Milionkr\u00e1t osv\u011bd\u010den\u00fd produkt, kter\u00fd vyr\u00e1b\u00edme od roku 2002.<\/b><\/span><\/span><\/span><\/p>","protected":false},"excerpt":{"rendered":"<h3><strong><span style=\"color: #000000;\"><span style=\"font-family: Arial, sans-serif;\"><span style=\"font-size: medium;\">Statick\u00e1 m\u0159\u00ed\u017ekov\u00e1 m\u00edcha\u010dka 9,4 mm SMG94PP z polypropylenu<\/span><\/span><\/span><\/strong><\/h3>\n<p><span style=\"color: #000000;\"><span style=\"font-family: Arial, sans-serif;\"><span style=\"font-size: medium;\">Pr\u016fm\u011br 9,4 mm, d\u00e9lka 9,4 mm, s 18 ty\u010demi v 6 vrstv\u00e1ch, tlou\u0161\u0165ka ty\u010d\u00ed 1 mm, odoln\u00e9 proti tlaku do 80 bar\u016f.<\/span><\/span><\/span><\/p>","protected":false},"featured_media":3807,"template":"","meta":[],"product_brand":[],"product_cat":[137],"product_tag":[127,131,134],"class_list":{"0":"post-3811","1":"product","2":"type-product","3":"status-publish","4":"has-post-thumbnail","6":"product_cat-statik-gittermischer","7":"product_tag-dissolver","8":"product_tag-unsere-millionenfach-bewaehrten-produkte","9":"product_tag-statik-gittermischer","11":"first","12":"instock","13":"taxable","14":"shipping-taxable","15":"purchasable","16":"product-type-simple"},"tiered_pricing_type":"percentage","tiered_pricing_fixed_rules":[],"tiered_pricing_product_settings":{"layout":"default","base_unit_name":{"singular":null,"plural":null},"default_variation":null},"tiered_pricing_minimum_quantity":10,"tiered_pricing_roles_data":[],"tiered_pricing_percentage_rules":{"100":5,"1000":10},"tiered_pricing_maximum_quantity":null,"tiered_pricing_quantity_step":null,"_links":{"self":[{"href":"https:\/\/www.polymerpacker.de\/cs\/wp-json\/wp\/v2\/product\/3811","targetHints":{"allow":["GET"]}}],"collection":[{"href":"https:\/\/www.polymerpacker.de\/cs\/wp-json\/wp\/v2\/product"}],"about":[{"href":"https:\/\/www.polymerpacker.de\/cs\/wp-json\/wp\/v2\/types\/product"}],"wp:featuredmedia":[{"embeddable":true,"href":"https:\/\/www.polymerpacker.de\/cs\/wp-json\/wp\/v2\/media\/3807"}],"wp:attachment":[{"href":"https:\/\/www.polymerpacker.de\/cs\/wp-json\/wp\/v2\/media?parent=3811"}],"wp:term":[{"taxonomy":"product_brand","embeddable":true,"href":"https:\/\/www.polymerpacker.de\/cs\/wp-json\/wp\/v2\/product_brand?post=3811"},{"taxonomy":"product_cat","embeddable":true,"href":"https:\/\/www.polymerpacker.de\/cs\/wp-json\/wp\/v2\/product_cat?post=3811"},{"taxonomy":"product_tag","embeddable":true,"href":"https:\/\/www.polymerpacker.de\/cs\/wp-json\/wp\/v2\/product_tag?post=3811"}],"curies":[{"name":"wp","href":"https:\/\/api.w.org\/{rel}","templated":true}]}}