{"id":3802,"date":"2024-01-24T22:37:32","date_gmt":"2024-01-24T21:37:32","guid":{"rendered":"https:\/\/www.polymerpacker.de\/?post_type=product&#038;p=3802"},"modified":"2026-04-15T16:01:02","modified_gmt":"2026-04-15T14:01:02","slug":"injekcni-pech-sps16116-pro-vrtani-otvoru-16-mm","status":"publish","type":"product","link":"https:\/\/www.polymerpacker.de\/cs\/produkt\/injektionspacker-sps16116-fuer-bohrloch-16-mm\/","title":{"rendered":"Injekt\u00e1\u017en\u00ed p\u011bch SPS16116 pro 16 mm vrtan\u00fd otvor"},"content":{"rendered":"<h3><span style=\"color: #000000;\"><strong><span style=\"font-family: Arial, sans-serif;\"><span style=\"font-size: medium;\">Injekt\u00e1\u017en\u00ed p\u011bch SPS16116 pro 16 mm vrtan\u00fd otvor<\/span><\/span><\/strong><\/span><\/h3>\n<p><span style=\"color: #000000;\">Ocelov\u00fd \u0161roubov\u00fd p\u011bch s up\u00ednac\u00ed matic\u00ed z vysoce v\u00fdkonn\u00e9ho plastu pro pou\u017eit\u00ed p\u0159i vypl\u0148ov\u00e1n\u00ed trhlin a dutin a injekt\u00e1\u017ei ve v\u0161ech b\u011b\u017en\u00fdch stavebn\u00edch materi\u00e1lech, jako je beton, dut\u00e9 tv\u00e1rnice, cihly a p\u00edskovec. Ide\u00e1ln\u00ed pro injekt\u00e1\u017e epoxidov\u00e9 a polyuretanov\u00e9 prysky\u0159ice s vysok\u00fdm obsahem pevn\u00fdch l\u00e1tek nebo cementov\u00e9 suspenze, cementov\u00e9 pasty, injek\u010dn\u00ed malty. Pro pou\u017eit\u00ed p\u0159i rozm\u011brov\u011b p\u0159esn\u00e9m vrt\u00e1n\u00ed otvor\u016f v pevn\u00fdch stavebn\u00edch materi\u00e1lech, vhodn\u00e9 pro maxim\u00e1ln\u00ed vst\u0159ikovac\u00ed tlaky a\u017e 100 bar\u016f.<\/span><\/p>\n<p><span style=\"color: #000000;\"><span style=\"font-family: Arial, sans-serif;\"><span style=\"font-size: medium;\"><b>Dal\u0161\u00ed informace a bezpe\u010dnostn\u00ed pokyny naleznete v technick\u00e9m listu tohoto v\u00fdrobku, kter\u00fd si m\u016f\u017eete st\u00e1hnout zde. <\/b><\/span><\/span><\/span><\/p>\n<p><a href=\"https:\/\/www.polymerpacker.de\/wp-content\/uploads\/2024\/01\/Polymerpacker-TM-SPS16116-DE-EN.pdf\"><img fetchpriority=\"high\" decoding=\"async\" class=\"alignnone wp-image-1504 size-medium\" src=\"https:\/\/www.polymerpacker.de\/wp-content\/uploads\/2020\/08\/PDF-DOWNLOAD-250x400.jpg\" alt=\"\" width=\"250\" height=\"400\" srcset=\"https:\/\/www.polymerpacker.de\/wp-content\/uploads\/2020\/08\/PDF-DOWNLOAD-250x400.jpg 250w, https:\/\/www.polymerpacker.de\/wp-content\/uploads\/2020\/08\/PDF-DOWNLOAD-200x320.jpg 200w, https:\/\/www.polymerpacker.de\/wp-content\/uploads\/2020\/08\/PDF-DOWNLOAD-scaled-150x240.jpg 150w, https:\/\/www.polymerpacker.de\/wp-content\/uploads\/2020\/08\/PDF-DOWNLOAD-400x640.jpg 400w, https:\/\/www.polymerpacker.de\/wp-content\/uploads\/2020\/08\/PDF-DOWNLOAD-500x800.jpg 500w, https:\/\/www.polymerpacker.de\/wp-content\/uploads\/2020\/08\/PDF-DOWNLOAD-768x1228.jpg 768w, https:\/\/www.polymerpacker.de\/wp-content\/uploads\/2020\/08\/PDF-DOWNLOAD-961x1536.jpg 961w, https:\/\/www.polymerpacker.de\/wp-content\/uploads\/2020\/08\/PDF-DOWNLOAD-1281x2048.jpg 1281w, https:\/\/www.polymerpacker.de\/wp-content\/uploads\/2020\/08\/PDF-DOWNLOAD-scaled.jpg 1601w\" sizes=\"(max-width: 250px) 100vw, 250px\" \/><\/a><\/p>","protected":false},"excerpt":{"rendered":"<h3><strong>Injekt\u00e1\u017en\u00ed p\u011bch SPS16116 pro 16 mm vrtan\u00fd otvor<\/strong><\/h3>\n<p><strong>Ocelov\u00fd \u0161roubov\u00fd p\u011bch o d\u00e9lce 116 mm. <\/strong>Gumov\u00e1 obj\u00edmka <strong>40 mm<\/strong> dlouh\u00e9 s pod\u00e9ln\u00fdmi dr\u00e1\u017ekami, kter\u00e9 zabra\u0148uj\u00ed ot\u00e1\u010den\u00ed p\u0159i up\u00edn\u00e1n\u00ed p\u011bchovadla ve vrtu. <strong><span style=\"color: #00ccff;\">Up\u00ednac\u00ed matice se \u0161estihranem 14 mm<\/span> z vysoce v\u00fdkonn\u00e9ho plastu.<\/strong><\/p>\n<h4>P\u0159ipojen\u00ed: <strong>Samot\u011bsnic\u00ed trubkov\u00fd z\u00e1vit R1\/4\u2033<\/strong>, voln\u00fd pr\u016fchod <strong>\u00d8 5 mm<\/strong>.<\/h4>","protected":false},"featured_media":3776,"template":"","meta":[],"product_brand":[],"product_cat":[42,235],"product_tag":[236],"class_list":{"0":"post-3802","1":"product","2":"type-product","3":"status-publish","4":"has-post-thumbnail","6":"product_cat-injektion-packer-pumpen","7":"product_cat-injektionspacker-16-mm","8":"product_tag-injektionspacker-fuer-bohrung-16-mm","10":"first","11":"instock","12":"taxable","13":"shipping-taxable","14":"purchasable","15":"product-type-simple"},"tiered_pricing_type":"percentage","tiered_pricing_fixed_rules":[],"tiered_pricing_product_settings":{"layout":"default","base_unit_name":{"singular":null,"plural":null},"default_variation":null},"tiered_pricing_minimum_quantity":10,"tiered_pricing_roles_data":[],"tiered_pricing_percentage_rules":{"100":5,"1000":10},"tiered_pricing_maximum_quantity":null,"tiered_pricing_quantity_step":null,"_links":{"self":[{"href":"https:\/\/www.polymerpacker.de\/cs\/wp-json\/wp\/v2\/product\/3802","targetHints":{"allow":["GET"]}}],"collection":[{"href":"https:\/\/www.polymerpacker.de\/cs\/wp-json\/wp\/v2\/product"}],"about":[{"href":"https:\/\/www.polymerpacker.de\/cs\/wp-json\/wp\/v2\/types\/product"}],"wp:featuredmedia":[{"embeddable":true,"href":"https:\/\/www.polymerpacker.de\/cs\/wp-json\/wp\/v2\/media\/3776"}],"wp:attachment":[{"href":"https:\/\/www.polymerpacker.de\/cs\/wp-json\/wp\/v2\/media?parent=3802"}],"wp:term":[{"taxonomy":"product_brand","embeddable":true,"href":"https:\/\/www.polymerpacker.de\/cs\/wp-json\/wp\/v2\/product_brand?post=3802"},{"taxonomy":"product_cat","embeddable":true,"href":"https:\/\/www.polymerpacker.de\/cs\/wp-json\/wp\/v2\/product_cat?post=3802"},{"taxonomy":"product_tag","embeddable":true,"href":"https:\/\/www.polymerpacker.de\/cs\/wp-json\/wp\/v2\/product_tag?post=3802"}],"curies":[{"name":"wp","href":"https:\/\/api.w.org\/{rel}","templated":true}]}}