{"id":3790,"date":"2024-01-21T19:31:48","date_gmt":"2024-01-21T18:31:48","guid":{"rendered":"https:\/\/www.polymerpacker.de\/?post_type=product&#038;p=3790"},"modified":"2026-04-15T16:01:02","modified_gmt":"2026-04-15T14:01:02","slug":"nastrcny-klic-na-vstrikovaci-pech-14-mm","status":"publish","type":"product","link":"https:\/\/www.polymerpacker.de\/cs\/produkt\/injektionspacker-steckschluessel-14-mm\/","title":{"rendered":"N\u00e1str\u010dn\u00fd kl\u00ed\u010d na vst\u0159ikovac\u00ed p\u011bch 14 mm"},"content":{"rendered":"<h3><span style=\"color: #000000;\"><strong>N\u00e1str\u010dn\u00fd kl\u00ed\u010d na vst\u0159ikovac\u00ed p\u011bch 14 mm<\/strong><\/span><\/h3>\n<p><span style=\"color: #000000;\">Speci\u00e1ln\u00ed \u0161estihrann\u00fd kl\u00ed\u010d 14 mm, ide\u00e1ln\u00ed pro v\u0161echny vst\u0159ikovac\u00ed p\u011bchova\u010de (ocelov\u00e9 \u0161roubovac\u00ed p\u011bchova\u010de) se \u0161estihrannou up\u00ednac\u00ed matic\u00ed 14 mm s p\u0159ipojen\u00edm: trubkov\u00fd z\u00e1vit R1\/4\u2033. <\/span><span style=\"color: #000000;\">Speci\u00e1ln\u011b navr\u017een\u00e1 v\u016fle v n\u00e1str\u010dn\u00e9m kl\u00ed\u010di spolehliv\u011b zabra\u0148uje po\u0161kozen\u00ed z\u00e1vitu trubky R1\/4\u2033 p\u0159i utahov\u00e1n\u00ed up\u00ednac\u00ed matice.<\/span><\/p>\n<h3><span style=\"color: #000000;\"><strong>Proto\u017ee dobr\u00e1 pr\u00e1ce za\u010d\u00edn\u00e1 dobr\u00fdmi n\u00e1stroji<span style=\"font-family: 'Arial', sans-serif;\">.<\/span><\/strong><\/span><\/h3>","protected":false},"excerpt":{"rendered":"<h3><strong>Injek\u010dn\u00ed p\u011bchovadlo \u0160estihrann\u00fd kl\u00ed\u010d 14 mm<\/strong><\/h3>\n<h4>pro \u0161estihrannou up\u00ednac\u00ed matici s p\u0159ipojen\u00edm: trubkov\u00fd z\u00e1vit R1\/4\u2033<\/h4>","protected":false},"featured_media":3778,"template":"","meta":[],"product_brand":[],"product_cat":[199,42],"product_tag":[141],"class_list":{"0":"post-3790","1":"product","2":"type-product","3":"status-publish","4":"has-post-thumbnail","6":"product_cat-injektionspacker-montagewerkzeuge","7":"product_cat-injektion-packer-pumpen","8":"product_tag-steckschluessel-fuer-injektionspacker","10":"first","11":"instock","12":"taxable","13":"shipping-taxable","14":"purchasable","15":"product-type-simple"},"tiered_pricing_type":"fixed","tiered_pricing_fixed_rules":[],"tiered_pricing_product_settings":{"layout":"default","base_unit_name":{"singular":null,"plural":null},"default_variation":null},"tiered_pricing_minimum_quantity":null,"tiered_pricing_roles_data":[],"tiered_pricing_percentage_rules":[],"tiered_pricing_maximum_quantity":null,"tiered_pricing_quantity_step":null,"_links":{"self":[{"href":"https:\/\/www.polymerpacker.de\/cs\/wp-json\/wp\/v2\/product\/3790","targetHints":{"allow":["GET"]}}],"collection":[{"href":"https:\/\/www.polymerpacker.de\/cs\/wp-json\/wp\/v2\/product"}],"about":[{"href":"https:\/\/www.polymerpacker.de\/cs\/wp-json\/wp\/v2\/types\/product"}],"wp:featuredmedia":[{"embeddable":true,"href":"https:\/\/www.polymerpacker.de\/cs\/wp-json\/wp\/v2\/media\/3778"}],"wp:attachment":[{"href":"https:\/\/www.polymerpacker.de\/cs\/wp-json\/wp\/v2\/media?parent=3790"}],"wp:term":[{"taxonomy":"product_brand","embeddable":true,"href":"https:\/\/www.polymerpacker.de\/cs\/wp-json\/wp\/v2\/product_brand?post=3790"},{"taxonomy":"product_cat","embeddable":true,"href":"https:\/\/www.polymerpacker.de\/cs\/wp-json\/wp\/v2\/product_cat?post=3790"},{"taxonomy":"product_tag","embeddable":true,"href":"https:\/\/www.polymerpacker.de\/cs\/wp-json\/wp\/v2\/product_tag?post=3790"}],"curies":[{"name":"wp","href":"https:\/\/api.w.org\/{rel}","templated":true}]}}