{"id":3486,"date":"2023-09-23T13:59:09","date_gmt":"2023-09-23T11:59:09","guid":{"rendered":"https:\/\/www.polymerpacker.de\/?post_type=product&#038;p=3486"},"modified":"2026-04-15T16:01:02","modified_gmt":"2026-04-15T14:01:02","slug":"vysoce-vykonny-karbidovy-vrtak-do-hornin-12-x-400-mm","status":"publish","type":"product","link":"https:\/\/www.polymerpacker.de\/cs\/produkt\/hochleistungs-hartmetall-gesteinsbohrer-12-x-400-mm\/","title":{"rendered":"Vysoce v\u00fdkonn\u00fd karbidov\u00fd vrt\u00e1k do hornin 12 x 400 mm"},"content":{"rendered":"<p><span style=\"color: #000000;\"><strong>Vysoce v\u00fdkonn\u00fd karbidov\u00fd vrt\u00e1k do hornin 12 x 400 mm se 4 b\u0159ity z pln\u00e9ho karbidu a progresivn\u00ed spir\u00e1lovou konstrukc\u00ed.<\/strong><br \/>\nPro velmi p\u0159esn\u00e9 vrt\u00e1n\u00ed otvor\u016f, bezprobl\u00e9mov\u00e9 vrt\u00e1n\u00ed skrz \u017eelezn\u00e9 laminace, n\u00edzkovibra\u010dn\u00ed provoz, dobr\u00fd posuv prachu p\u0159i vrt\u00e1n\u00ed.<br \/>\n<strong>SDS-Plus (10 mm vrtac\u00ed stopka).<\/strong><\/span><\/p>","protected":false},"excerpt":{"rendered":"<h3><strong><span style=\"color: #000000;\">Vysoce v\u00fdkonn\u00fd karbidov\u00fd vrt\u00e1k do hornin 12 x 400 mm<\/span><\/strong><\/h3>\n<p><strong><span style=\"color: #000000;\">Pr\u016fm\u011br 12 mm, d\u00e9lka spir\u00e1ly 400 mm, celkov\u00e1 d\u00e9lka 450 mm, m<\/span><\/strong><strong><span style=\"color: #000000;\">se 4 b\u0159ity z pln\u00e9ho karbidu a progresivn\u00ed spir\u00e1lovou konstrukc\u00ed. <\/span><\/strong><strong><span style=\"color: #000000;\">SDS-Plus (10 mm vrtac\u00ed stopka).<\/span><\/strong><\/p>","protected":false},"featured_media":3518,"template":"","meta":[],"product_brand":[],"product_cat":[42,233],"product_tag":[234],"class_list":{"0":"post-3486","1":"product","2":"type-product","3":"status-publish","4":"has-post-thumbnail","6":"product_cat-injektion-packer-pumpen","7":"product_cat-hartmetall-gesteinsbohrer","8":"product_tag-hochleistungs-hartmetall-gesteinsbohrer","10":"first","11":"instock","12":"taxable","13":"shipping-taxable","14":"purchasable","15":"product-type-simple"},"tiered_pricing_type":"percentage","tiered_pricing_fixed_rules":[],"tiered_pricing_product_settings":{"layout":"table","base_unit_name":{"singular":null,"plural":null},"default_variation":null},"tiered_pricing_minimum_quantity":null,"tiered_pricing_roles_data":[],"tiered_pricing_percentage_rules":[],"tiered_pricing_maximum_quantity":null,"tiered_pricing_quantity_step":null,"_links":{"self":[{"href":"https:\/\/www.polymerpacker.de\/cs\/wp-json\/wp\/v2\/product\/3486","targetHints":{"allow":["GET"]}}],"collection":[{"href":"https:\/\/www.polymerpacker.de\/cs\/wp-json\/wp\/v2\/product"}],"about":[{"href":"https:\/\/www.polymerpacker.de\/cs\/wp-json\/wp\/v2\/types\/product"}],"wp:featuredmedia":[{"embeddable":true,"href":"https:\/\/www.polymerpacker.de\/cs\/wp-json\/wp\/v2\/media\/3518"}],"wp:attachment":[{"href":"https:\/\/www.polymerpacker.de\/cs\/wp-json\/wp\/v2\/media?parent=3486"}],"wp:term":[{"taxonomy":"product_brand","embeddable":true,"href":"https:\/\/www.polymerpacker.de\/cs\/wp-json\/wp\/v2\/product_brand?post=3486"},{"taxonomy":"product_cat","embeddable":true,"href":"https:\/\/www.polymerpacker.de\/cs\/wp-json\/wp\/v2\/product_cat?post=3486"},{"taxonomy":"product_tag","embeddable":true,"href":"https:\/\/www.polymerpacker.de\/cs\/wp-json\/wp\/v2\/product_tag?post=3486"}],"curies":[{"name":"wp","href":"https:\/\/api.w.org\/{rel}","templated":true}]}}