{"id":3449,"date":"2023-09-17T19:03:09","date_gmt":"2023-09-17T17:03:09","guid":{"rendered":"https:\/\/www.polymerpacker.de\/?post_type=product&#038;p=3449"},"modified":"2026-04-15T16:01:00","modified_gmt":"2026-04-15T14:01:00","slug":"injekcni-lepici-pech-kp50m8","status":"publish","type":"product","link":"https:\/\/www.polymerpacker.de\/cs\/produkt\/injektions-klebepacker-kp50m8\/","title":{"rendered":"Injek\u010dn\u00ed lepic\u00ed p\u011bch KP50M8"},"content":{"rendered":"<h2><span style=\"color: #000000;\"><strong>Injek\u010dn\u00ed lepic\u00ed p\u011bch KP50M8 <\/strong><\/span><\/h2>\n<p><span style=\"color: #000000;\">pro lepen\u00ed na povrchy stavebn\u00edch prvk\u016f, u nich\u017e nen\u00ed \u017e\u00e1douc\u00ed nebo p\u0159\u00edpustn\u00e9 vrt\u00e1n\u00ed otvor\u016f pro injekt\u00e1\u017e trhlin. <strong>(ZTV-RIS).<\/strong><\/span><\/p>\n<p><span style=\"color: #000000;\"><strong>P\u0159\u00edklady pou\u017eit\u00ed: <\/strong>Injekt\u00e1\u017e trhlin na stavebn\u00edch prvc\u00edch z p\u0159edpjat\u00e9ho betonu, betonu s hustou v\u00fdztu\u017e\u00ed nebo exponovan\u00fdch betonov\u00fdch prvc\u00edch. Lze pou\u017e\u00edt k injekt\u00e1\u017ei epoxidov\u00e9 prysky\u0159ice, polyuretanov\u00e9 prysky\u0159ice a polyesterov\u00e9 prysky\u0159ice.<\/span><\/p>\n<p><span style=\"color: #000000;\"><strong>Polymerpacker Injek\u010dn\u00ed lepic\u00ed p\u011bchovadlo<\/strong><\/span><\/p>\n<p><span style=\"color: #000000;\">- Vyrobeno z vysoce p\u0159ilnav\u00e9ho vysoce v\u00fdkonn\u00e9ho plastu.<\/span><\/p>\n<p><span style=\"color: #000000;\">- Adhezn\u00ed povrch se strukturou optimalizovanou pro lepen\u00ed.<\/span><\/p>\n<p><span style=\"color: #000000;\">- Lze pou\u017e\u00edt pro maxim\u00e1ln\u00ed vst\u0159ikovac\u00ed tlaky a\u017e 60 bar\u016f p\u0159i lepen\u00ed na pevn\u00e9 povrchy pomoc\u00ed vysoce kvalitn\u00edch lepidel.<\/span><\/p>\n<p><span style=\"color: #000000;\"><strong>Polymerpacker Injek\u010dn\u00ed lepic\u00ed p\u011bch. P\u016fvodn\u00ed, osv\u011bd\u010den\u00fd v\u00fdrobek, kter\u00fd vyr\u00e1b\u00edme od roku 1993.<\/strong><\/span><\/p>\n<p><span style=\"color: #000000;\"><strong>Injekt\u00e1\u017e trhlin podle ZTV-RIS na betonov\u00e9m konstruk\u010dn\u00edm prvku, s<\/strong><\/span><span style=\"color: #000000;\"><strong>o je to tak jednoduch\u00e9:<\/strong><\/span><\/p>\n<p><strong><span style=\"color: #000000;\">1. <\/span><\/strong><span style=\"color: #000000;\">Prasklinu vy\u010dist\u011bte p\u00edskov\u00e1n\u00edm nebo dr\u00e1t\u011bn\u00fdm kart\u00e1\u010dem a v p\u0159\u00edpad\u011b pot\u0159eby vysu\u0161te hork\u00fdm vzduchem.<\/span><\/p>\n<p><img fetchpriority=\"high\" decoding=\"async\" class=\"size-medium wp-image-3590\" src=\"https:\/\/www.polymerpacker.de\/wp-content\/uploads\/2023\/10\/kp50ia1-400x400.jpg\" alt=\"Lepic\u00ed p\u011bchovadlo v provozu Obr\u00e1zek 1 z 9\" width=\"400\" height=\"400\" srcset=\"https:\/\/www.polymerpacker.de\/wp-content\/uploads\/2023\/10\/kp50ia1-400x400.jpg 400w, https:\/\/www.polymerpacker.de\/wp-content\/uploads\/2023\/10\/kp50ia1-200x200.jpg 200w, https:\/\/www.polymerpacker.de\/wp-content\/uploads\/2023\/10\/kp50ia1-150x150.jpg 150w, https:\/\/www.polymerpacker.de\/wp-content\/uploads\/2023\/10\/kp50ia1-800x800.jpg 800w, https:\/\/www.polymerpacker.de\/wp-content\/uploads\/2023\/10\/kp50ia1-280x280.jpg 280w, https:\/\/www.polymerpacker.de\/wp-content\/uploads\/2023\/10\/kp50ia1-768x768.jpg 768w, https:\/\/www.polymerpacker.de\/wp-content\/uploads\/2023\/10\/kp50ia1-1536x1536.jpg 1536w, https:\/\/www.polymerpacker.de\/wp-content\/uploads\/2023\/10\/kp50ia1.jpg 2000w\" sizes=\"(max-width: 400px) 100vw, 400px\" \/><\/p>\n<p><strong><span style=\"color: #000000;\">2. <\/span><\/strong><span style=\"color: #000000;\">Pro p\u0159\u00edpravu injek\u010dn\u00edch kan\u00e1lk\u016f zatlu\u010dte do trhliny ocelov\u00e9 h\u0159eb\u00edky v hloubce nejm\u00e9n\u011b 5 mm ve vzd\u00e1lenostech p\u0159ibli\u017en\u011b 20 cm.<\/span><\/p>\n<p><img decoding=\"async\" class=\"size-medium wp-image-3591\" src=\"https:\/\/www.polymerpacker.de\/wp-content\/uploads\/2023\/10\/kp50ia2-400x400.jpg\" alt=\"Lepic\u00ed p\u011bchovadlo v provozu Obr\u00e1zek 2 z 9\" width=\"400\" height=\"400\" srcset=\"https:\/\/www.polymerpacker.de\/wp-content\/uploads\/2023\/10\/kp50ia2-400x400.jpg 400w, https:\/\/www.polymerpacker.de\/wp-content\/uploads\/2023\/10\/kp50ia2-200x200.jpg 200w, https:\/\/www.polymerpacker.de\/wp-content\/uploads\/2023\/10\/kp50ia2-150x150.jpg 150w, https:\/\/www.polymerpacker.de\/wp-content\/uploads\/2023\/10\/kp50ia2-800x800.jpg 800w, https:\/\/www.polymerpacker.de\/wp-content\/uploads\/2023\/10\/kp50ia2-280x280.jpg 280w, https:\/\/www.polymerpacker.de\/wp-content\/uploads\/2023\/10\/kp50ia2-768x768.jpg 768w, https:\/\/www.polymerpacker.de\/wp-content\/uploads\/2023\/10\/kp50ia2-1536x1536.jpg 1536w, https:\/\/www.polymerpacker.de\/wp-content\/uploads\/2023\/10\/kp50ia2.jpg 2000w\" sizes=\"(max-width: 400px) 100vw, 400px\" \/><\/p>\n<p><img decoding=\"async\" class=\"size-medium wp-image-3592\" src=\"https:\/\/www.polymerpacker.de\/wp-content\/uploads\/2023\/10\/kp50ia3-400x400.jpg\" alt=\"Pou\u017eit\u00ed lepic\u00edho p\u011bchovadla Obr\u00e1zek 3 z 9\" width=\"400\" height=\"400\" srcset=\"https:\/\/www.polymerpacker.de\/wp-content\/uploads\/2023\/10\/kp50ia3-400x400.jpg 400w, https:\/\/www.polymerpacker.de\/wp-content\/uploads\/2023\/10\/kp50ia3-200x200.jpg 200w, https:\/\/www.polymerpacker.de\/wp-content\/uploads\/2023\/10\/kp50ia3-150x150.jpg 150w, https:\/\/www.polymerpacker.de\/wp-content\/uploads\/2023\/10\/kp50ia3-800x800.jpg 800w, https:\/\/www.polymerpacker.de\/wp-content\/uploads\/2023\/10\/kp50ia3-280x280.jpg 280w, https:\/\/www.polymerpacker.de\/wp-content\/uploads\/2023\/10\/kp50ia3-768x768.jpg 768w, https:\/\/www.polymerpacker.de\/wp-content\/uploads\/2023\/10\/kp50ia3-1536x1536.jpg 1536w, https:\/\/www.polymerpacker.de\/wp-content\/uploads\/2023\/10\/kp50ia3.jpg 2000w\" sizes=\"(max-width: 400px) 100vw, 400px\" \/><\/p>\n<p><span style=\"color: #000000;\"><strong>3.<\/strong> Naneste vhodn\u00e9 lepidlo na lepic\u00ed plochu lepic\u00edch tmel\u016f a p\u0159itla\u010dte lepic\u00ed tmely p\u0159es ocelov\u00e9 h\u0159eb\u00edky na povrch betonov\u00e9ho d\u00edlu. Lepidlo by m\u011blo vystupovat z otvor\u016f na zadn\u00ed stran\u011b lepic\u00edch ploch, aby se vytvo\u0159il co nejpevn\u011bj\u0161\u00ed a nejjist\u011bj\u0161\u00ed lepic\u00ed spoj. Zatlu\u010den\u00e9 ocelov\u00e9 h\u0159eb\u00edky zabra\u0148uj\u00ed ucp\u00e1n\u00ed injek\u010dn\u00edch kan\u00e1lk\u016f lepidlem.<\/span><\/p>\n<p><img loading=\"lazy\" decoding=\"async\" class=\"size-medium wp-image-3593\" src=\"https:\/\/www.polymerpacker.de\/wp-content\/uploads\/2023\/10\/kp50ia4-400x400.jpg\" alt=\"Lepic\u00ed p\u011bchovadlo v provozu Obr\u00e1zek 4 z 9\" width=\"400\" height=\"400\" srcset=\"https:\/\/www.polymerpacker.de\/wp-content\/uploads\/2023\/10\/kp50ia4-400x400.jpg 400w, https:\/\/www.polymerpacker.de\/wp-content\/uploads\/2023\/10\/kp50ia4-200x200.jpg 200w, https:\/\/www.polymerpacker.de\/wp-content\/uploads\/2023\/10\/kp50ia4-150x150.jpg 150w, https:\/\/www.polymerpacker.de\/wp-content\/uploads\/2023\/10\/kp50ia4-800x800.jpg 800w, https:\/\/www.polymerpacker.de\/wp-content\/uploads\/2023\/10\/kp50ia4-280x280.jpg 280w, https:\/\/www.polymerpacker.de\/wp-content\/uploads\/2023\/10\/kp50ia4-768x768.jpg 768w, https:\/\/www.polymerpacker.de\/wp-content\/uploads\/2023\/10\/kp50ia4-1536x1536.jpg 1536w, https:\/\/www.polymerpacker.de\/wp-content\/uploads\/2023\/10\/kp50ia4.jpg 2000w\" sizes=\"(max-width: 400px) 100vw, 400px\" \/><\/p>\n<p><img loading=\"lazy\" decoding=\"async\" class=\"size-medium wp-image-3594\" src=\"https:\/\/www.polymerpacker.de\/wp-content\/uploads\/2023\/10\/kp50ia5-400x400.jpg\" alt=\"Lepic\u00ed p\u011bchovadlo v provozu Obr\u00e1zek 5 z 9\" width=\"400\" height=\"400\" srcset=\"https:\/\/www.polymerpacker.de\/wp-content\/uploads\/2023\/10\/kp50ia5-400x400.jpg 400w, https:\/\/www.polymerpacker.de\/wp-content\/uploads\/2023\/10\/kp50ia5-200x200.jpg 200w, https:\/\/www.polymerpacker.de\/wp-content\/uploads\/2023\/10\/kp50ia5-150x150.jpg 150w, https:\/\/www.polymerpacker.de\/wp-content\/uploads\/2023\/10\/kp50ia5-800x800.jpg 800w, https:\/\/www.polymerpacker.de\/wp-content\/uploads\/2023\/10\/kp50ia5-280x280.jpg 280w, https:\/\/www.polymerpacker.de\/wp-content\/uploads\/2023\/10\/kp50ia5-768x768.jpg 768w, https:\/\/www.polymerpacker.de\/wp-content\/uploads\/2023\/10\/kp50ia5-1536x1536.jpg 1536w, https:\/\/www.polymerpacker.de\/wp-content\/uploads\/2023\/10\/kp50ia5.jpg 2000w\" sizes=\"(max-width: 400px) 100vw, 400px\" \/><\/p>\n<p><img loading=\"lazy\" decoding=\"async\" class=\"size-medium wp-image-3595\" src=\"https:\/\/www.polymerpacker.de\/wp-content\/uploads\/2023\/10\/kp50ia6-400x400.jpg\" alt=\"Lepic\u00ed p\u011bchovadlo v provozu Obr\u00e1zek 6 z 9\" width=\"400\" height=\"400\" srcset=\"https:\/\/www.polymerpacker.de\/wp-content\/uploads\/2023\/10\/kp50ia6-400x400.jpg 400w, https:\/\/www.polymerpacker.de\/wp-content\/uploads\/2023\/10\/kp50ia6-200x200.jpg 200w, https:\/\/www.polymerpacker.de\/wp-content\/uploads\/2023\/10\/kp50ia6-150x150.jpg 150w, https:\/\/www.polymerpacker.de\/wp-content\/uploads\/2023\/10\/kp50ia6-800x800.jpg 800w, https:\/\/www.polymerpacker.de\/wp-content\/uploads\/2023\/10\/kp50ia6-280x280.jpg 280w, https:\/\/www.polymerpacker.de\/wp-content\/uploads\/2023\/10\/kp50ia6-768x768.jpg 768w, https:\/\/www.polymerpacker.de\/wp-content\/uploads\/2023\/10\/kp50ia6-1536x1536.jpg 1536w, https:\/\/www.polymerpacker.de\/wp-content\/uploads\/2023\/10\/kp50ia6.jpg 2000w\" sizes=\"(max-width: 400px) 100vw, 400px\" \/><\/p>\n<p><span style=\"color: #000000;\"><strong>4.<\/strong> Trhlinu ut\u011bsn\u011bte lepidlem, po vytvrdnut\u00ed lepidla vyt\u00e1hn\u011bte ocelov\u00e9 h\u0159eb\u00edky a za\u0161roubujte ku\u017eelov\u00e9 vsuvky do otvor\u016f se z\u00e1vitem, ale je\u0161t\u011b je neutahujte.<br \/>\n<\/span><\/p>\n<p><img loading=\"lazy\" decoding=\"async\" class=\"size-medium wp-image-3597\" src=\"https:\/\/www.polymerpacker.de\/wp-content\/uploads\/2023\/10\/kp50iA8-400x400.jpg\" alt=\"Lepic\u00ed p\u011bchovadlo v provozu Obr\u00e1zek 8 z 9\" width=\"400\" height=\"400\" srcset=\"https:\/\/www.polymerpacker.de\/wp-content\/uploads\/2023\/10\/kp50iA8-400x400.jpg 400w, https:\/\/www.polymerpacker.de\/wp-content\/uploads\/2023\/10\/kp50iA8-200x200.jpg 200w, https:\/\/www.polymerpacker.de\/wp-content\/uploads\/2023\/10\/kp50iA8-150x150.jpg 150w, https:\/\/www.polymerpacker.de\/wp-content\/uploads\/2023\/10\/kp50iA8-800x800.jpg 800w, https:\/\/www.polymerpacker.de\/wp-content\/uploads\/2023\/10\/kp50iA8-280x280.jpg 280w, https:\/\/www.polymerpacker.de\/wp-content\/uploads\/2023\/10\/kp50iA8-768x768.jpg 768w, https:\/\/www.polymerpacker.de\/wp-content\/uploads\/2023\/10\/kp50iA8-1536x1536.jpg 1536w, https:\/\/www.polymerpacker.de\/wp-content\/uploads\/2023\/10\/kp50iA8.jpg 2000w\" sizes=\"(max-width: 400px) 100vw, 400px\" \/><\/p>\n<p><span style=\"color: #000000;\"><strong>5.<\/strong> Za\u010dn\u011bte na za\u010d\u00e1tku trhliny na prvn\u00edm adhezivn\u00edm p\u011bchovadle, ut\u00e1hn\u011bte ku\u017eelovou vsuvku a vst\u0159ikujte prysky\u0159ici, dokud z druh\u00e9ho adhezivn\u00edho p\u011bchovadla mezi z\u00e1vitem adhezivn\u00edho p\u011bchovadla a ku\u017eelovou vsuvkou nevyst\u0159\u00edkne prysky\u0159ice bez p\u011bny. <\/span><span style=\"color: #000000;\">Nyn\u00ed ut\u00e1hn\u011bte tak\u00e9 ku\u017eelovou vsuvku na druh\u00e9m adhezivn\u00edm p\u011bchovadle a vst\u0159ikujte prysky\u0159ici, dokud se mezi z\u00e1vitem adhezivn\u00edho p\u011bchovadla a ku\u017eelovou vsuvkou neobjev\u00ed prysky\u0159ice bez p\u011bny. <\/span><span style=\"color: #000000;\">Pokra\u010dujte v tomto po\u0159ad\u00ed, dokud nebude prysky\u0159ice vst\u0159\u00edknuta do v\u0161ech lepic\u00edch p\u011bch\u016f. Pot\u00e9 vst\u0159\u00edkn\u011bte dal\u0161\u00ed prysky\u0159ici do v\u0161ech lepic\u00edch p\u011bch\u016f. <\/span><span style=\"color: #000000;\">Tento postup m\u00e1 za c\u00edl systematicky vytla\u010dit vzduch z trhliny a zabr\u00e1nit vzniku vzduchov\u00fdch kapes.<\/span><\/p>\n<p><img loading=\"lazy\" decoding=\"async\" class=\"size-medium wp-image-3598\" src=\"https:\/\/www.polymerpacker.de\/wp-content\/uploads\/2023\/10\/kp50ia9-400x400.jpg\" alt=\"Lepic\u00ed p\u011bchovadlo v provozu Obr\u00e1zek 9 z 9\" width=\"400\" height=\"400\" srcset=\"https:\/\/www.polymerpacker.de\/wp-content\/uploads\/2023\/10\/kp50ia9-400x400.jpg 400w, https:\/\/www.polymerpacker.de\/wp-content\/uploads\/2023\/10\/kp50ia9-200x200.jpg 200w, https:\/\/www.polymerpacker.de\/wp-content\/uploads\/2023\/10\/kp50ia9-150x150.jpg 150w, https:\/\/www.polymerpacker.de\/wp-content\/uploads\/2023\/10\/kp50ia9-800x800.jpg 800w, https:\/\/www.polymerpacker.de\/wp-content\/uploads\/2023\/10\/kp50ia9-280x280.jpg 280w, https:\/\/www.polymerpacker.de\/wp-content\/uploads\/2023\/10\/kp50ia9-768x768.jpg 768w, https:\/\/www.polymerpacker.de\/wp-content\/uploads\/2023\/10\/kp50ia9-1536x1536.jpg 1536w, https:\/\/www.polymerpacker.de\/wp-content\/uploads\/2023\/10\/kp50ia9.jpg 2000w\" sizes=\"(max-width: 400px) 100vw, 400px\" \/><\/p>\n<p><strong>Na\u0161e doporu\u010den\u00ed:<\/strong><\/p>\n<p><strong>Pro vst\u0159ikov\u00e1n\u00ed trhlin <\/strong><strong>Nejni\u017e\u0161\u00ed mo\u017en\u00e1 viskozita<\/strong> <strong>Pou\u017e\u00edvejte epoxidov\u00e9, polyuretanov\u00e9 nebo polyesterov\u00e9 prysky\u0159ice p\u0159i maxim\u00e1ln\u00edm vst\u0159ikovac\u00edm tlaku p\u0159ibli\u017en\u011b 20 bar\u016f.<\/strong><strong> Pro lepen\u00ed injek\u010dn\u00edch lepic\u00edch tmel\u016f na betonov\u00e9 povrchy se velmi osv\u011bd\u010dila dvouslo\u017ekov\u00e1 polyesterov\u00e1 kompozitn\u00ed malta (kotevn\u00ed lepidlo).<\/strong><\/p>","protected":false},"excerpt":{"rendered":"<h3><span style=\"color: #000000;\"><strong>Injek\u010dn\u00ed lepic\u00ed p\u011bch KP50M8 - <\/strong><strong>Plastov\u00fd lepic\u00ed tmel (vyztu\u017een\u00fd sklen\u011bn\u00fdmi vl\u00e1kny) pro injekt\u00e1\u017e trhlin podle ZTV-RIS.<\/strong><\/span><\/h3>\n<p><span style=\"color: #000000;\">Vyrobeno z plastu vyztu\u017een\u00e9ho sklen\u011bn\u00fdmi vl\u00e1kny - velmi robustn\u00ed, lepic\u00ed plocha \u00d8 50 mm.<\/span><\/p>\n<h4><span style=\"color: #000000;\">P\u0159ipojen\u00ed: Vnit\u0159n\u00ed z\u00e1vit<strong> M8,<\/strong> voln\u00fd pr\u016fchod \u00d8<strong> 6 mm.<\/strong><\/span><\/h4>","protected":false},"featured_media":3446,"template":"","meta":[],"product_brand":[],"product_cat":[42,205],"product_tag":[131,206],"class_list":{"0":"post-3449","1":"product","2":"type-product","3":"status-publish","4":"has-post-thumbnail","6":"product_cat-injektion-packer-pumpen","7":"product_cat-injektions-klebepacker","8":"product_tag-unsere-millionenfach-bewaehrten-produkte","9":"product_tag-klebepacker","11":"first","12":"instock","13":"taxable","14":"shipping-taxable","15":"purchasable","16":"product-type-simple"},"tiered_pricing_type":"percentage","tiered_pricing_fixed_rules":[],"tiered_pricing_product_settings":{"layout":"default","base_unit_name":{"singular":null,"plural":null},"default_variation":null},"tiered_pricing_minimum_quantity":10,"tiered_pricing_roles_data":[],"tiered_pricing_percentage_rules":{"100":5,"1000":8,"2000":10,"5000":12},"tiered_pricing_maximum_quantity":null,"tiered_pricing_quantity_step":null,"_links":{"self":[{"href":"https:\/\/www.polymerpacker.de\/cs\/wp-json\/wp\/v2\/product\/3449","targetHints":{"allow":["GET"]}}],"collection":[{"href":"https:\/\/www.polymerpacker.de\/cs\/wp-json\/wp\/v2\/product"}],"about":[{"href":"https:\/\/www.polymerpacker.de\/cs\/wp-json\/wp\/v2\/types\/product"}],"wp:featuredmedia":[{"embeddable":true,"href":"https:\/\/www.polymerpacker.de\/cs\/wp-json\/wp\/v2\/media\/3446"}],"wp:attachment":[{"href":"https:\/\/www.polymerpacker.de\/cs\/wp-json\/wp\/v2\/media?parent=3449"}],"wp:term":[{"taxonomy":"product_brand","embeddable":true,"href":"https:\/\/www.polymerpacker.de\/cs\/wp-json\/wp\/v2\/product_brand?post=3449"},{"taxonomy":"product_cat","embeddable":true,"href":"https:\/\/www.polymerpacker.de\/cs\/wp-json\/wp\/v2\/product_cat?post=3449"},{"taxonomy":"product_tag","embeddable":true,"href":"https:\/\/www.polymerpacker.de\/cs\/wp-json\/wp\/v2\/product_tag?post=3449"}],"curies":[{"name":"wp","href":"https:\/\/api.w.org\/{rel}","templated":true}]}}