{"id":3448,"date":"2023-09-17T18:41:57","date_gmt":"2023-09-17T16:41:57","guid":{"rendered":"https:\/\/www.polymerpacker.de\/?post_type=product&#038;p=3448"},"modified":"2026-04-15T16:00:59","modified_gmt":"2026-04-15T14:00:59","slug":"kuzelova-vsuvka-m8","status":"publish","type":"product","link":"https:\/\/www.polymerpacker.de\/cs\/produkt\/kegelnippel-m8\/","title":{"rendered":"Ku\u017eelov\u00e1 vsuvka M8"},"content":{"rendered":"<p><span style=\"color: #000000;\"><span style=\"font-family: Arial, sans-serif;\"><span style=\"font-size: medium;\"><b>Standardn\u00ed p\u0159ipojovac\u00ed syst\u00e9m pro vst\u0159ikovac\u00ed p\u011bchy.<\/b><\/span><\/span><\/span><\/p>\n<p><span style=\"color: #000000;\"><span style=\"font-family: Arial, sans-serif;\"><span style=\"font-size: medium;\">Lze pou\u017e\u00edt pro vst\u0159ikov\u00e1n\u00ed epoxidov\u00e9 prysky\u0159ice, polyuretanov\u00e9 prysky\u0159ice, akryl\u00e1tov\u00e9ho gelu, silikonov\u00e9 emulze, silik\u00e1tov\u00e9ho kr\u00e9mu. <strong>Pro maxim\u00e1ln\u00ed vst\u0159ikovac\u00ed tlaky a\u017e 250 bar\u016f.<\/strong> <\/span><\/span><\/span><\/p>","protected":false},"excerpt":{"rendered":"<h3><span style=\"color: #000000;\"><strong>Ku\u017eelov\u00e1 vsuvka KNM8<\/strong><\/span><\/h3>\n<p><span style=\"color: #000000;\"><strong>Ocelov\u00e1 ku\u017eelov\u00e1 vsuvka DIN 71412<\/strong> se zp\u011btn\u00fdm ventilem. Otev\u00edrac\u00ed tlak cca. <strong>10 bar\u016f.<\/strong><\/span><\/p>\n<h4><span style=\"color: #000000;\">P\u0159ipojen\u00ed: <strong>Vn\u011bj\u0161\u00ed z\u00e1vit M8, <\/strong>D\u00e9lka z\u00e1vitu<strong> 6 mm, <\/strong>\u0160\u00ed\u0159ka nap\u0159\u00ed\u010d plochami 9<strong> mm.<\/strong><\/span><\/h4>","protected":false},"featured_media":3445,"template":"","meta":[],"product_brand":[],"product_cat":[42,121],"product_tag":[122,206],"class_list":{"0":"post-3448","1":"product","2":"type-product","3":"status-publish","4":"has-post-thumbnail","6":"product_cat-injektion-packer-pumpen","7":"product_cat-injektionspacker-anschliessen","8":"product_tag-injektionspacker-an-pumpen-anschliessen","9":"product_tag-klebepacker","11":"first","12":"instock","13":"taxable","14":"shipping-taxable","15":"purchasable","16":"product-type-simple"},"tiered_pricing_type":"percentage","tiered_pricing_fixed_rules":{"100":5,"1000":10},"tiered_pricing_product_settings":{"layout":"default","base_unit_name":{"singular":null,"plural":null},"default_variation":null},"tiered_pricing_minimum_quantity":10,"tiered_pricing_roles_data":[],"tiered_pricing_percentage_rules":{"100":5,"1000":8},"tiered_pricing_maximum_quantity":null,"tiered_pricing_quantity_step":null,"_links":{"self":[{"href":"https:\/\/www.polymerpacker.de\/cs\/wp-json\/wp\/v2\/product\/3448","targetHints":{"allow":["GET"]}}],"collection":[{"href":"https:\/\/www.polymerpacker.de\/cs\/wp-json\/wp\/v2\/product"}],"about":[{"href":"https:\/\/www.polymerpacker.de\/cs\/wp-json\/wp\/v2\/types\/product"}],"wp:featuredmedia":[{"embeddable":true,"href":"https:\/\/www.polymerpacker.de\/cs\/wp-json\/wp\/v2\/media\/3445"}],"wp:attachment":[{"href":"https:\/\/www.polymerpacker.de\/cs\/wp-json\/wp\/v2\/media?parent=3448"}],"wp:term":[{"taxonomy":"product_brand","embeddable":true,"href":"https:\/\/www.polymerpacker.de\/cs\/wp-json\/wp\/v2\/product_brand?post=3448"},{"taxonomy":"product_cat","embeddable":true,"href":"https:\/\/www.polymerpacker.de\/cs\/wp-json\/wp\/v2\/product_cat?post=3448"},{"taxonomy":"product_tag","embeddable":true,"href":"https:\/\/www.polymerpacker.de\/cs\/wp-json\/wp\/v2\/product_tag?post=3448"}],"curies":[{"name":"wp","href":"https:\/\/api.w.org\/{rel}","templated":true}]}}