{"id":3173,"date":"2023-04-26T21:54:32","date_gmt":"2023-04-26T19:54:32","guid":{"rendered":"https:\/\/www.polymerpacker.de\/?post_type=product&#038;p=3173"},"modified":"2026-04-15T16:00:59","modified_gmt":"2026-04-15T14:00:59","slug":"rozpoustec-100-mm-s-ocelovou-hrideli-500-mm","status":"publish","type":"product","link":"https:\/\/www.polymerpacker.de\/cs\/produkt\/dissolver-100-mm-mit-stahlwelle-500-mm\/","title":{"rendered":"Rozpou\u0161t\u011b\u010d 100 mm s ocelovou h\u0159\u00eddel\u00ed 500 mm"},"content":{"rendered":"<p lang=\"zxx\"><span style=\"color: #000000;\"><b>Rozpou\u0161t\u011b\u010d Polymerpacker <\/b>(kotou\u010dov\u00e1 m\u00edchadla) jsou velmi \u00fa\u010dinn\u00e9 n\u00e1stroje s vynikaj\u00edc\u00edmi m\u00edchac\u00edmi vlastnostmi pro v\u00fdrobu velmi homogenn\u00edch konzistenc\u00ed. N\u00edzk\u00e1 tvorba rozst\u0159ik\u016f, n\u00edzk\u00fd pod\u00edl vzduchu ve sm\u011bsi (tvorba bublin) a snadn\u00e1 demont\u00e1\u017e umo\u017e\u0148uj\u00ed efektivn\u00ed a \u010distou pr\u00e1ci p\u0159i vysok\u00e9 produktivit\u011b.<strong> Polymerpacker - proto\u017ee dobr\u00e1 pr\u00e1ce za\u010d\u00edn\u00e1 dobr\u00fdmi n\u00e1stroji.<\/strong><\/span><\/p>\n<p lang=\"zxx\"><span style=\"color: #000000;\"><b>P\u0159\u00edklady pou\u017eit\u00ed: <\/b> M\u00edch\u00e1n\u00ed, m\u00edch\u00e1n\u00ed a dispergace kapalin a suspenz\u00ed (past), jako jsou barvy, laky, lepidla, sm\u011bsi syntetick\u00fdch prysky\u0159ic, r\u016fzn\u00e9 vyrovn\u00e1vac\u00ed hmoty, om\u00edtky, v\u00e1penn\u00e9, cementov\u00e9 nebo hlin\u011bn\u00e9 om\u00edtky. M\u00edch\u00e1n\u00ed such\u00fdch sypk\u00fdch pr\u00e1\u0161k\u016f, granul\u00e1t\u016f a p\u00edsk\u016f st\u0159edn\u00ed hustoty.<\/span><\/p>\n<p><span style=\"color: #000000;\"><b>Rozpou\u0161t\u011b\u010d Polymerpacker<\/b> jsou k dispozici s rozpou\u0161t\u011bc\u00edmi kotou\u010di o pr\u016fm\u011bru 45, 75, 100 a 150 mm. Ka\u017ed\u00fd z nich lze kombinovat s velk\u00fdm v\u00fdb\u011brem r\u016fzn\u00fdch resolverov\u00fdch h\u0159\u00eddel\u00ed a pokr\u00fdt tak nespo\u010det oblast\u00ed pou\u017eit\u00ed. Rozpou\u0161t\u011bc\u00ed kotou\u010d lze rychle a snadno p\u0159ipojit k p\u0159\u00edslu\u0161n\u00e9 rozpou\u0161t\u011bc\u00ed h\u0159\u00eddeli a odpojit od n\u00ed. Komer\u010dn\u011b dostupn\u00e9 vrt\u00e1ky se ide\u00e1ln\u011b hod\u00ed jako hnac\u00ed stroje.<\/span><\/p>\n<h3><b><strong>Na\u0161e za\u0159\u00edzen\u00ed Dissolver 100 mm je produkt, kter\u00fd byl vyzkou\u0161en a testov\u00e1n milionykr\u00e1t. Vyr\u00e1b\u00edme ho od roku 2016.<\/strong><\/b><\/h3>","protected":false},"excerpt":{"rendered":"<h3><span style=\"color: #000000;\"><strong>Rozpou\u0161t\u011b\u010d 100 mm s ocelovou h\u0159\u00eddel\u00ed 500 mm<\/strong><\/span><\/h3>\n<p><span style=\"color: #000000;\"><strong>H\u0159\u00eddel rozpou\u0161t\u011b\u010de 500 mm dlouh\u00e1, vyroben\u00e1 z 10 mm \u0161estihrann\u00e9 oceli (s antikorozn\u00edm povlakem).<\/strong><\/span><\/p>","protected":false},"featured_media":3064,"template":"","meta":[],"product_brand":[],"product_cat":[220],"product_tag":[127],"class_list":{"0":"post-3173","1":"product","2":"type-product","3":"status-publish","4":"has-post-thumbnail","6":"product_cat-dissolver-100-mm-mit-stahlwelle","7":"product_tag-dissolver","9":"first","10":"instock","11":"taxable","12":"shipping-taxable","13":"purchasable","14":"product-type-simple"},"tiered_pricing_type":"percentage","tiered_pricing_fixed_rules":[],"tiered_pricing_product_settings":{"layout":"table","base_unit_name":{"singular":null,"plural":null},"default_variation":null},"tiered_pricing_minimum_quantity":null,"tiered_pricing_roles_data":[],"tiered_pricing_percentage_rules":{"5":3,"10":5,"25":8},"tiered_pricing_maximum_quantity":null,"tiered_pricing_quantity_step":null,"_links":{"self":[{"href":"https:\/\/www.polymerpacker.de\/cs\/wp-json\/wp\/v2\/product\/3173","targetHints":{"allow":["GET"]}}],"collection":[{"href":"https:\/\/www.polymerpacker.de\/cs\/wp-json\/wp\/v2\/product"}],"about":[{"href":"https:\/\/www.polymerpacker.de\/cs\/wp-json\/wp\/v2\/types\/product"}],"wp:featuredmedia":[{"embeddable":true,"href":"https:\/\/www.polymerpacker.de\/cs\/wp-json\/wp\/v2\/media\/3064"}],"wp:attachment":[{"href":"https:\/\/www.polymerpacker.de\/cs\/wp-json\/wp\/v2\/media?parent=3173"}],"wp:term":[{"taxonomy":"product_brand","embeddable":true,"href":"https:\/\/www.polymerpacker.de\/cs\/wp-json\/wp\/v2\/product_brand?post=3173"},{"taxonomy":"product_cat","embeddable":true,"href":"https:\/\/www.polymerpacker.de\/cs\/wp-json\/wp\/v2\/product_cat?post=3173"},{"taxonomy":"product_tag","embeddable":true,"href":"https:\/\/www.polymerpacker.de\/cs\/wp-json\/wp\/v2\/product_tag?post=3173"}],"curies":[{"name":"wp","href":"https:\/\/api.w.org\/{rel}","templated":true}]}}