{"id":3121,"date":"2023-04-25T12:45:15","date_gmt":"2023-04-25T10:45:15","guid":{"rendered":"https:\/\/www.polymerpacker.de\/?post_type=product&#038;p=3121"},"modified":"2026-04-15T16:01:02","modified_gmt":"2026-04-15T14:01:02","slug":"rozpoustec-45-mm-pro-potravinarskou-a-zdravotnickou-techniku-s-hrideli-z-nerezove-oceli-500-mm","status":"publish","type":"product","link":"https:\/\/www.polymerpacker.de\/cs\/produkt\/dissolver-45-mm-fuer-lebensmittel-und-medizintechnik-mit-edelstahlwelle-500-mm\/","title":{"rendered":"Rozpou\u0161t\u011b\u010d 45 mm pro potravin\u00e1\u0159skou a zdravotnickou techniku s h\u0159\u00eddel\u00ed z nerezov\u00e9 oceli 500 mm"},"content":{"rendered":"<p><strong>Rozpou\u0161t\u011b\u010d Polymerpacker<\/strong> jsou velmi \u00fa\u010dinn\u00e9 n\u00e1stroje s vynikaj\u00edc\u00edmi m\u00edsic\u00edmi vlastnostmi pro v\u00fdrobu velmi homogenn\u00edch konzistenc\u00ed. N\u00edzk\u00e1 tvorba rozst\u0159ik\u016f, n\u00edzk\u00fd pr\u016fnik vzduchu do sm\u011bsi (tvorba bublin) a snadn\u00e1 demont\u00e1\u017e umo\u017e\u0148uj\u00ed efektivn\u00ed a \u010distou pr\u00e1ci s vysokou produktivitou. <strong>Polymerpacker, proto\u017ee dobr\u00e1 pr\u00e1ce za\u010d\u00edn\u00e1 dobr\u00fdmi n\u00e1stroji<\/strong>.<\/p>\n<p><span style=\"color: #000000;\">S Polymerpacker <strong>Rozpou\u0161t\u011b\u010de pro potravin\u00e1\u0159skou a l\u00e9ka\u0159skou techniku<\/strong> rozpou\u0161t\u011bc\u00ed disky jsou vyrobeny z polyamidu, kter\u00fd spl\u0148uje p\u0159\u00edslu\u0161n\u00e9 specifikace FDA (americk\u00fd \u00da\u0159ad pro kontrolu potravin a l\u00e9\u010div) a EU \u010d. 10\/2011. Rozpou\u0161t\u011bc\u00ed h\u0159\u00eddele jsou vyrobeny z nerezov\u00e9 oceli (materi\u00e1l: 1.4305). Na vy\u017e\u00e1d\u00e1n\u00ed jsou k dispozici rozpou\u0161t\u011bc\u00ed h\u0159\u00eddele z nerezov\u00e9 oceli (materi\u00e1l: 1.4404 \/ 316L). Certifik\u00e1ty o zkou\u0161ce materi\u00e1lu pro v\u0161echny pou\u017eit\u00e9 materi\u00e1ly jsou k dispozici zdarma na vy\u017e\u00e1d\u00e1n\u00ed.<\/span><\/p>\n<p><span style=\"color: #000000;\"><strong>P\u0159\u00edklady potravin\u00e1\u0159sk\u00fdch aplikac\u00ed<\/strong>M\u00edch\u00e1n\u00ed, m\u00edch\u00e1n\u00ed a dispergace kapalin a suspenz\u00ed (kr\u00e9my, pasty, om\u00e1\u010dky). Velmi vhodn\u00e9 pro v\u00fdrobu t\u011bst, uzen\u00e1\u0159sk\u00fdch sm\u011bs\u00ed, ml\u00e9\u010dn\u00fdch v\u00fdrobk\u016f, n\u00e1poj\u016f.<\/span><\/p>\n<p><span style=\"color: #000000;\"><strong>P\u0159\u00edklady l\u00e9ka\u0159sk\u00fdch aplikac\u00ed<\/strong>M\u00edch\u00e1n\u00ed, m\u00edch\u00e1n\u00ed a dispergace kapalin a suspenz\u00ed (kr\u00e9my, masti, pasty, ple\u0165ov\u00e9 vody, emulze), jako jsou dezinfek\u010dn\u00ed prost\u0159edky, p\u0159\u00edpravky pro p\u00e9\u010di o ple\u0165, p\u0159\u00edpravky pro p\u00e9\u010di o vlasy, tekut\u00e9 nebo pr\u00e1\u0161kov\u00e9 l\u00e9ky a potravinov\u00e9 dopl\u0148ky.<\/span><\/p>","protected":false},"excerpt":{"rendered":"<h3><span style=\"color: #000000;\"><strong>Rozpou\u0161t\u011b\u010d 45 mm pro potravin\u00e1\u0159skou a zdravotnickou techniku s h\u0159\u00eddel\u00ed z nerezov\u00e9 oceli 500 mm<\/strong><\/span><\/h3>\n<p><span style=\"color: #000000;\">500 mm dlouh\u00e1 rozpou\u0161t\u011bc\u00ed h\u0159\u00eddel z nerezov\u00e9 oceli se \u0161estihranem 8 mm.<\/span><\/p>","protected":false},"featured_media":3097,"template":"","meta":[],"product_brand":[],"product_cat":[135,213],"product_tag":[127],"class_list":{"0":"post-3121","1":"product","2":"type-product","3":"status-publish","4":"has-post-thumbnail","6":"product_cat-dissolver-fuer-lebensmittel-und-medizintechnik","7":"product_cat-dissolver-45-mm-fuer-lebensmittel-und-medizintechnik","8":"product_tag-dissolver","10":"first","11":"instock","12":"taxable","13":"shipping-taxable","14":"purchasable","15":"product-type-simple"},"tiered_pricing_type":"percentage","tiered_pricing_fixed_rules":[],"tiered_pricing_product_settings":{"layout":"table","base_unit_name":{"singular":null,"plural":null},"default_variation":null},"tiered_pricing_minimum_quantity":null,"tiered_pricing_roles_data":[],"tiered_pricing_percentage_rules":{"5":3,"10":5,"25":8},"tiered_pricing_maximum_quantity":null,"tiered_pricing_quantity_step":null,"_links":{"self":[{"href":"https:\/\/www.polymerpacker.de\/cs\/wp-json\/wp\/v2\/product\/3121","targetHints":{"allow":["GET"]}}],"collection":[{"href":"https:\/\/www.polymerpacker.de\/cs\/wp-json\/wp\/v2\/product"}],"about":[{"href":"https:\/\/www.polymerpacker.de\/cs\/wp-json\/wp\/v2\/types\/product"}],"wp:featuredmedia":[{"embeddable":true,"href":"https:\/\/www.polymerpacker.de\/cs\/wp-json\/wp\/v2\/media\/3097"}],"wp:attachment":[{"href":"https:\/\/www.polymerpacker.de\/cs\/wp-json\/wp\/v2\/media?parent=3121"}],"wp:term":[{"taxonomy":"product_brand","embeddable":true,"href":"https:\/\/www.polymerpacker.de\/cs\/wp-json\/wp\/v2\/product_brand?post=3121"},{"taxonomy":"product_cat","embeddable":true,"href":"https:\/\/www.polymerpacker.de\/cs\/wp-json\/wp\/v2\/product_cat?post=3121"},{"taxonomy":"product_tag","embeddable":true,"href":"https:\/\/www.polymerpacker.de\/cs\/wp-json\/wp\/v2\/product_tag?post=3121"}],"curies":[{"name":"wp","href":"https:\/\/api.w.org\/{rel}","templated":true}]}}