{"id":3025,"date":"2023-04-19T21:41:20","date_gmt":"2023-04-19T19:41:20","guid":{"rendered":"https:\/\/www.polymerpacker.de\/?post_type=product&#038;p=3025"},"modified":"2026-04-15T16:01:00","modified_gmt":"2026-04-15T14:01:00","slug":"vsuvka-s-plochou-hlavou-16-s-pripojovacim-zavitem-m10x1","status":"publish","type":"product","link":"https:\/\/www.polymerpacker.de\/cs\/produkt\/flachkopfnippel-16-mit-anschlussgewinde-m10x1\/","title":{"rendered":"Ploch\u00e1 vsuvka 16 s p\u0159ipojovac\u00edm z\u00e1vitem M10x1"},"content":{"rendered":"<p><span style=\"color: #000000;\"><span style=\"font-family: Arial, sans-serif;\"><span style=\"font-size: medium;\"><b>Standardn\u00ed p\u0159ipojovac\u00ed syst\u00e9m pro vst\u0159ikovac\u00ed p\u011bchy.<\/b><\/span><\/span><\/span><\/p>\n<p><span style=\"color: #000000;\"><span style=\"font-family: Arial, sans-serif;\"><span style=\"font-size: medium;\">Lze pou\u017e\u00edt pro vst\u0159ikov\u00e1n\u00ed epoxidov\u00e9 prysky\u0159ice, polyuretanov\u00e9 prysky\u0159ice, akryl\u00e1tov\u00e9ho gelu, silikonov\u00e9 emulze, silik\u00e1tov\u00e9ho kr\u00e9mu. <strong>Pro maxim\u00e1ln\u00ed vst\u0159ikovac\u00ed tlaky a\u017e 150 bar\u016f. <\/strong><\/span><\/span><\/span><\/p>\n<p><span style=\"color: #000000;\"><span style=\"font-family: Arial, sans-serif;\"><span style=\"font-size: medium;\"><b>Milionkr\u00e1t osv\u011bd\u010den\u00fd produkt, kter\u00fd vyr\u00e1b\u00edme od roku 2007.<\/b><\/span><\/span><\/span><\/p>","protected":false},"excerpt":{"rendered":"<h3><strong>Vsuvka s plochou hlavou FKN16M10<\/strong><\/h3>\n<h3><strong>Plastov\u00e1 vsuvka s plochou hlavou<\/strong> DIN 3404 \/ <strong>16 mm<\/strong>, s vestav\u011bn\u00fdm zp\u011btn\u00fdm ventilem, otev\u00edrac\u00ed tlak cca. <strong>2 bar<\/strong>.<\/h3>\n<h4>P\u0159ipojen\u00ed:<strong> Vnit\u0159n\u00ed z\u00e1vit M10x1 (samosvorn\u00fd z\u00e1vit).<\/strong><\/h4>","protected":false},"featured_media":1083,"template":"","meta":[],"product_brand":[],"product_cat":[121,42],"product_tag":[120,122],"class_list":{"0":"post-3025","1":"product","2":"type-product","3":"status-publish","4":"has-post-thumbnail","6":"product_cat-injektionspacker-anschliessen","7":"product_cat-injektion-packer-pumpen","8":"product_tag-injektionspacker-mit-flachkopfnippel","9":"product_tag-injektionspacker-an-pumpen-anschliessen","11":"first","12":"instock","13":"taxable","14":"shipping-taxable","15":"purchasable","16":"product-type-simple"},"tiered_pricing_type":"percentage","tiered_pricing_fixed_rules":{"100":5,"1000":10},"tiered_pricing_product_settings":{"layout":"default","base_unit_name":{"singular":null,"plural":null},"default_variation":null},"tiered_pricing_minimum_quantity":10,"tiered_pricing_roles_data":[],"tiered_pricing_percentage_rules":{"100":5,"1000":10},"tiered_pricing_maximum_quantity":null,"tiered_pricing_quantity_step":null,"_links":{"self":[{"href":"https:\/\/www.polymerpacker.de\/cs\/wp-json\/wp\/v2\/product\/3025","targetHints":{"allow":["GET"]}}],"collection":[{"href":"https:\/\/www.polymerpacker.de\/cs\/wp-json\/wp\/v2\/product"}],"about":[{"href":"https:\/\/www.polymerpacker.de\/cs\/wp-json\/wp\/v2\/types\/product"}],"wp:featuredmedia":[{"embeddable":true,"href":"https:\/\/www.polymerpacker.de\/cs\/wp-json\/wp\/v2\/media\/1083"}],"wp:attachment":[{"href":"https:\/\/www.polymerpacker.de\/cs\/wp-json\/wp\/v2\/media?parent=3025"}],"wp:term":[{"taxonomy":"product_brand","embeddable":true,"href":"https:\/\/www.polymerpacker.de\/cs\/wp-json\/wp\/v2\/product_brand?post=3025"},{"taxonomy":"product_cat","embeddable":true,"href":"https:\/\/www.polymerpacker.de\/cs\/wp-json\/wp\/v2\/product_cat?post=3025"},{"taxonomy":"product_tag","embeddable":true,"href":"https:\/\/www.polymerpacker.de\/cs\/wp-json\/wp\/v2\/product_tag?post=3025"}],"curies":[{"name":"wp","href":"https:\/\/api.w.org\/{rel}","templated":true}]}}