{"id":2827,"date":"2022-12-04T20:24:54","date_gmt":"2022-12-04T19:24:54","guid":{"rendered":"https:\/\/www.polymerpacker.de\/?post_type=product&#038;p=2827"},"modified":"2026-04-15T16:01:02","modified_gmt":"2026-04-15T14:01:02","slug":"injekcni-strikacka-na-akrylove-polymerni-lepidlo","status":"publish","type":"product","link":"https:\/\/www.polymerpacker.de\/cs\/produkt\/acrylpolymer-kleber-injektionsspritze\/","title":{"rendered":"Akryl\u00e1tov\u00e9 polymern\u00ed lepidlo ve 30 ml injek\u010dn\u00ed st\u0159\u00edka\u010dce"},"content":{"rendered":"<h2>Akryl\u00e1tov\u00e9 polymern\u00ed lepidlo ve 30 ml injek\u010dn\u00ed st\u0159\u00edka\u010dce<\/h2>\n<p><span style=\"color: #000000;\"><strong>Vlastnosti produktu<\/strong><\/span><\/p>\n<p><span style=\"color: #000000;\">Vysoce koncentrovan\u00fd, p\u0159ipraven\u00fd k pou\u017eit\u00ed, jednoslo\u017ekov\u00fd a bez rozpou\u0161t\u011bdel <strong>Akrylov\u00e1 polymern\u00ed emulze<\/strong> s vynikaj\u00edc\u00edmi vazebn\u00fdmi a adhezn\u00edmi vlastnostmi na miner\u00e1ln\u00edch povr\u0161\u00edch. N\u00edzk\u00e1 viskozita a n\u00edzk\u00e9 povrchov\u00e9 nap\u011bt\u00ed akryl\u00e1tov\u00e9 polymern\u00ed emulze umo\u017e\u0148uj\u00ed velmi hlubok\u00fd pr\u016fnik do nejjemn\u011bj\u0161\u00edch trhlin a p\u00f3r\u016f.<\/span><\/p>\n<p><span style=\"color: #000000;\"><strong>P\u0159\u00edklady pou\u017eit\u00ed<\/strong><\/span><\/p>\n<p><span style=\"color: #000000;\">Velmi dob\u0159e se hod\u00ed pro nev\u00fdrazn\u00e9 vypl\u0148ov\u00e1n\u00ed a ut\u011bs\u0148ov\u00e1n\u00ed dutin, prasklin a vlasov\u00fdch trhlin ve stavebn\u00edch prvc\u00edch z betonu, om\u00edtek a pot\u011br\u016f. Stejn\u011b jako klinker a obklady z keramiky, terakoty, teraca, p\u0159\u00edrodn\u00edho nebo um\u011bl\u00e9ho kamene na vnit\u0159n\u00edch i vn\u011bj\u0161\u00edch podlah\u00e1ch a st\u011bn\u00e1ch.<\/span><\/p>\n<h4><b><span style=\"color: #000000;\">Dal\u0161\u00ed informace a bezpe\u010dnostn\u00ed pokyny naleznete zde, kde si m\u016f\u017eete st\u00e1hnout technick\u00fd list tohoto v\u00fdrobku.<\/span> <\/b><\/h4>\n<p><a href=\"https:\/\/www.polymerpacker.de\/wp-content\/uploads\/2022\/12\/Polymerpacker-TM-BC-APE-DE.pdf\"><img fetchpriority=\"high\" decoding=\"async\" class=\"size-medium wp-image-1504\" src=\"https:\/\/www.polymerpacker.de\/wp-content\/uploads\/2020\/08\/PDF-DOWNLOAD-250x400.jpg\" alt=\"Klikn\u011bte pro sta\u017een\u00ed pdf\" width=\"250\" height=\"400\" srcset=\"https:\/\/www.polymerpacker.de\/wp-content\/uploads\/2020\/08\/PDF-DOWNLOAD-250x400.jpg 250w, https:\/\/www.polymerpacker.de\/wp-content\/uploads\/2020\/08\/PDF-DOWNLOAD-200x320.jpg 200w, https:\/\/www.polymerpacker.de\/wp-content\/uploads\/2020\/08\/PDF-DOWNLOAD-scaled-150x240.jpg 150w, https:\/\/www.polymerpacker.de\/wp-content\/uploads\/2020\/08\/PDF-DOWNLOAD-400x640.jpg 400w, https:\/\/www.polymerpacker.de\/wp-content\/uploads\/2020\/08\/PDF-DOWNLOAD-500x800.jpg 500w, https:\/\/www.polymerpacker.de\/wp-content\/uploads\/2020\/08\/PDF-DOWNLOAD-768x1228.jpg 768w, https:\/\/www.polymerpacker.de\/wp-content\/uploads\/2020\/08\/PDF-DOWNLOAD-961x1536.jpg 961w, https:\/\/www.polymerpacker.de\/wp-content\/uploads\/2020\/08\/PDF-DOWNLOAD-1281x2048.jpg 1281w, https:\/\/www.polymerpacker.de\/wp-content\/uploads\/2020\/08\/PDF-DOWNLOAD-scaled.jpg 1601w\" sizes=\"(max-width: 250px) 100vw, 250px\" \/><\/a><\/p>","protected":false},"excerpt":{"rendered":"<p>Acrylpolymer- Kleber in 30 ml Injektionsspritze Produkteigenschaften Gebrauchsfertige, hochkonzentrierte, ein-komponentige und l\u00f6semittelfreie Acrylpolymer- Emulsion mit exzellentem Binde und Haftverm\u00f6gen an mineralischen Oberfl\u00e4chen. Die niedrige Viskosit\u00e4t und geringe Oberfl\u00e4chenspannung der Acrylpolymer- Emulsion erm\u00f6glichen ein sehr tiefes eindringen in feinste Risse und Poren. Anwendungsbeispiele Sehr gut geeignet zum kraftschl\u00fcssigen Verf\u00fcllen und Verschlie\u00dfen von Hohlstellen, Rissen und Haarrissen [&hellip;]<\/p>\n","protected":false},"featured_media":2819,"template":"","meta":[],"product_brand":[],"product_cat":[209],"product_tag":[210],"class_list":{"0":"post-2827","1":"product","2":"type-product","3":"status-publish","4":"has-post-thumbnail","6":"product_cat-fliesen-reparatur-set","7":"product_tag-fliesen-reparatur","9":"first","10":"instock","11":"taxable","12":"shipping-taxable","13":"purchasable","14":"product-type-simple"},"tiered_pricing_type":"percentage","tiered_pricing_fixed_rules":[],"tiered_pricing_product_settings":{"layout":"default","base_unit_name":{"singular":null,"plural":null},"default_variation":null},"tiered_pricing_minimum_quantity":null,"tiered_pricing_roles_data":[],"tiered_pricing_percentage_rules":{"5":5,"10":8},"tiered_pricing_maximum_quantity":null,"tiered_pricing_quantity_step":null,"_links":{"self":[{"href":"https:\/\/www.polymerpacker.de\/cs\/wp-json\/wp\/v2\/product\/2827","targetHints":{"allow":["GET"]}}],"collection":[{"href":"https:\/\/www.polymerpacker.de\/cs\/wp-json\/wp\/v2\/product"}],"about":[{"href":"https:\/\/www.polymerpacker.de\/cs\/wp-json\/wp\/v2\/types\/product"}],"wp:featuredmedia":[{"embeddable":true,"href":"https:\/\/www.polymerpacker.de\/cs\/wp-json\/wp\/v2\/media\/2819"}],"wp:attachment":[{"href":"https:\/\/www.polymerpacker.de\/cs\/wp-json\/wp\/v2\/media?parent=2827"}],"wp:term":[{"taxonomy":"product_brand","embeddable":true,"href":"https:\/\/www.polymerpacker.de\/cs\/wp-json\/wp\/v2\/product_brand?post=2827"},{"taxonomy":"product_cat","embeddable":true,"href":"https:\/\/www.polymerpacker.de\/cs\/wp-json\/wp\/v2\/product_cat?post=2827"},{"taxonomy":"product_tag","embeddable":true,"href":"https:\/\/www.polymerpacker.de\/cs\/wp-json\/wp\/v2\/product_tag?post=2827"}],"curies":[{"name":"wp","href":"https:\/\/api.w.org\/{rel}","templated":true}]}}