{"id":275,"date":"2019-04-15T16:05:34","date_gmt":"2019-04-15T16:05:34","guid":{"rendered":"http:\/\/b38jwy.myraidbox.de\/?post_type=product&#038;p=275"},"modified":"2026-04-21T10:10:24","modified_gmt":"2026-04-21T08:10:24","slug":"monitor-trhlin-rma-pro-dokumentaci-trhlin","status":"publish","type":"product","link":"https:\/\/www.polymerpacker.de\/cs\/produkt\/rissmonitor-rma-zum-dokumentieren-von-rissen\/","title":{"rendered":"Monitor trhlin RMA pro dokumentaci trhlin"},"content":{"rendered":"<h2>Monitor trhlin RMA pro dokumentaci trhlin<\/h2>\n<p><span style=\"color: #000000; font-size: 100%;\">Monitor trhlin pro analogov\u00e9, \u010d\u00edseln\u00e9 zaznamen\u00e1v\u00e1n\u00ed zm\u011bn \u0161\u00ed\u0159ky trhlin a sp\u00e1r na budov\u00e1ch pomoc\u00ed diferenci\u00e1ln\u00edho m\u011b\u0159en\u00ed. Uspo\u0159\u00e1d\u00e1n\u00ed k\u0159\u00ed\u017eku (\u010derven\u00fd) nad liniovou stupnic\u00ed (\u010dern\u00fd) znamen\u00e1, \u017ee zm\u011bny lze ode\u010d\u00edtat p\u0159\u00edmo. Monitor trhlin lze snadno a rychle namontovat i na \u0161irok\u00e9 trhliny nebo pravideln\u00e9 konstruk\u010dn\u00ed sp\u00e1ry pomoc\u00ed vhodn\u00e9ho lepidla nebo p\u0159ilo\u017een\u00fdch nerezov\u00fdch \u0161roub\u016f s hmo\u017edinkami. <\/span><span style=\"color: #000000; font-size: 100%;\">Zm\u011bny \u0161\u00ed\u0159ky trhlin a sp\u00e1r lze snadno, rychle a p\u0159esn\u011b zdokumentovat pravideln\u00fdm fotografov\u00e1n\u00edm s k\u0159\u00ed\u017ekem um\u00edst\u011bn\u00fdm nad m\u011b\u0159\u00edtkem. <\/span><\/p>\n<p><span style=\"color: #000000; font-size: 100%;\">Sada hl\u00edda\u010de trhlin se skl\u00e1d\u00e1 z 1 hl\u00edda\u010de trhlin v robustn\u00edm venkovn\u00edm proveden\u00ed, 4 \u0161roub\u016f z nerezov\u00e9 oceli DIN 7981 4,2 x 32 mm, 4 podlo\u017eek 4 x 12 mm, 4 Fischerov\u00fdch z\u00e1tek UX 6 mm.<\/span><\/p>\n<p><span style=\"color: #000000; font-size: 100%;\"><span style=\"font-family: Arial, sans-serif;\"><b><span style=\"color: #282828;\"><span style=\"color: #000000;\">Dal\u0161\u00ed informace a bezpe\u010dnostn\u00ed pokyny naleznete v technick\u00e9m listu tohoto v\u00fdrobku, kter\u00fd si m\u016f\u017eete st\u00e1hnout zde.<\/span> <\/span> <\/b><\/span><\/span><\/p>\n<p><a href=\"https:\/\/www.polymerpacker.de\/wp-content\/uploads\/2022\/02\/Polymerpacker-TM-RMA-DE-EN-FR-ES-IT-NL.pdf\"><img fetchpriority=\"high\" decoding=\"async\" class=\"alignnone wp-image-1504 size-medium\" src=\"https:\/\/www.polymerpacker.de\/wp-content\/uploads\/2020\/08\/PDF-DOWNLOAD-250x400.jpg\" alt=\"\" width=\"250\" height=\"400\" srcset=\"https:\/\/www.polymerpacker.de\/wp-content\/uploads\/2020\/08\/PDF-DOWNLOAD-250x400.jpg 250w, https:\/\/www.polymerpacker.de\/wp-content\/uploads\/2020\/08\/PDF-DOWNLOAD-200x320.jpg 200w, https:\/\/www.polymerpacker.de\/wp-content\/uploads\/2020\/08\/PDF-DOWNLOAD-scaled-150x240.jpg 150w, https:\/\/www.polymerpacker.de\/wp-content\/uploads\/2020\/08\/PDF-DOWNLOAD-400x640.jpg 400w, https:\/\/www.polymerpacker.de\/wp-content\/uploads\/2020\/08\/PDF-DOWNLOAD-500x800.jpg 500w, https:\/\/www.polymerpacker.de\/wp-content\/uploads\/2020\/08\/PDF-DOWNLOAD-768x1228.jpg 768w, https:\/\/www.polymerpacker.de\/wp-content\/uploads\/2020\/08\/PDF-DOWNLOAD-961x1536.jpg 961w, https:\/\/www.polymerpacker.de\/wp-content\/uploads\/2020\/08\/PDF-DOWNLOAD-1281x2048.jpg 1281w, https:\/\/www.polymerpacker.de\/wp-content\/uploads\/2020\/08\/PDF-DOWNLOAD-scaled.jpg 1601w\" sizes=\"(max-width: 250px) 100vw, 250px\" \/><\/a><\/p>","protected":false},"excerpt":{"rendered":"<h3><span style=\"color: #000000;\">Monitor trhlin RMA pro dokumentaci trhlin<\/span><\/h3>\n<p><span style=\"color: #000000;\">k p\u0159i\u0161roubov\u00e1n\u00ed nebo p\u0159ilepen\u00ed, <\/span><span style=\"color: #000000;\">Robustn\u00ed venkovn\u00ed proveden\u00ed, <\/span><span style=\"color: #000000;\"><strong>Sada upev\u0148ovac\u00edch \u0161roub\u016f z nerezov\u00e9 oceli je sou\u010d\u00e1st\u00ed dod\u00e1vky.<\/strong><\/span><\/p>","protected":false},"featured_media":1376,"template":"","meta":[],"product_brand":[],"product_cat":[82],"product_tag":[86],"class_list":{"0":"post-275","1":"product","2":"type-product","3":"status-publish","4":"has-post-thumbnail","6":"product_cat-rissmonitor","7":"product_tag-rissmonitor","9":"first","10":"instock","11":"taxable","12":"shipping-taxable","13":"purchasable","14":"product-type-simple"},"tiered_pricing_type":"percentage","tiered_pricing_fixed_rules":{"5":15.75,"10":14.5,"25":13.7},"tiered_pricing_product_settings":{"layout":"table","base_unit_name":{"singular":null,"plural":null},"default_variation":null},"tiered_pricing_minimum_quantity":null,"tiered_pricing_roles_data":[],"tiered_pricing_percentage_rules":{"5":5,"10":8},"tiered_pricing_maximum_quantity":null,"tiered_pricing_quantity_step":null,"_links":{"self":[{"href":"https:\/\/www.polymerpacker.de\/cs\/wp-json\/wp\/v2\/product\/275","targetHints":{"allow":["GET"]}}],"collection":[{"href":"https:\/\/www.polymerpacker.de\/cs\/wp-json\/wp\/v2\/product"}],"about":[{"href":"https:\/\/www.polymerpacker.de\/cs\/wp-json\/wp\/v2\/types\/product"}],"wp:featuredmedia":[{"embeddable":true,"href":"https:\/\/www.polymerpacker.de\/cs\/wp-json\/wp\/v2\/media\/1376"}],"wp:attachment":[{"href":"https:\/\/www.polymerpacker.de\/cs\/wp-json\/wp\/v2\/media?parent=275"}],"wp:term":[{"taxonomy":"product_brand","embeddable":true,"href":"https:\/\/www.polymerpacker.de\/cs\/wp-json\/wp\/v2\/product_brand?post=275"},{"taxonomy":"product_cat","embeddable":true,"href":"https:\/\/www.polymerpacker.de\/cs\/wp-json\/wp\/v2\/product_cat?post=275"},{"taxonomy":"product_tag","embeddable":true,"href":"https:\/\/www.polymerpacker.de\/cs\/wp-json\/wp\/v2\/product_tag?post=275"}],"curies":[{"name":"wp","href":"https:\/\/api.w.org\/{rel}","templated":true}]}}