{"id":2683,"date":"2022-09-25T20:13:23","date_gmt":"2022-09-25T18:13:23","guid":{"rendered":"https:\/\/www.polymerpacker.de\/?post_type=product&#038;p=2683"},"modified":"2026-04-15T16:00:59","modified_gmt":"2026-04-15T14:00:59","slug":"vstrikovaci-uhlovy-lepici-pech-kpwr14m6","status":"publish","type":"product","link":"https:\/\/www.polymerpacker.de\/cs\/produkt\/injektions-winkel-klebepacker-kpwr14m6\/","title":{"rendered":"Injek\u010dn\u00ed \u00fahlov\u00fd lepic\u00ed p\u011bch KPWR14M6"},"content":{"rendered":"<h2><span style=\"color: #000000;\"><strong>Injek\u010dn\u00ed \u00fahlov\u00fd lepic\u00ed p\u011bch KPWR14M6<\/strong><\/span><\/h2>\n<p><span style=\"color: #000000;\"> pro lepen\u00ed na povrchy stavebn\u00edch prvk\u016f, u nich\u017e nen\u00ed \u017e\u00e1douc\u00ed nebo p\u0159\u00edpustn\u00e9 vrt\u00e1n\u00ed otvor\u016f pro injekt\u00e1\u017e trhlin. <strong>(ZTV-RIS).<\/strong><\/span><\/p>\n<p><span style=\"color: #000000;\"><strong>P\u0159\u00edklady pou\u017eit\u00ed: <\/strong>Injekt\u00e1\u017e trhlin na stavebn\u00edch prvc\u00edch z p\u0159edpjat\u00e9ho betonu, betonu s hustou v\u00fdztu\u017e\u00ed nebo exponovan\u00fdch betonov\u00fdch prvc\u00edch. Lze pou\u017e\u00edt k injekt\u00e1\u017ei epoxidov\u00e9 prysky\u0159ice, polyuretanov\u00e9 prysky\u0159ice a polyesterov\u00e9 prysky\u0159ice.<\/span><\/p>\n<p><span style=\"color: #000000;\"><strong>Polymerpacker Injek\u010dn\u00ed lepic\u00ed p\u011bchovadlo<\/strong><\/span><\/p>\n<p><span style=\"color: #000000;\">- Vyrobeno z vysoce p\u0159ilnav\u00e9ho vysoce v\u00fdkonn\u00e9ho plastu.<\/span><\/p>\n<p><span style=\"color: #000000;\">- Adhezn\u00ed povrch se strukturou optimalizovanou pro lepen\u00ed.<\/span><\/p>\n<p><span style=\"color: #000000;\">- Lze pou\u017e\u00edt pro maxim\u00e1ln\u00ed vst\u0159ikovac\u00ed tlaky a\u017e 60 bar\u016f p\u0159i lepen\u00ed na pevn\u00e9 povrchy pomoc\u00ed vysoce kvalitn\u00edch lepidel.<\/span><\/p>\n<p><span style=\"color: #000000;\"><strong>Polymerpacker Injek\u010dn\u00ed lepic\u00ed p\u011bch. P\u016fvodn\u00ed, osv\u011bd\u010den\u00fd v\u00fdrobek, kter\u00fd vyr\u00e1b\u00edme od roku 1993.<\/strong><\/span><\/p>","protected":false},"excerpt":{"rendered":"<h3><span style=\"color: #000000;\"><strong>Injek\u010dn\u00ed \u00fahlov\u00fd lepic\u00ed p\u011bch KPWR14M6 - <\/strong><strong>Plastov\u00fd lepic\u00ed tmel (vyztu\u017een\u00fd sklen\u011bn\u00fdmi vl\u00e1kny) pro injekt\u00e1\u017e trhlin v roz\u00edch.<\/strong><\/span><\/h3>\n<p><span style=\"color: #000000;\">Vyrobeno z plastu vyztu\u017een\u00e9ho sklen\u011bn\u00fdmi vl\u00e1kny - velmi robustn\u00ed.<\/span><\/p>\n<h3><span style=\"color: #000000;\">P\u0159ipojen\u00ed: vn\u011bj\u0161\u00ed z\u00e1vit <strong>R1\/4\u201c <\/strong>+ vnit\u0159n\u00ed z\u00e1vit<strong> M6,<\/strong> voln\u00fd pr\u016fchod \u00d8<strong> 5 mm.<\/strong><\/span><\/h3>","protected":false},"featured_media":2663,"template":"","meta":[],"product_brand":[],"product_cat":[205,42],"product_tag":[206],"class_list":{"0":"post-2683","1":"product","2":"type-product","3":"status-publish","4":"has-post-thumbnail","6":"product_cat-injektions-klebepacker","7":"product_cat-injektion-packer-pumpen","8":"product_tag-klebepacker","10":"first","11":"instock","12":"taxable","13":"shipping-taxable","14":"purchasable","15":"product-type-simple"},"tiered_pricing_type":"percentage","tiered_pricing_fixed_rules":[],"tiered_pricing_product_settings":{"layout":"default","base_unit_name":{"singular":null,"plural":null},"default_variation":null},"tiered_pricing_minimum_quantity":10,"tiered_pricing_roles_data":[],"tiered_pricing_percentage_rules":{"100":5,"1000":8,"2000":10},"tiered_pricing_maximum_quantity":null,"tiered_pricing_quantity_step":null,"_links":{"self":[{"href":"https:\/\/www.polymerpacker.de\/cs\/wp-json\/wp\/v2\/product\/2683","targetHints":{"allow":["GET"]}}],"collection":[{"href":"https:\/\/www.polymerpacker.de\/cs\/wp-json\/wp\/v2\/product"}],"about":[{"href":"https:\/\/www.polymerpacker.de\/cs\/wp-json\/wp\/v2\/types\/product"}],"wp:featuredmedia":[{"embeddable":true,"href":"https:\/\/www.polymerpacker.de\/cs\/wp-json\/wp\/v2\/media\/2663"}],"wp:attachment":[{"href":"https:\/\/www.polymerpacker.de\/cs\/wp-json\/wp\/v2\/media?parent=2683"}],"wp:term":[{"taxonomy":"product_brand","embeddable":true,"href":"https:\/\/www.polymerpacker.de\/cs\/wp-json\/wp\/v2\/product_brand?post=2683"},{"taxonomy":"product_cat","embeddable":true,"href":"https:\/\/www.polymerpacker.de\/cs\/wp-json\/wp\/v2\/product_cat?post=2683"},{"taxonomy":"product_tag","embeddable":true,"href":"https:\/\/www.polymerpacker.de\/cs\/wp-json\/wp\/v2\/product_tag?post=2683"}],"curies":[{"name":"wp","href":"https:\/\/api.w.org\/{rel}","templated":true}]}}