{"id":2438,"date":"2022-07-24T22:22:02","date_gmt":"2022-07-24T20:22:02","guid":{"rendered":"https:\/\/www.polymerpacker.de\/?post_type=product&#038;p=2438"},"modified":"2026-04-15T16:00:59","modified_gmt":"2026-04-15T14:00:59","slug":"injekcni-pech-lsp14dln-pro-14-mm-vrtany-otvor","status":"publish","type":"product","link":"https:\/\/www.polymerpacker.de\/cs\/produkt\/injektionspacker-lsp14dln-fuer-bohrloch-14-mm\/","title":{"rendered":"Injek\u010dn\u00ed p\u011bch LSP14DLN pro 14 mm vrtan\u00fd otvor"},"content":{"rendered":"<h2><span style=\"color: #000000;\"><span style=\"font-family: Arial, sans-serif;\"><span style=\"font-size: medium;\"><b>Injek\u010dn\u00ed p\u011bch LSP14DLN pro 14 mm vrtan\u00fd otvor<\/b><\/span><\/span><\/span><\/h2>\n<p><span style=\"color: #000000;\"><span style=\"font-family: Arial, sans-serif;\"><span style=\"font-size: medium;\"><b>(lamelov\u00fd n\u00e1razov\u00fd p\u011bch) z vysoce v\u00fdkonn\u00e9ho plastu <\/b><\/span><\/span><\/span><span style=\"color: #000000;\"><span style=\"font-family: Arial, sans-serif;\"><span style=\"font-size: medium;\">Pro pou\u017eit\u00ed p\u0159i vypl\u0148ov\u00e1n\u00ed trhlin a dutin a p\u0159i injekt\u00e1\u017ei v\u0161ech b\u011b\u017en\u00fdch stavebn\u00edch materi\u00e1l\u016f, jako je beton, dut\u00e9 tv\u00e1rnice, cihly a p\u00edskovec. Ide\u00e1ln\u00ed pro injekt\u00e1\u017e epoxidov\u00e9 a polyuretanov\u00e9 prysky\u0159ice s vysok\u00fdm obsahem pevn\u00fdch l\u00e1tek nebo cementov\u00e9 suspenze, cementov\u00e9 pasty, injek\u010dn\u00ed malty. Pro pou\u017eit\u00ed p\u0159i rozm\u011brov\u011b p\u0159esn\u00e9m vrt\u00e1n\u00ed otvor\u016f v pevn\u00fdch stavebn\u00edch materi\u00e1lech, vhodn\u00e9 pro maxim\u00e1ln\u00ed vst\u0159ikovac\u00ed tlaky do 30 bar\u016f.<\/span><\/span><\/span><\/p>\n<p><span style=\"color: #000000;\"><span style=\"font-family: Arial, sans-serif;\"><span style=\"font-size: medium;\"><b>Dal\u0161\u00ed informace a bezpe\u010dnostn\u00ed pokyny naleznete v technick\u00e9m listu tohoto v\u00fdrobku, kter\u00fd si m\u016f\u017eete st\u00e1hnout zde. <\/b><\/span><\/span><\/span><\/p>\n<p><a href=\"https:\/\/www.polymerpacker.de\/wp-content\/uploads\/2022\/09\/Polymerpacker-TM-LSP14DLN-DE-EN.pdf\"><img fetchpriority=\"high\" decoding=\"async\" class=\"alignnone wp-image-1504 size-medium\" src=\"https:\/\/www.polymerpacker.de\/wp-content\/uploads\/2020\/08\/PDF-DOWNLOAD-250x400.jpg\" alt=\"\" width=\"250\" height=\"400\" srcset=\"https:\/\/www.polymerpacker.de\/wp-content\/uploads\/2020\/08\/PDF-DOWNLOAD-250x400.jpg 250w, https:\/\/www.polymerpacker.de\/wp-content\/uploads\/2020\/08\/PDF-DOWNLOAD-200x320.jpg 200w, https:\/\/www.polymerpacker.de\/wp-content\/uploads\/2020\/08\/PDF-DOWNLOAD-scaled-150x240.jpg 150w, https:\/\/www.polymerpacker.de\/wp-content\/uploads\/2020\/08\/PDF-DOWNLOAD-400x640.jpg 400w, https:\/\/www.polymerpacker.de\/wp-content\/uploads\/2020\/08\/PDF-DOWNLOAD-500x800.jpg 500w, https:\/\/www.polymerpacker.de\/wp-content\/uploads\/2020\/08\/PDF-DOWNLOAD-768x1228.jpg 768w, https:\/\/www.polymerpacker.de\/wp-content\/uploads\/2020\/08\/PDF-DOWNLOAD-961x1536.jpg 961w, https:\/\/www.polymerpacker.de\/wp-content\/uploads\/2020\/08\/PDF-DOWNLOAD-1281x2048.jpg 1281w, https:\/\/www.polymerpacker.de\/wp-content\/uploads\/2020\/08\/PDF-DOWNLOAD-scaled.jpg 1601w\" sizes=\"(max-width: 250px) 100vw, 250px\" \/><\/a><\/p>","protected":false},"excerpt":{"rendered":"<h3><strong>Injek\u010dn\u00ed p\u011bch LSP14DLN pro 14 mm vrtan\u00fd otvor<\/strong><\/h3>\n<p><strong>Plastov\u00fd n\u00e1razov\u00fd p\u011bch o d\u00e9lce 100 mm.<\/strong><\/p>\n<h4>P\u0159ipojen\u00ed: <strong>Stla\u010den\u00fd vzduch Euro vsuvka DIN 14152, jmenovit\u00e1 \u0161\u00ed\u0159ka 7 mm, <\/strong>voln\u00fd pr\u016fchod <strong>\u00d8 7 mm<\/strong>.<\/h4>\n<p><strong>Balic\u00ed n\u00e1stroj zdarma v ka\u017ed\u00e9m balen\u00ed<\/strong><\/p>","protected":false},"featured_media":2433,"template":"","meta":[],"product_brand":[],"product_cat":[42,109],"product_tag":[110,132,197],"class_list":{"0":"post-2438","1":"product","2":"type-product","3":"status-publish","4":"has-post-thumbnail","6":"product_cat-injektion-packer-pumpen","7":"product_cat-injektionspacker-14-mm","8":"product_tag-injektionspacker-fuer-bohrung-14-mm","9":"product_tag-injektionspacker-fuer-zement","10":"product_tag-injektionspacker-mit-druckluftnippel","12":"first","13":"instock","14":"taxable","15":"shipping-taxable","16":"purchasable","17":"product-type-simple"},"tiered_pricing_type":"percentage","tiered_pricing_fixed_rules":[],"tiered_pricing_product_settings":{"layout":"default","base_unit_name":{"singular":null,"plural":null},"default_variation":null},"tiered_pricing_minimum_quantity":10,"tiered_pricing_roles_data":[],"tiered_pricing_percentage_rules":{"100":5,"1000":10},"tiered_pricing_maximum_quantity":null,"tiered_pricing_quantity_step":null,"_links":{"self":[{"href":"https:\/\/www.polymerpacker.de\/cs\/wp-json\/wp\/v2\/product\/2438","targetHints":{"allow":["GET"]}}],"collection":[{"href":"https:\/\/www.polymerpacker.de\/cs\/wp-json\/wp\/v2\/product"}],"about":[{"href":"https:\/\/www.polymerpacker.de\/cs\/wp-json\/wp\/v2\/types\/product"}],"wp:featuredmedia":[{"embeddable":true,"href":"https:\/\/www.polymerpacker.de\/cs\/wp-json\/wp\/v2\/media\/2433"}],"wp:attachment":[{"href":"https:\/\/www.polymerpacker.de\/cs\/wp-json\/wp\/v2\/media?parent=2438"}],"wp:term":[{"taxonomy":"product_brand","embeddable":true,"href":"https:\/\/www.polymerpacker.de\/cs\/wp-json\/wp\/v2\/product_brand?post=2438"},{"taxonomy":"product_cat","embeddable":true,"href":"https:\/\/www.polymerpacker.de\/cs\/wp-json\/wp\/v2\/product_cat?post=2438"},{"taxonomy":"product_tag","embeddable":true,"href":"https:\/\/www.polymerpacker.de\/cs\/wp-json\/wp\/v2\/product_tag?post=2438"}],"curies":[{"name":"wp","href":"https:\/\/api.w.org\/{rel}","templated":true}]}}