{"id":2413,"date":"2022-07-16T12:46:34","date_gmt":"2022-07-16T10:46:34","guid":{"rendered":"https:\/\/www.polymerpacker.de\/?post_type=product&#038;p=2413"},"modified":"2026-04-15T16:01:02","modified_gmt":"2026-04-15T14:01:02","slug":"injekcni-pech-lsp6r14kn-pro-vrtane-diry-6-mm","status":"publish","type":"product","link":"https:\/\/www.polymerpacker.de\/cs\/produkt\/injektionspacker-lsp6r14kn-fuer-bohrloch-6-mm\/","title":{"rendered":"Injek\u010dn\u00ed p\u011bch LSP6R14KN pro 6 mm vrtan\u00fd otvor"},"content":{"rendered":"<h2><span style=\"color: #000000;\"><span style=\"font-family: Arial, sans-serif;\"><span style=\"font-size: medium;\"><b>Vst\u0159ikovac\u00ed p\u011bch LSP6R14KN pro 6 mm vrtan\u00fd otvor (lamelov\u00fd n\u00e1razov\u00fd p\u011bch) z vysoce v\u00fdkonn\u00e9ho plastu pro jemn\u00e9 vst\u0159ikov\u00e1n\u00ed.<\/b><\/span><\/span><\/span><\/h2>\n<p><span style=\"color: #000000;\"><span style=\"font-family: Arial, sans-serif;\"><span style=\"font-size: medium;\">Pro pou\u017eit\u00ed p\u0159i sp\u00e1rov\u00e1n\u00ed trhlin a dutin v klinkeru a dla\u017edic\u00edch na podlah\u00e1ch a fas\u00e1d\u00e1ch. Lze pou\u017e\u00edt pro injekt\u00e1\u017e akryl\u00e1tov\u00e9 disperze, epoxidov\u00e9 prysky\u0159ice, polyuretanov\u00e9 prysky\u0159ice, cementov\u00e9 suspenze. Velmi vhodn\u00fd pro zatlouk\u00e1n\u00ed do d\u0159eva, pro tlakovou impregnaci, s ochrann\u00fdmi prost\u0159edky na d\u0159evo nebo s epoxidovou prysky\u0159ic\u00ed pro stabilizaci d\u0159eva. Lze pou\u017e\u00edt pro maxim\u00e1ln\u00ed vst\u0159ikovac\u00ed tlaky a\u017e 30 bar\u016f p\u0159i pou\u017eit\u00ed do rozm\u011brov\u011b p\u0159esn\u00fdch vrt\u016f v pevn\u00fdch stavebn\u00edch materi\u00e1lech.<\/span><\/span><\/span><\/p>\n<p><span style=\"color: #000000;\"><span style=\"font-family: Arial, sans-serif;\"><span style=\"font-size: medium;\"><b>Dal\u0161\u00ed informace a bezpe\u010dnostn\u00ed pokyny naleznete v technick\u00e9m listu tohoto v\u00fdrobku, kter\u00fd si m\u016f\u017eete st\u00e1hnout zde. <\/b><\/span><\/span><\/span><\/p>\n<p><a href=\"https:\/\/www.polymerpacker.de\/wp-content\/uploads\/2022\/07\/Polymerpacker-TM-LSP6R14KN-DE-EN.pdf\"><img fetchpriority=\"high\" decoding=\"async\" class=\"alignnone wp-image-1504 size-medium\" src=\"https:\/\/www.polymerpacker.de\/wp-content\/uploads\/2020\/08\/PDF-DOWNLOAD-250x400.jpg\" alt=\"\" width=\"250\" height=\"400\" srcset=\"https:\/\/www.polymerpacker.de\/wp-content\/uploads\/2020\/08\/PDF-DOWNLOAD-250x400.jpg 250w, https:\/\/www.polymerpacker.de\/wp-content\/uploads\/2020\/08\/PDF-DOWNLOAD-200x320.jpg 200w, https:\/\/www.polymerpacker.de\/wp-content\/uploads\/2020\/08\/PDF-DOWNLOAD-scaled-150x240.jpg 150w, https:\/\/www.polymerpacker.de\/wp-content\/uploads\/2020\/08\/PDF-DOWNLOAD-400x640.jpg 400w, https:\/\/www.polymerpacker.de\/wp-content\/uploads\/2020\/08\/PDF-DOWNLOAD-500x800.jpg 500w, https:\/\/www.polymerpacker.de\/wp-content\/uploads\/2020\/08\/PDF-DOWNLOAD-768x1228.jpg 768w, https:\/\/www.polymerpacker.de\/wp-content\/uploads\/2020\/08\/PDF-DOWNLOAD-961x1536.jpg 961w, https:\/\/www.polymerpacker.de\/wp-content\/uploads\/2020\/08\/PDF-DOWNLOAD-1281x2048.jpg 1281w, https:\/\/www.polymerpacker.de\/wp-content\/uploads\/2020\/08\/PDF-DOWNLOAD-scaled.jpg 1601w\" sizes=\"(max-width: 250px) 100vw, 250px\" \/><\/a><\/p>","protected":false},"excerpt":{"rendered":"<h3><strong>Injek\u010dn\u00ed p\u011bch LSP6R14KN pro 6 mm vrtan\u00fd otvor<\/strong><\/h3>\n<p><strong>Plastov\u00fd n\u00e1razov\u00fd p\u011bch o d\u00e9lce 54 mm.<\/strong><\/p>\n<h4>P\u0159ipojen\u00ed: \u0161roubov\u00e9 <strong>Ocelov\u00e1 ku\u017eelov\u00e1 vsuvka DIN 71412<\/strong> se zp\u011btn\u00fdm ventilem. Otev\u00edrac\u00ed tlak cca. <strong>1 bar<\/strong>.<\/h4>\n<p><strong>Balic\u00ed n\u00e1stroj zdarma v ka\u017ed\u00e9m balen\u00ed<\/strong><\/p>","protected":false},"featured_media":2397,"template":"","meta":[],"product_brand":[],"product_cat":[42,192],"product_tag":[129,193,196,198],"class_list":{"0":"post-2413","1":"product","2":"type-product","3":"status-publish","4":"has-post-thumbnail","6":"product_cat-injektion-packer-pumpen","7":"product_cat-injektionspacker-6-mm","8":"product_tag-injektionspacker-fuer-harz","9":"product_tag-injektionspacker-fuer-bohrung-6-mm","10":"product_tag-injektionspacker-fuer-holzschutzmittel","11":"product_tag-injektionspacker-mit-kegelnippel","13":"first","14":"instock","15":"taxable","16":"shipping-taxable","17":"purchasable","18":"product-type-simple"},"tiered_pricing_type":"percentage","tiered_pricing_fixed_rules":[],"tiered_pricing_product_settings":{"layout":"default","base_unit_name":{"singular":null,"plural":null},"default_variation":null},"tiered_pricing_minimum_quantity":10,"tiered_pricing_roles_data":[],"tiered_pricing_percentage_rules":{"100":5,"1000":10},"tiered_pricing_maximum_quantity":null,"tiered_pricing_quantity_step":null,"_links":{"self":[{"href":"https:\/\/www.polymerpacker.de\/cs\/wp-json\/wp\/v2\/product\/2413","targetHints":{"allow":["GET"]}}],"collection":[{"href":"https:\/\/www.polymerpacker.de\/cs\/wp-json\/wp\/v2\/product"}],"about":[{"href":"https:\/\/www.polymerpacker.de\/cs\/wp-json\/wp\/v2\/types\/product"}],"wp:featuredmedia":[{"embeddable":true,"href":"https:\/\/www.polymerpacker.de\/cs\/wp-json\/wp\/v2\/media\/2397"}],"wp:attachment":[{"href":"https:\/\/www.polymerpacker.de\/cs\/wp-json\/wp\/v2\/media?parent=2413"}],"wp:term":[{"taxonomy":"product_brand","embeddable":true,"href":"https:\/\/www.polymerpacker.de\/cs\/wp-json\/wp\/v2\/product_brand?post=2413"},{"taxonomy":"product_cat","embeddable":true,"href":"https:\/\/www.polymerpacker.de\/cs\/wp-json\/wp\/v2\/product_cat?post=2413"},{"taxonomy":"product_tag","embeddable":true,"href":"https:\/\/www.polymerpacker.de\/cs\/wp-json\/wp\/v2\/product_tag?post=2413"}],"curies":[{"name":"wp","href":"https:\/\/api.w.org\/{rel}","templated":true}]}}