{"id":2388,"date":"2022-07-15T18:22:57","date_gmt":"2022-07-15T16:22:57","guid":{"rendered":"https:\/\/www.polymerpacker.de\/?post_type=product&#038;p=2388"},"modified":"2026-04-15T16:01:02","modified_gmt":"2026-04-15T14:01:02","slug":"injekcni-pech-psp10kn-pro-vrtane-otvory-10-mm","status":"publish","type":"product","link":"https:\/\/www.polymerpacker.de\/cs\/produkt\/injektionspacker-psp10kn-fuer-bohrloch-10-mm\/","title":{"rendered":"Injek\u010dn\u00ed p\u011bch PSP10KN pro 10 mm vrtan\u00fd otvor"},"content":{"rendered":"<h2><span style=\"color: #000000;\"><span style=\"font-family: Arial, sans-serif;\"><span style=\"font-size: medium;\"><b>Vst\u0159ikovac\u00ed p\u011bch PSP10KN pro 10 mm vrtan\u00fd otvor (progresivn\u00ed lamelov\u00fd n\u00e1razov\u00fd p\u011bch) z vysoce v\u00fdkonn\u00e9ho plastu. <\/b><\/span><\/span><\/span><\/h2>\n<p><span style=\"color: #000000;\"><span style=\"font-family: Arial, sans-serif;\"><span style=\"font-size: medium;\">Optimalizov\u00e1no pro pou\u017eit\u00ed p\u0159i injekt\u00e1\u017ei trhlin v p\u0159esn\u011b vyvrtan\u00fdch otvorech v pevn\u00fdch stavebn\u00edch materi\u00e1lech, jako je beton, \u017eula, \u010dedi\u010d a p\u00edskovec. Lze pou\u017e\u00edt pro injekt\u00e1\u017e epoxidov\u00e9 prysky\u0159ice, polyuretanov\u00e9 prysky\u0159ice a silikonov\u00e9 emulze. Lze pou\u017e\u00edt pro maxim\u00e1ln\u00ed vst\u0159ikovac\u00ed tlaky p\u0159i pou\u017eit\u00ed v rozm\u011brov\u011b p\u0159esn\u011b vyvrtan\u00fdch otvorech v pevn\u00fdch stavebn\u00edch materi\u00e1lech. <\/span><\/span><\/span><span style=\"color: #000000;\"><span style=\"font-family: Arial, sans-serif;\"><span style=\"font-size: medium;\">a\u017e 150 bar\u016f.<\/span><\/span><\/span><\/p>\n<p><span style=\"color: #000000;\"><span style=\"font-family: Arial, sans-serif;\"><span style=\"font-size: medium;\"><b>N\u00e1\u0161 progresivn\u00ed diskov\u00fd p\u011bch. P\u016fvodn\u00ed, osv\u011bd\u010den\u00fd v\u00fdrobek, kter\u00fd vyr\u00e1b\u00edme od roku 2001.<\/b><\/span><\/span><\/span><\/p>\n<p><span style=\"color: #000000;\"><span style=\"font-family: Arial, sans-serif;\"><span style=\"font-size: medium;\"><b>Dal\u0161\u00ed informace a bezpe\u010dnostn\u00ed pokyny naleznete v technick\u00e9m listu tohoto v\u00fdrobku, kter\u00fd si m\u016f\u017eete st\u00e1hnout zde. <\/b><\/span><\/span><\/span><\/p>\n<p><a href=\"https:\/\/www.polymerpacker.de\/wp-content\/uploads\/2024\/01\/Polymerpacker-TM-PSP10KN-DE-EN-IT.pdf\"><img fetchpriority=\"high\" decoding=\"async\" class=\"alignnone wp-image-1504 size-medium\" src=\"https:\/\/www.polymerpacker.de\/wp-content\/uploads\/2020\/08\/PDF-DOWNLOAD-250x400.jpg\" alt=\"\" width=\"250\" height=\"400\" srcset=\"https:\/\/www.polymerpacker.de\/wp-content\/uploads\/2020\/08\/PDF-DOWNLOAD-250x400.jpg 250w, https:\/\/www.polymerpacker.de\/wp-content\/uploads\/2020\/08\/PDF-DOWNLOAD-200x320.jpg 200w, https:\/\/www.polymerpacker.de\/wp-content\/uploads\/2020\/08\/PDF-DOWNLOAD-scaled-150x240.jpg 150w, https:\/\/www.polymerpacker.de\/wp-content\/uploads\/2020\/08\/PDF-DOWNLOAD-400x640.jpg 400w, https:\/\/www.polymerpacker.de\/wp-content\/uploads\/2020\/08\/PDF-DOWNLOAD-500x800.jpg 500w, https:\/\/www.polymerpacker.de\/wp-content\/uploads\/2020\/08\/PDF-DOWNLOAD-768x1228.jpg 768w, https:\/\/www.polymerpacker.de\/wp-content\/uploads\/2020\/08\/PDF-DOWNLOAD-961x1536.jpg 961w, https:\/\/www.polymerpacker.de\/wp-content\/uploads\/2020\/08\/PDF-DOWNLOAD-1281x2048.jpg 1281w, https:\/\/www.polymerpacker.de\/wp-content\/uploads\/2020\/08\/PDF-DOWNLOAD-scaled.jpg 1601w\" sizes=\"(max-width: 250px) 100vw, 250px\" \/><\/a><\/p>","protected":false},"excerpt":{"rendered":"<h3><strong>Injek\u010dn\u00ed p\u011bch PSP10KN pro 10 mm vrtan\u00fd otvor<\/strong><\/h3>\n<p><strong>Progresivn\u00ed plastov\u00fd n\u00e1razov\u00fd p\u011bch o d\u00e9lce 77 mm.<\/strong><\/p>\n<h4>P\u0159ipojen\u00ed: \u0161roubov\u00e9 <strong>Ocelov\u00e1 ku\u017eelov\u00e1 vsuvka DIN 71412<\/strong> se zp\u011btn\u00fdm ventilem.  Otev\u00edrac\u00ed tlak cca. <strong>10 bar\u016f<\/strong>.<\/h4>\n<p><strong>Balic\u00ed n\u00e1stroj zdarma v ka\u017ed\u00e9m balen\u00ed<\/strong><\/p>","protected":false},"featured_media":2384,"template":"","meta":[],"product_brand":[],"product_cat":[42,83],"product_tag":[91,129,131,191,198],"class_list":{"0":"post-2388","1":"product","2":"type-product","3":"status-publish","4":"has-post-thumbnail","6":"product_cat-injektion-packer-pumpen","7":"product_cat-injektionspacker-10-mm","8":"product_tag-injektionspacker-fuer-bohrung-10-mm","9":"product_tag-injektionspacker-fuer-harz","10":"product_tag-unsere-millionenfach-bewaehrten-produkte","11":"product_tag-progressiv-lamellenschlagpacker","12":"product_tag-injektionspacker-mit-kegelnippel","14":"first","15":"instock","16":"taxable","17":"shipping-taxable","18":"purchasable","19":"product-type-simple"},"tiered_pricing_type":"percentage","tiered_pricing_fixed_rules":[],"tiered_pricing_product_settings":{"layout":"default","base_unit_name":{"singular":null,"plural":null},"default_variation":null},"tiered_pricing_minimum_quantity":10,"tiered_pricing_roles_data":[],"tiered_pricing_percentage_rules":{"100":5,"1000":10,"2000":15},"tiered_pricing_maximum_quantity":null,"tiered_pricing_quantity_step":null,"_links":{"self":[{"href":"https:\/\/www.polymerpacker.de\/cs\/wp-json\/wp\/v2\/product\/2388","targetHints":{"allow":["GET"]}}],"collection":[{"href":"https:\/\/www.polymerpacker.de\/cs\/wp-json\/wp\/v2\/product"}],"about":[{"href":"https:\/\/www.polymerpacker.de\/cs\/wp-json\/wp\/v2\/types\/product"}],"wp:featuredmedia":[{"embeddable":true,"href":"https:\/\/www.polymerpacker.de\/cs\/wp-json\/wp\/v2\/media\/2384"}],"wp:attachment":[{"href":"https:\/\/www.polymerpacker.de\/cs\/wp-json\/wp\/v2\/media?parent=2388"}],"wp:term":[{"taxonomy":"product_brand","embeddable":true,"href":"https:\/\/www.polymerpacker.de\/cs\/wp-json\/wp\/v2\/product_brand?post=2388"},{"taxonomy":"product_cat","embeddable":true,"href":"https:\/\/www.polymerpacker.de\/cs\/wp-json\/wp\/v2\/product_cat?post=2388"},{"taxonomy":"product_tag","embeddable":true,"href":"https:\/\/www.polymerpacker.de\/cs\/wp-json\/wp\/v2\/product_tag?post=2388"}],"curies":[{"name":"wp","href":"https:\/\/api.w.org\/{rel}","templated":true}]}}