{"id":2346,"date":"2022-07-08T18:42:30","date_gmt":"2022-07-08T16:42:30","guid":{"rendered":"https:\/\/www.polymerpacker.de\/?post_type=product&#038;p=2346"},"modified":"2026-04-15T16:00:58","modified_gmt":"2026-04-15T14:00:58","slug":"spojovaci-material-vss17r14","status":"publish","type":"product","link":"https:\/\/www.polymerpacker.de\/cs\/produkt\/verschlussstueck-vss17r14\/","title":{"rendered":"Pojistn\u00fd kus VSS17R14 s p\u0159ipojovac\u00edm z\u00e1vitem R1\/4\u2033"},"content":{"rendered":"<h2><strong>Uzamykac\u00ed kus VSS17R14<\/strong><\/h2>\n<p><span style=\"font-family: Arial, sans-serif; color: #282828;\"><span style=\"font-size: medium;\"><b><strong>Pojistn\u00fd kus 17 s p\u0159ipojovac\u00edm z\u00e1vitem R1\/4\u2033. <\/strong>U<\/b><\/span><\/span><span style=\"font-family: Arial, sans-serif; color: #282828;\"><span style=\"font-size: medium;\"><b>univerz\u00e1ln\u00ed a snadno pou\u017eiteln\u00fd p\u0159ipojovac\u00ed syst\u00e9m pro vst\u0159ikovac\u00ed tmely.<\/b> <\/span><\/span><\/p>\n<p><span style=\"color: #000000;\"><span style=\"font-family: Arial, sans-serif;\"><span style=\"font-size: medium;\">Lze pou\u017e\u00edt pro epoxidovou prysky\u0159ici, polyuretanovou prysky\u0159ici, akryl\u00e1tov\u00fd gel, silikonovou emulzi, silik\u00e1tov\u00fd kr\u00e9m, cementovou suspenzi, cementovou pastu, injek\u010dn\u00ed maltu. <strong>Pro maxim\u00e1ln\u00ed vst\u0159ikovac\u00ed tlaky a\u017e 50 bar\u016f.<\/strong><\/span><\/span><\/span><\/p>\n<p><span style=\"color: #000000;\"><span style=\"font-family: Arial, sans-serif;\"><span style=\"font-size: medium;\"><b>Milionkr\u00e1t vyzkou\u0161en\u00fd v\u00fdrobek, kter\u00fd vyr\u00e1b\u00edme od roku 1995.<\/b><\/span><\/span><\/span><\/p>\n<p><span style=\"color: #000000;\"><span style=\"font-family: Arial, sans-serif;\"><span style=\"font-size: medium;\"><b>Dal\u0161\u00ed informace a bezpe\u010dnostn\u00ed pokyny naleznete v technick\u00e9m listu tohoto v\u00fdrobku, kter\u00fd si m\u016f\u017eete st\u00e1hnout zde. <\/b><\/span><\/span><\/span><\/p>\n<p><a href=\"https:\/\/www.polymerpacker.de\/wp-content\/uploads\/2022\/06\/Polymerpacker-TM-VSS17SKZ-DE-EN.pdf\"><img fetchpriority=\"high\" decoding=\"async\" class=\"alignnone wp-image-1504 size-medium\" src=\"https:\/\/www.polymerpacker.de\/wp-content\/uploads\/2020\/08\/PDF-DOWNLOAD-250x400.jpg\" alt=\"\" width=\"250\" height=\"400\" srcset=\"https:\/\/www.polymerpacker.de\/wp-content\/uploads\/2020\/08\/PDF-DOWNLOAD-250x400.jpg 250w, https:\/\/www.polymerpacker.de\/wp-content\/uploads\/2020\/08\/PDF-DOWNLOAD-200x320.jpg 200w, https:\/\/www.polymerpacker.de\/wp-content\/uploads\/2020\/08\/PDF-DOWNLOAD-scaled-150x240.jpg 150w, https:\/\/www.polymerpacker.de\/wp-content\/uploads\/2020\/08\/PDF-DOWNLOAD-400x640.jpg 400w, https:\/\/www.polymerpacker.de\/wp-content\/uploads\/2020\/08\/PDF-DOWNLOAD-500x800.jpg 500w, https:\/\/www.polymerpacker.de\/wp-content\/uploads\/2020\/08\/PDF-DOWNLOAD-768x1228.jpg 768w, https:\/\/www.polymerpacker.de\/wp-content\/uploads\/2020\/08\/PDF-DOWNLOAD-961x1536.jpg 961w, https:\/\/www.polymerpacker.de\/wp-content\/uploads\/2020\/08\/PDF-DOWNLOAD-1281x2048.jpg 1281w, https:\/\/www.polymerpacker.de\/wp-content\/uploads\/2020\/08\/PDF-DOWNLOAD-scaled.jpg 1601w\" sizes=\"(max-width: 250px) 100vw, 250px\" \/><\/a><\/p>","protected":false},"excerpt":{"rendered":"<h3><strong>Uzamykac\u00ed kus VSS17R14<\/strong><\/h3>\n<p>K\u0159\u00ed\u017eov\u00fd sn\u00edmek <strong>Uzamykac\u00ed kus 17 <\/strong>Vhodn\u00e9 pro v\u0161echny komer\u010dn\u011b dostupn\u00e9 <strong>Kle\u0161t\u011b pro rychloup\u00edn\u00e1n\u00ed (rychloup\u00ednac\u00ed z\u00e1mek) 17 mm.<\/strong> (nap\u0159\u00edklad: Desoi, Wiwa, Vorek, Remmers, Sopro, TPH a mnoho dal\u0161\u00edch).<\/p>\n<h4>P\u0159ipojen\u00ed:<strong> Vnit\u0159n\u00ed z\u00e1vit R1\/4\u2033 (samot\u011bsnic\u00ed trubkov\u00fd z\u00e1vit)<\/strong>, voln\u00fd pr\u016fchod<strong> \u00d8 7 mm.<\/strong><\/h4>","protected":false},"featured_media":1085,"template":"","meta":[],"product_brand":[],"product_cat":[42,121],"product_tag":[114,122,128,131,132],"class_list":{"0":"post-2346","1":"product","2":"type-product","3":"status-publish","4":"has-post-thumbnail","6":"product_cat-injektion-packer-pumpen","7":"product_cat-injektionspacker-anschliessen","8":"product_tag-verschlussstueck","9":"product_tag-injektionspacker-an-pumpen-anschliessen","10":"product_tag-schnellschnappanschluss","11":"product_tag-unsere-millionenfach-bewaehrten-produkte","12":"product_tag-injektionspacker-fuer-zement","14":"first","15":"instock","16":"taxable","17":"shipping-taxable","18":"purchasable","19":"product-type-simple"},"tiered_pricing_type":"percentage","tiered_pricing_fixed_rules":[],"tiered_pricing_product_settings":{"layout":"default","base_unit_name":{"singular":null,"plural":null},"default_variation":null},"tiered_pricing_minimum_quantity":10,"tiered_pricing_roles_data":[],"tiered_pricing_percentage_rules":{"100":5,"1000":10},"tiered_pricing_maximum_quantity":null,"tiered_pricing_quantity_step":null,"_links":{"self":[{"href":"https:\/\/www.polymerpacker.de\/cs\/wp-json\/wp\/v2\/product\/2346","targetHints":{"allow":["GET"]}}],"collection":[{"href":"https:\/\/www.polymerpacker.de\/cs\/wp-json\/wp\/v2\/product"}],"about":[{"href":"https:\/\/www.polymerpacker.de\/cs\/wp-json\/wp\/v2\/types\/product"}],"wp:featuredmedia":[{"embeddable":true,"href":"https:\/\/www.polymerpacker.de\/cs\/wp-json\/wp\/v2\/media\/1085"}],"wp:attachment":[{"href":"https:\/\/www.polymerpacker.de\/cs\/wp-json\/wp\/v2\/media?parent=2346"}],"wp:term":[{"taxonomy":"product_brand","embeddable":true,"href":"https:\/\/www.polymerpacker.de\/cs\/wp-json\/wp\/v2\/product_brand?post=2346"},{"taxonomy":"product_cat","embeddable":true,"href":"https:\/\/www.polymerpacker.de\/cs\/wp-json\/wp\/v2\/product_cat?post=2346"},{"taxonomy":"product_tag","embeddable":true,"href":"https:\/\/www.polymerpacker.de\/cs\/wp-json\/wp\/v2\/product_tag?post=2346"}],"curies":[{"name":"wp","href":"https:\/\/api.w.org\/{rel}","templated":true}]}}