{"id":1856,"date":"2021-04-13T16:00:36","date_gmt":"2021-04-13T14:00:36","guid":{"rendered":"https:\/\/www.polymerpacker.de\/?post_type=product&#038;p=1856"},"modified":"2026-04-15T16:00:59","modified_gmt":"2026-04-15T14:00:59","slug":"injekcni-klinovy-pech-kp45r14-pro-zatloukani-do-trhlin","status":"publish","type":"product","link":"https:\/\/www.polymerpacker.de\/cs\/produkt\/injektions-keilpacker-kp45r14-zum-einschlagen-in-risse\/","title":{"rendered":"Injekt\u00e1\u017en\u00ed kl\u00edn KP45R14 pro zatlouk\u00e1n\u00ed do trhlin"},"content":{"rendered":"<h2><span style=\"color: #000000;\"><span style=\"font-family: Arial, sans-serif;\"><span style=\"font-size: medium;\"><b>Injekt\u00e1\u017en\u00ed kl\u00edn KP45R14 pro zatlouk\u00e1n\u00ed do trhlin<\/b><\/span><\/span><\/span><\/h2>\n<p><span style=\"color: #000000;\"><span style=\"font-family: Arial, sans-serif;\"><span style=\"font-size: medium;\"><b>Injek\u010dn\u00ed kl\u00ednov\u00fd p\u011bch (kl\u00ednov\u00fd injek\u010dn\u00ed p\u011bch) <\/b><\/span><\/span><\/span><span style=\"color: #000000;\"><span style=\"font-family: Arial, sans-serif;\"><span style=\"font-size: medium;\">Pro j\u00edzdu p\u0159\u00edmo do trhlin. Pro pou\u017eit\u00ed p\u0159i injekt\u00e1\u017ei trhlin ve v\u0161ech b\u011b\u017en\u00fdch stavebn\u00edch materi\u00e1lech, jako je beton, \u017eula, dut\u00e9 tv\u00e1rnice, cihly, p\u00edskovec. Lze pou\u017e\u00edt k injekt\u00e1\u017ei epoxidov\u00e9 prysky\u0159ice, polyuretanov\u00e9 prysky\u0159ice, mikrocementov\u00e9 suspenze. Velmi dob\u0159e se hod\u00ed k p\u0159\u00edm\u00e9mu zatlouk\u00e1n\u00ed do d\u0159eva, k tlakov\u00e9 impregnaci, s ochrann\u00fdmi prost\u0159edky na d\u0159evo nebo s epoxidovou prysky\u0159ic\u00ed ke konsolidaci d\u0159eva. <b>Kl\u00ednov\u00fd tmel lze snadno odstranit ze stavebn\u00edch materi\u00e1l\u016f bez zanech\u00e1n\u00ed zbytk\u016f.<\/b>. P\u0159i pevn\u00e9m usazen\u00ed lze pou\u017e\u00edt pro maxim\u00e1ln\u00ed vst\u0159ikovac\u00ed tlak a\u017e 50 bar\u016f. <\/span><\/span><\/span><\/p>\n<p><span style=\"color: #000000;\"><span style=\"font-family: Arial, sans-serif;\"><span style=\"font-size: medium;\"><b>Dal\u0161\u00ed informace a bezpe\u010dnostn\u00ed pokyny naleznete v technick\u00e9m listu tohoto v\u00fdrobku, kter\u00fd si m\u016f\u017eete st\u00e1hnout zde. <\/b><\/span><\/span><\/span><\/p>\n<p><a href=\"https:\/\/www.polymerpacker.de\/wp-content\/uploads\/2021\/05\/Polymerpacker-TM-KP45R14-DE-EN.pdf\"><img fetchpriority=\"high\" decoding=\"async\" class=\"alignnone wp-image-1504 size-medium\" src=\"https:\/\/www.polymerpacker.de\/wp-content\/uploads\/2020\/08\/PDF-DOWNLOAD-250x400.jpg\" alt=\"\" width=\"250\" height=\"400\" srcset=\"https:\/\/www.polymerpacker.de\/wp-content\/uploads\/2020\/08\/PDF-DOWNLOAD-250x400.jpg 250w, https:\/\/www.polymerpacker.de\/wp-content\/uploads\/2020\/08\/PDF-DOWNLOAD-200x320.jpg 200w, https:\/\/www.polymerpacker.de\/wp-content\/uploads\/2020\/08\/PDF-DOWNLOAD-scaled-150x240.jpg 150w, https:\/\/www.polymerpacker.de\/wp-content\/uploads\/2020\/08\/PDF-DOWNLOAD-400x640.jpg 400w, https:\/\/www.polymerpacker.de\/wp-content\/uploads\/2020\/08\/PDF-DOWNLOAD-500x800.jpg 500w, https:\/\/www.polymerpacker.de\/wp-content\/uploads\/2020\/08\/PDF-DOWNLOAD-768x1228.jpg 768w, https:\/\/www.polymerpacker.de\/wp-content\/uploads\/2020\/08\/PDF-DOWNLOAD-961x1536.jpg 961w, https:\/\/www.polymerpacker.de\/wp-content\/uploads\/2020\/08\/PDF-DOWNLOAD-1281x2048.jpg 1281w, https:\/\/www.polymerpacker.de\/wp-content\/uploads\/2020\/08\/PDF-DOWNLOAD-scaled.jpg 1601w\" sizes=\"(max-width: 250px) 100vw, 250px\" \/><\/a><\/p>","protected":false},"excerpt":{"rendered":"<h3><strong>Injek\u010dn\u00ed kl\u00ednov\u00fd p\u011bch KP45R14 pro \u0161\u00ed\u0159ku trhliny od 4,5 mm<\/strong><\/h3>\n<p><strong>Plastov\u00fd kl\u00ednov\u00fd p\u011bch o d\u00e9lce 82 mm.<\/strong><\/p>\n<h4>P\u0159ipojen\u00ed: vn\u011bj\u0161\u00ed z\u00e1vit <strong>R1\/4\u201c<\/strong>. Max. difuzor<strong> 4 mm.<\/strong><\/h4>\n<p><strong>Balic\u00ed n\u00e1stroj zdarma v ka\u017ed\u00e9m balen\u00ed<\/strong><\/p>","protected":false},"featured_media":1819,"template":"","meta":[],"product_brand":[],"product_cat":[42,138],"product_tag":[132,139],"class_list":{"0":"post-1856","1":"product","2":"type-product","3":"status-publish","4":"has-post-thumbnail","6":"product_cat-injektion-packer-pumpen","7":"product_cat-injektions-keilpacker","8":"product_tag-injektionspacker-fuer-zement","9":"product_tag-keilpacker","11":"first","12":"instock","13":"taxable","14":"shipping-taxable","15":"purchasable","16":"product-type-simple"},"tiered_pricing_type":"percentage","tiered_pricing_fixed_rules":[],"tiered_pricing_product_settings":{"layout":"default","base_unit_name":{"singular":null,"plural":null},"default_variation":null},"tiered_pricing_minimum_quantity":10,"tiered_pricing_roles_data":[],"tiered_pricing_percentage_rules":{"100":5,"1000":10},"tiered_pricing_maximum_quantity":null,"tiered_pricing_quantity_step":null,"_links":{"self":[{"href":"https:\/\/www.polymerpacker.de\/cs\/wp-json\/wp\/v2\/product\/1856","targetHints":{"allow":["GET"]}}],"collection":[{"href":"https:\/\/www.polymerpacker.de\/cs\/wp-json\/wp\/v2\/product"}],"about":[{"href":"https:\/\/www.polymerpacker.de\/cs\/wp-json\/wp\/v2\/types\/product"}],"wp:featuredmedia":[{"embeddable":true,"href":"https:\/\/www.polymerpacker.de\/cs\/wp-json\/wp\/v2\/media\/1819"}],"wp:attachment":[{"href":"https:\/\/www.polymerpacker.de\/cs\/wp-json\/wp\/v2\/media?parent=1856"}],"wp:term":[{"taxonomy":"product_brand","embeddable":true,"href":"https:\/\/www.polymerpacker.de\/cs\/wp-json\/wp\/v2\/product_brand?post=1856"},{"taxonomy":"product_cat","embeddable":true,"href":"https:\/\/www.polymerpacker.de\/cs\/wp-json\/wp\/v2\/product_cat?post=1856"},{"taxonomy":"product_tag","embeddable":true,"href":"https:\/\/www.polymerpacker.de\/cs\/wp-json\/wp\/v2\/product_tag?post=1856"}],"curies":[{"name":"wp","href":"https:\/\/api.w.org\/{rel}","templated":true}]}}