{"id":1524,"date":"2020-09-13T20:56:18","date_gmt":"2020-09-13T18:56:18","guid":{"rendered":"https:\/\/www.polymerpacker.de\/?post_type=product&#038;p=1524"},"modified":"2026-04-15T16:00:58","modified_gmt":"2026-04-15T14:00:58","slug":"staticka-mrizkova-michacka-94-mm-smg94pa","status":"publish","type":"product","link":"https:\/\/www.polymerpacker.de\/cs\/produkt\/statik-gittermischer-94-mm-smg94pa\/","title":{"rendered":"Statick\u00e1 m\u0159\u00ed\u017ekov\u00e1 m\u00edcha\u010dka 9,4 mm SMG94PA z polyamidu"},"content":{"rendered":"<p><span style=\"color: #000000;\"><span style=\"font-family: Arial, sans-serif;\"><span style=\"font-size: medium;\"><b>Polymerpacker Statick\u00fd m\u0159\u00ed\u017ekov\u00fd mix\u00e9r <\/b>maj\u00ed vynikaj\u00edc\u00ed m\u00edchac\u00ed vlastnosti a jsou optimalizov\u00e1ny pro v\u00fdrobu velmi homogenn\u00edch konzistenc\u00ed p\u0159i kontinu\u00e1ln\u00edm pr\u016ftokov\u00e9m m\u00edch\u00e1n\u00ed v\u00edceslo\u017ekov\u00fdch reaktivn\u00edch polymer\u016f. A to i p\u0159i velk\u00fdch rozd\u00edlech ve viskozit\u011b a hustot\u011b.<\/span><\/span><\/span><\/p>\n<p><span style=\"color: #000000;\"><span style=\"font-family: Arial, sans-serif;\"><span style=\"font-size: medium;\"><b>Polymerpacker statick\u00e1 m\u0159\u00ed\u017ekov\u00e1 m\u00edcha\u010dka z polyamidu 6 s v\u00fdpln\u00ed ze sklen\u011bn\u00fdch vl\u00e1ken 50% <\/b>se osv\u011bd\u010dily p\u0159i pou\u017eit\u00ed v m\u00edchac\u00edch hlav\u00e1ch v\u00edceslo\u017ekov\u00fdch \u010derpadel p\u0159i zpracov\u00e1n\u00ed dvouslo\u017ekov\u00fdch injek\u010dn\u00edch prysky\u0159ic (epoxidov\u00e1 prysky\u0159ice, polyuretanov\u00e1 prysky\u0159ice, silik\u00e1tov\u00e1 prysky\u0159ice) a dvouslo\u017ekov\u00fdch injek\u010dn\u00edch gel\u016f na b\u00e1zi akryl\u00e1tu.<\/span><\/span><\/span><\/p>\n<p><span style=\"color: #000000;\"><span style=\"font-family: Arial, sans-serif;\"><span style=\"font-size: medium;\"><b>Milionkr\u00e1t osv\u011bd\u010den\u00fd produkt, kter\u00fd vyr\u00e1b\u00edme od roku 2002.<\/b><\/span><\/span><\/span><\/p>\n<p><span style=\"color: #000000;\"><span style=\"font-family: Arial, sans-serif;\"><span style=\"font-size: medium;\"><b>Dal\u0161\u00ed informace a bezpe\u010dnostn\u00ed pokyny naleznete v technick\u00e9m listu tohoto v\u00fdrobku, kter\u00fd si m\u016f\u017eete st\u00e1hnout zde. <\/b><\/span><\/span><\/span><\/p>\n<p><a href=\"https:\/\/www.polymerpacker.de\/wp-content\/uploads\/2025\/06\/Polymerpacker-TM-SMG94-DE-EN.pdf\"><img fetchpriority=\"high\" decoding=\"async\" class=\"alignnone wp-image-1504 size-medium\" src=\"https:\/\/www.polymerpacker.de\/wp-content\/uploads\/2020\/08\/PDF-DOWNLOAD-250x400.jpg\" alt=\"\" width=\"250\" height=\"400\" srcset=\"https:\/\/www.polymerpacker.de\/wp-content\/uploads\/2020\/08\/PDF-DOWNLOAD-250x400.jpg 250w, https:\/\/www.polymerpacker.de\/wp-content\/uploads\/2020\/08\/PDF-DOWNLOAD-200x320.jpg 200w, https:\/\/www.polymerpacker.de\/wp-content\/uploads\/2020\/08\/PDF-DOWNLOAD-scaled-150x240.jpg 150w, https:\/\/www.polymerpacker.de\/wp-content\/uploads\/2020\/08\/PDF-DOWNLOAD-400x640.jpg 400w, https:\/\/www.polymerpacker.de\/wp-content\/uploads\/2020\/08\/PDF-DOWNLOAD-500x800.jpg 500w, https:\/\/www.polymerpacker.de\/wp-content\/uploads\/2020\/08\/PDF-DOWNLOAD-768x1228.jpg 768w, https:\/\/www.polymerpacker.de\/wp-content\/uploads\/2020\/08\/PDF-DOWNLOAD-961x1536.jpg 961w, https:\/\/www.polymerpacker.de\/wp-content\/uploads\/2020\/08\/PDF-DOWNLOAD-1281x2048.jpg 1281w, https:\/\/www.polymerpacker.de\/wp-content\/uploads\/2020\/08\/PDF-DOWNLOAD-scaled.jpg 1601w\" sizes=\"(max-width: 250px) 100vw, 250px\" \/><\/a><\/p>","protected":false},"excerpt":{"rendered":"<h3><strong><span style=\"color: #000000;\"><span style=\"font-family: Arial, sans-serif;\"><span style=\"font-size: medium;\">Statick\u00e1 m\u0159\u00ed\u017ekov\u00e1 m\u00edcha\u010dka 9,4 mm SMG94PA z polyamidu<br \/>\n<\/span><\/span><\/span><\/strong><\/h3>\n<p><span style=\"color: #000000;\"><span style=\"font-family: Arial, sans-serif;\"><span style=\"font-size: medium;\">Pr\u016fm\u011br 9,4 mm, d\u00e9lka 9,4 mm, s 18 ty\u010demi v 6 vrstv\u00e1ch, tlou\u0161\u0165ka ty\u010d\u00ed 1 mm, odoln\u00e9 proti tlaku a\u017e 150 bar\u016f.<\/span><\/span><\/span><\/p>","protected":false},"featured_media":3809,"template":"","meta":[],"product_brand":[],"product_cat":[137],"product_tag":[127,131,134],"class_list":{"0":"post-1524","1":"product","2":"type-product","3":"status-publish","4":"has-post-thumbnail","6":"product_cat-statik-gittermischer","7":"product_tag-dissolver","8":"product_tag-unsere-millionenfach-bewaehrten-produkte","9":"product_tag-statik-gittermischer","11":"first","12":"instock","13":"taxable","14":"shipping-taxable","15":"purchasable","16":"product-type-simple"},"tiered_pricing_type":"percentage","tiered_pricing_fixed_rules":[],"tiered_pricing_product_settings":{"layout":"default","base_unit_name":{"singular":null,"plural":null},"default_variation":null},"tiered_pricing_minimum_quantity":10,"tiered_pricing_roles_data":[],"tiered_pricing_percentage_rules":{"100":5,"1000":10},"tiered_pricing_maximum_quantity":null,"tiered_pricing_quantity_step":null,"_links":{"self":[{"href":"https:\/\/www.polymerpacker.de\/cs\/wp-json\/wp\/v2\/product\/1524","targetHints":{"allow":["GET"]}}],"collection":[{"href":"https:\/\/www.polymerpacker.de\/cs\/wp-json\/wp\/v2\/product"}],"about":[{"href":"https:\/\/www.polymerpacker.de\/cs\/wp-json\/wp\/v2\/types\/product"}],"wp:featuredmedia":[{"embeddable":true,"href":"https:\/\/www.polymerpacker.de\/cs\/wp-json\/wp\/v2\/media\/3809"}],"wp:attachment":[{"href":"https:\/\/www.polymerpacker.de\/cs\/wp-json\/wp\/v2\/media?parent=1524"}],"wp:term":[{"taxonomy":"product_brand","embeddable":true,"href":"https:\/\/www.polymerpacker.de\/cs\/wp-json\/wp\/v2\/product_brand?post=1524"},{"taxonomy":"product_cat","embeddable":true,"href":"https:\/\/www.polymerpacker.de\/cs\/wp-json\/wp\/v2\/product_cat?post=1524"},{"taxonomy":"product_tag","embeddable":true,"href":"https:\/\/www.polymerpacker.de\/cs\/wp-json\/wp\/v2\/product_tag?post=1524"}],"curies":[{"name":"wp","href":"https:\/\/api.w.org\/{rel}","templated":true}]}}