{"id":1355,"date":"2020-05-25T21:50:19","date_gmt":"2020-05-25T19:50:19","guid":{"rendered":"https:\/\/www.polymerpacker.de\/?post_type=product&#038;p=1355"},"modified":"2026-04-15T16:00:58","modified_gmt":"2026-04-15T14:00:58","slug":"vstrikovaci-pech-lsp18sklv","status":"publish","type":"product","link":"https:\/\/www.polymerpacker.de\/cs\/produkt\/injektionspacker-lsp18sklv\/","title":{"rendered":"Injek\u010dn\u00ed p\u011bch LSP18SKLV pro 18 mm vrtan\u00fd otvor"},"content":{"rendered":"<h2><span style=\"color: #000000;\"><span style=\"font-family: Arial, sans-serif;\"><span style=\"font-size: medium;\"><b>Vst\u0159ikovac\u00ed p\u011bch LSP18SKLV pro 18 mm vrtan\u00fd otvor (lamelov\u00fd n\u00e1razov\u00fd p\u011bch) z vysoce v\u00fdkonn\u00e9ho plastu. <\/b><\/span><\/span><\/span><\/h2>\n<p><span style=\"color: #000000;\"><span style=\"font-family: Arial, sans-serif;\"><span style=\"font-size: medium;\"><b>Jeden z na\u0161ich nejobl\u00edben\u011bj\u0161\u00edch produkt\u016f <\/b><\/span><\/span><\/span><span style=\"color: #000000;\"><span style=\"font-family: Arial, sans-serif;\"><span style=\"font-size: medium;\">pro pou\u017eit\u00ed p\u0159i n\u00edzkotlak\u00e9m vst\u0159ikov\u00e1n\u00ed miner\u00e1ln\u00edch materi\u00e1l\u016f. Pro injekt\u00e1\u017e trhlin a dutin cementovou suspenz\u00ed, cementovou pastou, injek\u010dn\u00ed maltou, silik\u00e1tov\u00fdm kr\u00e9mem, polyuretanovou p\u011bnou, ve v\u0161ech b\u011b\u017en\u00fdch stavebn\u00edch materi\u00e1lech, jako je beton, dutinov\u00e9 tv\u00e1rnice, cihly, p\u00edskovec, v\u00e1penop\u00edskov\u00e9 cihly, pemza, hl\u00edna. Vybaveno rychlospojkou pro rychlospojkov\u00e9 kle\u0161t\u011b 17. Lze pou\u017e\u00edt pro maxim\u00e1ln\u00ed injek\u010dn\u00ed tlak a\u017e 25 bar\u016f.<\/span><\/span><\/span><\/p>\n<p><span style=\"color: #000000;\"><span style=\"font-family: Arial, sans-serif;\"><span style=\"font-size: medium;\"><b>Milionkr\u00e1t osv\u011bd\u010den\u00fd produkt, kter\u00fd vyr\u00e1b\u00edme od roku 2001.<\/b><\/span><\/span><\/span><\/p>\n<p><span style=\"color: #000000;\"><span style=\"font-family: Arial, sans-serif;\"><span style=\"font-size: medium;\"><b>Dal\u0161\u00ed informace a bezpe\u010dnostn\u00ed pokyny naleznete v technick\u00e9m listu tohoto v\u00fdrobku, kter\u00fd si m\u016f\u017eete st\u00e1hnout zde. <\/b><\/span><\/span><\/span><\/p>\n<p><a href=\"https:\/\/www.polymerpacker.de\/wp-content\/uploads\/2024\/04\/Polymerpacker-TM-LSP18SKLV-DE-EN.pdf\"><img fetchpriority=\"high\" decoding=\"async\" class=\"alignnone wp-image-1504 size-medium\" src=\"https:\/\/www.polymerpacker.de\/wp-content\/uploads\/2020\/08\/PDF-DOWNLOAD-250x400.jpg\" alt=\"\" width=\"250\" height=\"400\" srcset=\"https:\/\/www.polymerpacker.de\/wp-content\/uploads\/2020\/08\/PDF-DOWNLOAD-250x400.jpg 250w, https:\/\/www.polymerpacker.de\/wp-content\/uploads\/2020\/08\/PDF-DOWNLOAD-200x320.jpg 200w, https:\/\/www.polymerpacker.de\/wp-content\/uploads\/2020\/08\/PDF-DOWNLOAD-scaled-150x240.jpg 150w, https:\/\/www.polymerpacker.de\/wp-content\/uploads\/2020\/08\/PDF-DOWNLOAD-400x640.jpg 400w, https:\/\/www.polymerpacker.de\/wp-content\/uploads\/2020\/08\/PDF-DOWNLOAD-500x800.jpg 500w, https:\/\/www.polymerpacker.de\/wp-content\/uploads\/2020\/08\/PDF-DOWNLOAD-768x1228.jpg 768w, https:\/\/www.polymerpacker.de\/wp-content\/uploads\/2020\/08\/PDF-DOWNLOAD-961x1536.jpg 961w, https:\/\/www.polymerpacker.de\/wp-content\/uploads\/2020\/08\/PDF-DOWNLOAD-1281x2048.jpg 1281w, https:\/\/www.polymerpacker.de\/wp-content\/uploads\/2020\/08\/PDF-DOWNLOAD-scaled.jpg 1601w\" sizes=\"(max-width: 250px) 100vw, 250px\" \/><\/a><\/p>","protected":false},"excerpt":{"rendered":"<h3><strong>Injek\u010dn\u00ed p\u011bch LSP18SKLV pro 18 mm vrtan\u00fd otvor<\/strong><\/h3>\n<p><strong>Plastov\u00fd n\u00e1razov\u00fd p\u011bch o d\u00e9lce 117 mm.<\/strong><\/p>\n<p>S <strong>Gumov\u00fd ventil na rty<\/strong>, otev\u00edrac\u00ed tlak cca. <strong>0,5 baru<\/strong>, voln\u00fd pr\u016fchod <strong>\u00d8 7 mm<\/strong>.<\/p>\n<h4>P\u0159ipojen\u00ed: Rychlospojka 17 pro rychlospojkov\u00e9 kle\u0161t\u011b 17 mm.<\/h4>\n<p><strong>Balic\u00ed n\u00e1stroj zdarma v ka\u017ed\u00e9m balen\u00ed<\/strong><\/p>","protected":false},"featured_media":1346,"template":"","meta":[],"product_brand":[],"product_cat":[42,112],"product_tag":[111,128,131,132],"class_list":{"0":"post-1355","1":"product","2":"type-product","3":"status-publish","4":"has-post-thumbnail","6":"product_cat-injektion-packer-pumpen","7":"product_cat-injektionspacker-18-mm","8":"product_tag-injektionspacker-fuer-bohrung-18-mm","9":"product_tag-schnellschnappanschluss","10":"product_tag-unsere-millionenfach-bewaehrten-produkte","11":"product_tag-injektionspacker-fuer-zement","13":"first","14":"instock","15":"taxable","16":"shipping-taxable","17":"purchasable","18":"product-type-simple"},"tiered_pricing_type":"percentage","tiered_pricing_fixed_rules":[],"tiered_pricing_product_settings":{"layout":"default","base_unit_name":{"singular":null,"plural":null},"default_variation":null},"tiered_pricing_minimum_quantity":10,"tiered_pricing_roles_data":[],"tiered_pricing_percentage_rules":{"100":5,"1000":10},"tiered_pricing_maximum_quantity":null,"tiered_pricing_quantity_step":null,"_links":{"self":[{"href":"https:\/\/www.polymerpacker.de\/cs\/wp-json\/wp\/v2\/product\/1355","targetHints":{"allow":["GET"]}}],"collection":[{"href":"https:\/\/www.polymerpacker.de\/cs\/wp-json\/wp\/v2\/product"}],"about":[{"href":"https:\/\/www.polymerpacker.de\/cs\/wp-json\/wp\/v2\/types\/product"}],"wp:featuredmedia":[{"embeddable":true,"href":"https:\/\/www.polymerpacker.de\/cs\/wp-json\/wp\/v2\/media\/1346"}],"wp:attachment":[{"href":"https:\/\/www.polymerpacker.de\/cs\/wp-json\/wp\/v2\/media?parent=1355"}],"wp:term":[{"taxonomy":"product_brand","embeddable":true,"href":"https:\/\/www.polymerpacker.de\/cs\/wp-json\/wp\/v2\/product_brand?post=1355"},{"taxonomy":"product_cat","embeddable":true,"href":"https:\/\/www.polymerpacker.de\/cs\/wp-json\/wp\/v2\/product_cat?post=1355"},{"taxonomy":"product_tag","embeddable":true,"href":"https:\/\/www.polymerpacker.de\/cs\/wp-json\/wp\/v2\/product_tag?post=1355"}],"curies":[{"name":"wp","href":"https:\/\/api.w.org\/{rel}","templated":true}]}}