{"id":1063,"date":"2020-05-04T17:51:36","date_gmt":"2020-05-04T15:51:36","guid":{"rendered":"http:\/\/b38jwy.myraidbox.de\/?post_type=product&#038;p=1063"},"modified":"2026-04-22T10:44:15","modified_gmt":"2026-04-22T08:44:15","slug":"vstrikovaci-pech-sps1280","status":"publish","type":"product","link":"https:\/\/www.polymerpacker.de\/cs\/produkt\/injektionspacker-sps1280\/","title":{"rendered":"Injekt\u00e1\u017en\u00ed p\u011bch SPS1280 pro 12 mm vrtan\u00fd otvor"},"content":{"rendered":"<h2><strong><span style=\"color: #000000;\"><span style=\"font-family: Arial, sans-serif;\"><span style=\"font-size: medium;\">Injekt\u00e1\u017en\u00ed p\u011bch SPS1280 pro 12 mm vrtan\u00fd otvor<\/span><\/span><\/span><\/strong><\/h2>\n<p><span style=\"color: #000000;\"><span style=\"font-family: Arial, sans-serif;\"><span style=\"font-size: medium;\"><b>Standardn\u00ed vst\u0159ikovac\u00ed p\u011bch <\/b><\/span><\/span><\/span><span style=\"color: #000000;\"><span style=\"font-family: Arial, sans-serif;\"><span style=\"font-size: medium;\">Pro pou\u017eit\u00ed p\u0159i vrt\u00e1n\u00ed p\u0159esn\u011b dimenzovan\u00fdch otvor\u016f do v\u0161ech b\u011b\u017en\u00fdch stavebn\u00edch materi\u00e1l\u016f, jako je beton, dut\u00e9 tv\u00e1rnice, cihly, p\u00edskovec. Lze pou\u017e\u00edt k injekt\u00e1\u017ei epoxidov\u00e9 prysky\u0159ice, polyuretanov\u00e9 prysky\u0159ice a silikonov\u00e9 emulze. Pro pou\u017eit\u00ed do rozm\u011brov\u011b p\u0159esn\u00fdch vrt\u016f v pevn\u00fdch stavebn\u00edch materi\u00e1lech, jako je beton, \u017eula, \u010dedi\u010d, p\u00edskovec, vhodn\u00e9 pro vst\u0159ikovac\u00ed tlaky do 150 bar\u016f.<\/span><\/span><\/span><\/p>\n<p><span style=\"color: #000000;\"><span style=\"font-family: Arial, sans-serif;\"><span style=\"font-size: medium;\"><b>Dal\u0161\u00ed informace a bezpe\u010dnostn\u00ed pokyny naleznete v technick\u00e9m listu tohoto v\u00fdrobku, kter\u00fd si m\u016f\u017eete st\u00e1hnout zde. <\/b><\/span><\/span><\/span><\/p>\n<p><a href=\"https:\/\/www.polymerpacker.de\/wp-content\/uploads\/2021\/02\/Polymerpacker-TM-SPS1280-DE-EN.pdf\"><img fetchpriority=\"high\" decoding=\"async\" class=\"alignnone wp-image-1504 size-medium\" src=\"https:\/\/www.polymerpacker.de\/wp-content\/uploads\/2020\/08\/PDF-DOWNLOAD-250x400.jpg\" alt=\"\" width=\"250\" height=\"400\" srcset=\"https:\/\/www.polymerpacker.de\/wp-content\/uploads\/2020\/08\/PDF-DOWNLOAD-250x400.jpg 250w, https:\/\/www.polymerpacker.de\/wp-content\/uploads\/2020\/08\/PDF-DOWNLOAD-200x320.jpg 200w, https:\/\/www.polymerpacker.de\/wp-content\/uploads\/2020\/08\/PDF-DOWNLOAD-scaled-150x240.jpg 150w, https:\/\/www.polymerpacker.de\/wp-content\/uploads\/2020\/08\/PDF-DOWNLOAD-400x640.jpg 400w, https:\/\/www.polymerpacker.de\/wp-content\/uploads\/2020\/08\/PDF-DOWNLOAD-500x800.jpg 500w, https:\/\/www.polymerpacker.de\/wp-content\/uploads\/2020\/08\/PDF-DOWNLOAD-768x1228.jpg 768w, https:\/\/www.polymerpacker.de\/wp-content\/uploads\/2020\/08\/PDF-DOWNLOAD-961x1536.jpg 961w, https:\/\/www.polymerpacker.de\/wp-content\/uploads\/2020\/08\/PDF-DOWNLOAD-1281x2048.jpg 1281w, https:\/\/www.polymerpacker.de\/wp-content\/uploads\/2020\/08\/PDF-DOWNLOAD-scaled.jpg 1601w\" sizes=\"(max-width: 250px) 100vw, 250px\" \/><\/a><\/p>","protected":false},"excerpt":{"rendered":"<h3><strong>Injekt\u00e1\u017en\u00ed p\u011bch SPS1280 pro 12 mm vrtan\u00fd otvor<\/strong><\/h3>\n<p><strong>Ocelov\u00fd \u0161roubov\u00fd p\u011bch o d\u00e9lce 80 mm. <\/strong>Gumov\u00e1 obj\u00edmka <strong>30 mm<\/strong> dlouh\u00fd s pod\u00e9ln\u00fdm k\u0159\u00eddlem, kter\u00e9 zabra\u0148uje ot\u00e1\u010den\u00ed p\u0159i up\u00edn\u00e1n\u00ed p\u011bchovadla ve vrtan\u00e9m otvoru. <span style=\"color: #00ccff;\"><strong>Up\u00ednac\u00ed matice se \u0161estihranem 8 mm.<\/strong><\/span><\/p>\n<h4>P\u0159ipojen\u00ed: <strong>Ocelov\u00e1 ku\u017eelov\u00e1 vsuvka DIN 71412<\/strong> se zp\u011btn\u00fdm ventilem Tlak p\u0159i otev\u0159en\u00ed cca. <strong>10 bar\u016f<\/strong>.<\/h4>","protected":false},"featured_media":1659,"template":"","meta":[],"product_brand":[],"product_cat":[42,84],"product_tag":[97,129,198],"class_list":{"0":"post-1063","1":"product","2":"type-product","3":"status-publish","4":"has-post-thumbnail","6":"product_cat-injektion-packer-pumpen","7":"product_cat-injektionspacker-12-mm","8":"product_tag-injektionspacker-fuer-bohrung-12-mm","9":"product_tag-injektionspacker-fuer-harz","10":"product_tag-injektionspacker-mit-kegelnippel","12":"first","13":"instock","14":"taxable","15":"shipping-taxable","16":"purchasable","17":"product-type-simple"},"tiered_pricing_type":"percentage","tiered_pricing_fixed_rules":[],"tiered_pricing_product_settings":{"layout":"default","base_unit_name":{"singular":null,"plural":null},"default_variation":null},"tiered_pricing_minimum_quantity":10,"tiered_pricing_roles_data":[],"tiered_pricing_percentage_rules":{"100":5,"1000":10},"tiered_pricing_maximum_quantity":null,"tiered_pricing_quantity_step":null,"_links":{"self":[{"href":"https:\/\/www.polymerpacker.de\/cs\/wp-json\/wp\/v2\/product\/1063","targetHints":{"allow":["GET"]}}],"collection":[{"href":"https:\/\/www.polymerpacker.de\/cs\/wp-json\/wp\/v2\/product"}],"about":[{"href":"https:\/\/www.polymerpacker.de\/cs\/wp-json\/wp\/v2\/types\/product"}],"wp:featuredmedia":[{"embeddable":true,"href":"https:\/\/www.polymerpacker.de\/cs\/wp-json\/wp\/v2\/media\/1659"}],"wp:attachment":[{"href":"https:\/\/www.polymerpacker.de\/cs\/wp-json\/wp\/v2\/media?parent=1063"}],"wp:term":[{"taxonomy":"product_brand","embeddable":true,"href":"https:\/\/www.polymerpacker.de\/cs\/wp-json\/wp\/v2\/product_brand?post=1063"},{"taxonomy":"product_cat","embeddable":true,"href":"https:\/\/www.polymerpacker.de\/cs\/wp-json\/wp\/v2\/product_cat?post=1063"},{"taxonomy":"product_tag","embeddable":true,"href":"https:\/\/www.polymerpacker.de\/cs\/wp-json\/wp\/v2\/product_tag?post=1063"}],"curies":[{"name":"wp","href":"https:\/\/api.w.org\/{rel}","templated":true}]}}