{"id":446,"date":"2019-04-16T18:39:35","date_gmt":"2019-04-16T18:39:35","guid":{"rendered":"http:\/\/b38jwy.myraidbox.de\/?page_id=446"},"modified":"2025-05-07T11:02:31","modified_gmt":"2025-05-07T09:02:31","slug":"o-nas","status":"publish","type":"page","link":"https:\/\/www.polymerpacker.de\/cs\/ueber-uns\/","title":{"rendered":"O n\u00e1s"},"content":{"rendered":"<h3 class=\"wp-block-heading\" id=\"h-uber-uns\"><\/h3>\n\n\n\n<p><strong>Od roku 1993<\/strong> vyv\u00edj\u00edme a vyr\u00e1b\u00edme n\u00e1stroje a vst\u0159ikovac\u00ed za\u0159\u00edzen\u00ed pro renovaci budov v na\u0161em z\u00e1vod\u011b v centru N\u011bmecka. Na\u0161e v\u00fdrobky se ji\u017e po desetilet\u00ed milionkr\u00e1t osv\u011bd\u010dily p\u0159i celosv\u011btov\u00e9m pou\u017eit\u00ed. <\/p>\n\n\n\n<p>N\u00e1\u0161 p\u0159\u00edm\u00fd prodej v\u00e1m umo\u017e\u0148uje jako<strong> Z\u00e1kazn\u00edk<\/strong> p\u0159\u00edm\u00fd kontakt s v\u00fdrobcem, kter\u00fd bychom r\u00e1di vyu\u017eili, abychom v\u00e1m jako z\u00e1kazn\u00edk\u016fm a u\u017eivatel\u016fm na\u0161ich v\u00fdrobk\u016f mohli nab\u00eddnout v\u00edce. V\u00edce kvality, v\u00edce produktivity, v\u00edce inovac\u00ed, v\u00edce slu\u017eeb, v\u00edce cenov\u00fdch v\u00fdhod. <\/p>\n\n\n\n<p class=\"has-medium-font-size\"><strong>Polymerpacker - proto\u017ee dobr\u00e1 pr\u00e1ce za\u010d\u00edn\u00e1 dobr\u00fdmi n\u00e1stroji.<\/strong><\/p>\n\n\n\n<h3 class=\"wp-block-heading\" id=\"h-unsere-qualitatsgarantie-an-sie\">Na\u0161e z\u00e1ruka kvality pro v\u00e1s<\/h3>\n\n\n\n<p>Na\u0161e v\u00fdroba je certifikov\u00e1na podle normy DIN EN ISO 9001:2015 (T\u00dcV Hessen, \u010d\u00edslo certifik\u00e1tu: 73 100 5871).<br>Technick\u00e9 proveden\u00ed a bezpe\u010dnostn\u00ed zkou\u0161ky na\u0161ich karbidov\u00fdch brusn\u00fdch kotou\u010d\u016f pro \u00fahlov\u00e9 brusky vych\u00e1zej\u00ed z normy DIN EN 13236:2010.<br>Vn\u011bj\u0161\u00ed bezpe\u010dnostn\u00ed testy provedla spole\u010dnost MPA Hannover. (MPA - certifik\u00e1ty Z-13760\/15, Z-13760-1\/16, Z-13761-1\/16, Z-13762-1\/16, Z-13763-1\/16).<\/p>\n\n\n\n<figure class=\"wp-block-image size-large is-resized\"><img fetchpriority=\"high\" decoding=\"async\" width=\"956\" height=\"800\" src=\"http:\/\/b38jwy.myraidbox.de\/wp-content\/uploads\/2020\/04\/T\u00dcV_WZ180401-956x800.jpg\" alt=\"\" class=\"wp-image-1015\" style=\"width:243px;height:203px\" srcset=\"https:\/\/www.polymerpacker.de\/wp-content\/uploads\/2020\/04\/T\u00dcV_WZ180401-956x800.jpg 956w, https:\/\/www.polymerpacker.de\/wp-content\/uploads\/2020\/04\/T\u00dcV_WZ180401-200x167.jpg 200w, https:\/\/www.polymerpacker.de\/wp-content\/uploads\/2020\/04\/T\u00dcV_WZ180401-150x125.jpg 150w, https:\/\/www.polymerpacker.de\/wp-content\/uploads\/2020\/04\/T\u00dcV_WZ180401-400x335.jpg 400w, https:\/\/www.polymerpacker.de\/wp-content\/uploads\/2020\/04\/T\u00dcV_WZ180401-478x400.jpg 478w, https:\/\/www.polymerpacker.de\/wp-content\/uploads\/2020\/04\/T\u00dcV_WZ180401-768x642.jpg 768w, https:\/\/www.polymerpacker.de\/wp-content\/uploads\/2020\/04\/T\u00dcV_WZ180401.jpg 1181w\" sizes=\"(max-width: 956px) 100vw, 956px\" \/><\/figure>\n\n\n\n<p><strong>Polymerpacker GmbH &amp; Co. KG<\/strong><br>Am Fuldaer Kreuz 9<br>DE 97786 Motten <br>Telefon +49 9748 863 99 20<br>E-mail: info@polymerpacker.de<\/p>","protected":false},"excerpt":{"rendered":"<p>Seit 1993 besch\u00e4ftigen wir uns an unserem Standort mitten in Deutschland mit der Entwicklung und der Herstellung von Werkzeugen und Injektionsausr\u00fcstung f\u00fcr die Bausanierung. Unsere Produkte haben sich \u00fcber Jahrzehnte millionenfach im weltweiten Einsatz bew\u00e4hrt. Unser Direktvertrieb erm\u00f6glicht Ihnen als Kunde den direkten Kontakt zum Hersteller, den wir nutzen m\u00f6chten, um Ihnen als Kunde und [&hellip;]<\/p>\n","protected":false},"author":1,"featured_media":0,"parent":0,"menu_order":0,"comment_status":"closed","ping_status":"closed","template":"","meta":{"footnotes":""},"class_list":["post-446","page","type-page","status-publish","hentry"],"_links":{"self":[{"href":"https:\/\/www.polymerpacker.de\/cs\/wp-json\/wp\/v2\/pages\/446","targetHints":{"allow":["GET"]}}],"collection":[{"href":"https:\/\/www.polymerpacker.de\/cs\/wp-json\/wp\/v2\/pages"}],"about":[{"href":"https:\/\/www.polymerpacker.de\/cs\/wp-json\/wp\/v2\/types\/page"}],"author":[{"embeddable":true,"href":"https:\/\/www.polymerpacker.de\/cs\/wp-json\/wp\/v2\/users\/1"}],"replies":[{"embeddable":true,"href":"https:\/\/www.polymerpacker.de\/cs\/wp-json\/wp\/v2\/comments?post=446"}],"version-history":[{"count":2,"href":"https:\/\/www.polymerpacker.de\/cs\/wp-json\/wp\/v2\/pages\/446\/revisions"}],"predecessor-version":[{"id":4640,"href":"https:\/\/www.polymerpacker.de\/cs\/wp-json\/wp\/v2\/pages\/446\/revisions\/4640"}],"wp:attachment":[{"href":"https:\/\/www.polymerpacker.de\/cs\/wp-json\/wp\/v2\/media?parent=446"}],"curies":[{"name":"wp","href":"https:\/\/api.w.org\/{rel}","templated":true}]}}