{"id":291,"date":"2019-04-16T08:45:56","date_gmt":"2019-04-16T08:45:56","guid":{"rendered":"http:\/\/b38jwy.myraidbox.de\/?page_id=291"},"modified":"2022-08-24T15:33:23","modified_gmt":"2022-08-24T13:33:23","slug":"otisk","status":"publish","type":"page","link":"https:\/\/www.polymerpacker.de\/cs\/impressum\/","title":{"rendered":"Otisk"},"content":{"rendered":"<h3 class=\"wp-block-heading\" id=\"h-polymerpacker-werkzeuge-fur-die-bausanierung\">Polymerpacker - N\u00e1stroje pro renovaci budov<\/h3>\n\n\n\n<p><strong>Polymerpacker GmbH &amp; Co. KG<\/strong><br>Am Fuldaer Kreuz 9<br>DE 97786 Motten<br>Telefon +49 9748 863 99 20<br><a href=\"mailto:rmoeller@polymerpacker.de\">info@polymerpacker.de<\/a><\/p>\n\n\n\n<p>Osobn\u011b odpov\u011bdn\u00fd partner: Polymerpacker Beteiligungs GmbH<\/p>\n\n\n\n<p>Registra\u010dn\u00ed soud: Schweinfurt HRA 9867 HRB 7602<\/p>\n\n\n\n<p>V\u00fdkonn\u00fd \u0159editel: R\u00fcdiger M\u00f6ller (CEO)<\/p>\n\n\n\n<p>DI\u010c: DE 313477910<\/p>\n\n\n\n<p>Odpov\u011bdn\u00fd podle \u00a7 5 TMG a odpov\u011bdn\u00fd podle \u00a7 55 odst. 2 RStV: R\u00fcdiger M\u00f6ller. &nbsp; <a href=\"https:\/\/www.polymerpacker.de\/cs\/\">www.polymerpacker.de<\/a><\/p>\n\n\n\n<p><strong>Odm\u00edtnut\u00ed odpov\u011bdnosti:<\/strong><br>Autorsk\u00e1 pr\u00e1va<br>V\u0161echny \u010dl\u00e1nky a ilustrace zve\u0159ejn\u011bn\u00e9 na t\u011bchto webov\u00fdch str\u00e1nk\u00e1ch jsou chr\u00e1n\u011bny autorsk\u00fdm pr\u00e1vem. Jak\u00e9koli vyu\u017eit\u00ed vy\u017eaduje p\u0159edchoz\u00ed souhlas, zejm\u00e9na kop\u00edrov\u00e1n\u00ed, \u00fapravy, zpracov\u00e1n\u00ed, ukl\u00e1d\u00e1n\u00ed, p\u0159eklad nebo reprodukce datab\u00e1z\u00ed nebo jin\u00fdch elektronick\u00fdch m\u00e9di\u00ed a syst\u00e9m\u016f.<br>Fotokopie a stahov\u00e1n\u00ed lze prov\u00e1d\u011bt pouze pro osobn\u00ed, soukrom\u00e9 a nekomer\u010dn\u00ed pou\u017eit\u00ed.<\/p>\n\n\n\n<p><strong>e-mail:<\/strong><br>Komunikace prost\u0159ednictv\u00edm e-mailu m\u016f\u017ee m\u00edt bezpe\u010dnostn\u00ed mezery. Pokud s n\u00e1mi komunikujete e-mailem, p\u0159edpokl\u00e1d\u00e1me, \u017ee v\u00e1m m\u016f\u017eeme odpov\u011bd\u011bt tak\u00e9 e-mailem. Pokud si to nep\u0159ejete, mus\u00edte n\u00e1s o tom informovat.<\/p>\n\n\n\n<p><strong>Extern\u00ed odkazy:<\/strong><br>Obsah extern\u00edch webov\u00fdch str\u00e1nek, na kter\u00e9 p\u0159\u00edmo nebo nep\u0159\u00edmo odkazujeme na na\u0161ich webov\u00fdch str\u00e1nk\u00e1ch (prost\u0159ednictv\u00edm \u201ehypertextov\u00fdch odkaz\u016f\u201c nebo \u201ehlubok\u00fdch odkaz\u016f\u201c), je mimo na\u0161i oblast odpov\u011bdnosti a nep\u0159ij\u00edm\u00e1me jej za sv\u016fj. M\u016f\u017eeme v\u0161ak prohl\u00e1sit, \u017ee v dob\u011b vytvo\u0159en\u00ed odkaz\u016f nebyl na odkazovan\u00fdch webov\u00fdch str\u00e1nk\u00e1ch rozpoznateln\u00fd \u017e\u00e1dn\u00fd nez\u00e1konn\u00fd obsah. Nem\u00e1me \u017e\u00e1dn\u00fd vliv na sou\u010dasnou ani budouc\u00ed podobu, obsah nebo autorstv\u00ed odkazovan\u00fdch webov\u00fdch str\u00e1nek. V\u00fdslovn\u011b se proto distancujeme od ve\u0161ker\u00e9ho obsahu v\u0161ech odkazovan\u00fdch webov\u00fdch str\u00e1nek, kter\u00fd byl zm\u011bn\u011bn po vytvo\u0159en\u00ed odkazu. Toto prohl\u00e1\u0161en\u00ed plat\u00ed pro v\u0161echny odkazy a reference nastaven\u00e9 v r\u00e1mci na\u0161\u00ed vlastn\u00ed domovsk\u00e9 str\u00e1nky. Za nez\u00e1konn\u00fd, nespr\u00e1vn\u00fd nebo ne\u00fapln\u00fd obsah a zejm\u00e9na za \u0161kody vznikl\u00e9 v d\u016fsledku pou\u017e\u00edv\u00e1n\u00ed informac\u00ed dostupn\u00fdch na odkazovan\u00fdch webov\u00fdch str\u00e1nk\u00e1ch odpov\u00edd\u00e1 v\u00fdhradn\u011b poskytovatel odkazovan\u00e9 webov\u00e9 str\u00e1nky. Pokud se dozv\u00edme o nez\u00e1konn\u00e9m, protipr\u00e1vn\u00edm nebo nespr\u00e1vn\u00e9m obsahu na webov\u00fdch str\u00e1nk\u00e1ch, na kter\u00e9 odkazujeme, odkaz odstran\u00edme.<\/p>\n\n\n\n<p><strong>Ochrana \u00fadaj\u016f:<\/strong><\/p>\n\n\n\n<p><a href=\"\/cs\/ochrana-udaju\/\">Zde naleznete informace o ochran\u011b osobn\u00edch \u00fadaj\u016f.<\/a><\/p>\n\n\n<div class=\"woocommerce woocommerce-gzd woocommerce-gzd-complaints-shortcode\">\n\t\t\t<h3>Alternativn\u00ed \u0159e\u0161en\u00ed spor\u016f v souladu s \u010dl. 14 odst. 1 ODR-VO a \u00a7 36 VSBG:<\/h3>\n\t\nNejsme povinni ani ochotni \u00fa\u010dastnit se \u0159\u00edzen\u00ed o \u0159e\u0161en\u00ed spor\u016f p\u0159ed spot\u0159ebitelskou rozhod\u010d\u00ed komis\u00ed.<\/div>\n\n\n<p><\/p>","protected":false},"excerpt":{"rendered":"<p>Polymerpacker &#8211;&nbsp;Werkzeuge f\u00fcr die Bausanierung Polymerpacker GmbH &amp; Co. KGAm Fuldaer Kreuz 9DE 97786 MottenTel. +49 9748 863 99 20info@polymerpacker.de Pers\u00f6nlich haftende Gesellschafterin: Polymerpacker Beteiligungs GmbH Registriergericht: Schweinfurt&nbsp; HRA 9867&nbsp; HRB 7602 Gesch\u00e4ftsf\u00fchrer: R\u00fcdiger M\u00f6ller (CEO) Ust.ID: DE 313477910 Verantwortlicher nach \u00a75 TMG und Verantwortlicher i.S.d. \u00a7 55 Abs. 2 RStV:&nbsp; R\u00fcdiger M\u00f6ller. &nbsp; www.polymerpacker.de [&hellip;]<\/p>\n","protected":false},"author":1,"featured_media":0,"parent":0,"menu_order":0,"comment_status":"closed","ping_status":"closed","template":"","meta":{"footnotes":""},"class_list":["post-291","page","type-page","status-publish","hentry"],"_links":{"self":[{"href":"https:\/\/www.polymerpacker.de\/cs\/wp-json\/wp\/v2\/pages\/291","targetHints":{"allow":["GET"]}}],"collection":[{"href":"https:\/\/www.polymerpacker.de\/cs\/wp-json\/wp\/v2\/pages"}],"about":[{"href":"https:\/\/www.polymerpacker.de\/cs\/wp-json\/wp\/v2\/types\/page"}],"author":[{"embeddable":true,"href":"https:\/\/www.polymerpacker.de\/cs\/wp-json\/wp\/v2\/users\/1"}],"replies":[{"embeddable":true,"href":"https:\/\/www.polymerpacker.de\/cs\/wp-json\/wp\/v2\/comments?post=291"}],"version-history":[{"count":0,"href":"https:\/\/www.polymerpacker.de\/cs\/wp-json\/wp\/v2\/pages\/291\/revisions"}],"wp:attachment":[{"href":"https:\/\/www.polymerpacker.de\/cs\/wp-json\/wp\/v2\/media?parent=291"}],"curies":[{"name":"wp","href":"https:\/\/api.w.org\/{rel}","templated":true}]}}