{"id":2521,"date":"2022-08-16T16:15:04","date_gmt":"2022-08-16T14:15:04","guid":{"rendered":"https:\/\/www.polymerpacker.de\/?page_id=2521"},"modified":"2023-05-12T11:57:48","modified_gmt":"2023-05-12T09:57:48","slug":"platba-za-odeslani","status":"publish","type":"page","link":"https:\/\/www.polymerpacker.de\/cs\/versand-zahlung\/","title":{"rendered":"Doprava - Platba - Vr\u00e1cen\u00ed zbo\u017e\u00ed"},"content":{"rendered":"<h3 class=\"wp-block-heading\"><\/h3>\n\n\n\n<p>V\u00e1\u017een\u00fd z\u00e1kazn\u00edku,<\/p>\n\n\n\n<p>Objedn\u00e1vku m\u016f\u017eete u\u010dinit v na\u0161em internetov\u00e9m obchod\u011b na adrese<strong> \u201eCheck-out\u201c<\/strong> zad\u00e1n\u00edm doru\u010dovac\u00ed adresy <strong>(Zem\u011b)<\/strong> lze doru\u010dit do v\u0161ech zem\u00ed EU.<\/p>\n\n\n\n<p>Belgie, Bulharsko, \u010cesk\u00e1 republika, D\u00e1nsko, Estonsko, Finsko, Francie, Chorvatsko, Irsko, It\u00e1lie, Kypr, Litva, Loty\u0161sko, Lucembursko, Ma\u010farsko, Malta, N\u011bmecko, Nizozemsko, Polsko, Rakousko, Rumunsko, \u0158ecko, Slovensko, Slovinsko, \u0160pan\u011blsko, \u0160v\u00e9dsko.<\/p>\n\n\n\n<p>Pokud po\u017eadujete doru\u010den\u00ed do zem\u011b mimo EU, kontaktujte n\u00e1s.<\/p>\n\n\n\n<h3 class=\"wp-block-heading\">P\u0159eprava<\/h3>\n\n\n\n<p>Z\u00e1silky zas\u00edl\u00e1me v\u00fdhradn\u011b prost\u0159ednictv\u00edm spole\u010dnosti UPS (United Parcel Service).<\/p>\n\n\n\n<p><strong>Aby bylo zaji\u0161t\u011bno co nejhlad\u0161\u00ed doru\u010den\u00ed va\u0161\u00ed objedn\u00e1vky, zadejte p\u0159i odhl\u00e1\u0161en\u00ed telefonn\u00ed \u010d\u00edslo, na kter\u00e9m v\u00e1s \u0159idi\u010d z\u00e1silkov\u00e9 slu\u017eby UPS zastihne v p\u0159\u00edpad\u011b probl\u00e9m\u016f s doru\u010den\u00edm.<\/strong><\/p>\n\n\n\n<h3 class=\"wp-block-heading\">N\u00e1klady na dopravu<\/h3>\n\n\n\n<p>\u00da\u010dtujeme v\u00e1m pouze p\u0159epravn\u00ed n\u00e1klady, kter\u00e9 n\u00e1m poskytovatel z\u00e1silkov\u00e9 slu\u017eby (UPS) vyfakturoval jako n\u00e1klady na dopravu. U ka\u017ed\u00e9 objedn\u00e1vky se automaticky vypo\u010d\u00edtaj\u00ed n\u00e1klady na dopravu pro v\u00e1mi zadanou zemi doru\u010den\u00ed.<\/p>\n\n\n\n<h3 class=\"wp-block-heading\">Da\u0148 z p\u0159idan\u00e9 hodnoty<\/h3>\n\n\n\n<p>U ka\u017ed\u00e9 objedn\u00e1vky se automaticky vypo\u010d\u00edt\u00e1 z\u00e1konn\u00e1 da\u0148 z p\u0159idan\u00e9 hodnoty zem\u011b dod\u00e1n\u00ed, kterou uvedete, v souladu s p\u0159edpisy EU.<\/p>\n\n\n\n<h4 class=\"wp-block-heading\">Chcete-li z\u00edskat v\u00fdvozn\u00ed dod\u00e1vku bez DPH, zadejte p\u0159i odb\u011bru sv\u00e9 identifika\u010dn\u00ed \u010d\u00edslo pro DPH.<\/h4>\n\n\n\n<h3 class=\"wp-block-heading\">Dodac\u00ed lh\u016fty<\/h3>\n\n\n\n<p>V\u0161echny objedn\u00e1vky zpracov\u00e1v\u00e1me do jednoho a\u017e dvou pracovn\u00edch dn\u016f a p\u0159ed\u00e1v\u00e1me je poskytovateli p\u0159epravn\u00edch slu\u017eeb (UPS).<\/p>\n\n\n\n<p>Jakmile p\u0159ed\u00e1me va\u0161i z\u00e1silku poskytovateli p\u0159epravn\u00edch slu\u017eeb (UPS), obdr\u017e\u00edte od n\u00e1s e-mail s n\u00e1sleduj\u00edc\u00edmi informacemi. <strong>Va\u0161e sledovac\u00ed \u010d\u00edslo UPS.<\/strong><\/p>\n\n\n\n<p><strong>Pokud chcete sledovat pr\u016fb\u011bh sv\u00e9 z\u00e1silky, klikn\u011bte na odkaz v e-mailu na webov\u00e9 str\u00e1nky UPS a zadejte \u010d\u00edslo z\u00e1silky.<\/strong><\/p>\n\n\n\n<p><\/p>\n\n\n\n<h3 class=\"wp-block-heading\">Mo\u017enosti platby<\/h3>\n\n\n\n<p>M\u00e1te k dispozici n\u00e1sleduj\u00edc\u00ed mo\u017enosti platby<\/p>\n\n\n\n<p><strong>Platba p\u0159edem bankovn\u00edm p\u0159evodem<\/strong><\/p>\n\n\n\n<p><strong>Platba p\u0159es PayPal<\/strong><br><br><strong>Prost\u0159ednictv\u00edm slu\u017eby Stripe<\/strong><br>Platba kreditn\u00ed kartou<br>Platba p\u0159es Google pay<\/p>\n\n\n\n<h3 class=\"wp-block-heading\">Vr\u00e1cen\u00ed zbo\u017e\u00ed<\/h3>\n\n\n\n<p>Pokud si p\u0159ejete vr\u00e1tit n\u00e1mi dodan\u00e9 zbo\u017e\u00ed, za\u0161lete n\u00e1m zbo\u017e\u00ed zp\u011bt s uhrazenou p\u0159epravou. K vr\u00e1cen\u00e9mu zbo\u017e\u00ed p\u0159ilo\u017ete kopii na\u0161eho dodac\u00edho listu s ozna\u010den\u00edm \u201eVr\u00e1cen\u00ed\u201c. Jakmile zbo\u017e\u00ed obdr\u017e\u00edme, vr\u00e1t\u00edme v\u00e1m co nejrychleji kupn\u00ed cenu. Upozor\u0148ujeme, \u017ee m\u016f\u017eeme p\u0159ijmout zp\u011bt pouze nepou\u017eit\u00e9 zbo\u017e\u00ed v p\u016fvodn\u00edm obalu.<\/p>\n\n\n\n<p><strong>D\u011bkujeme v\u00e1m za v\u00e1\u0161 z\u00e1jem o na\u0161e produkty<\/strong><\/p>\n\n\n\n<p><strong>Polymerpacker GmbH &amp; Co. KG<\/strong><br>Am Fuldaer Kreuz 9<br>DE 97786 Motten<br>Telefon +49 9748 863 99 20<br><a href=\"mailto:rmoeller@polymerpacker.de\">info@polymerpacker.de<\/a><\/p>","protected":false},"excerpt":{"rendered":"<p>Sehr geehrter Kunde, Ihre Bestellung in unserem Webshop k\u00f6nnen Sie beim \u201eCheck-out\u201c durch Eingabe der Lieferadresse (Land) in alle EU-L\u00e4nder ausliefern lassen. Belgien, Bulgarien, D\u00e4nemark, Deutschland, Estland, Finnland, Frankreich, Griechenland, Irland, Italien, Kroatien, Lettland, Litauen, Luxemburg, Malta, Niederlande, \u00d6sterreich, Polen, Rum\u00e4nien, Schweden, Slowakei, Slowenien, Spanien, Tschechien, Ungarn, Zypern. Wenn Sie eine Lieferung in ein nicht [&hellip;]<\/p>\n","protected":false},"author":1,"featured_media":0,"parent":0,"menu_order":0,"comment_status":"closed","ping_status":"closed","template":"","meta":{"footnotes":""},"class_list":["post-2521","page","type-page","status-publish","hentry"],"_links":{"self":[{"href":"https:\/\/www.polymerpacker.de\/cs\/wp-json\/wp\/v2\/pages\/2521","targetHints":{"allow":["GET"]}}],"collection":[{"href":"https:\/\/www.polymerpacker.de\/cs\/wp-json\/wp\/v2\/pages"}],"about":[{"href":"https:\/\/www.polymerpacker.de\/cs\/wp-json\/wp\/v2\/types\/page"}],"author":[{"embeddable":true,"href":"https:\/\/www.polymerpacker.de\/cs\/wp-json\/wp\/v2\/users\/1"}],"replies":[{"embeddable":true,"href":"https:\/\/www.polymerpacker.de\/cs\/wp-json\/wp\/v2\/comments?post=2521"}],"version-history":[{"count":0,"href":"https:\/\/www.polymerpacker.de\/cs\/wp-json\/wp\/v2\/pages\/2521\/revisions"}],"wp:attachment":[{"href":"https:\/\/www.polymerpacker.de\/cs\/wp-json\/wp\/v2\/media?parent=2521"}],"curies":[{"name":"wp","href":"https:\/\/api.w.org\/{rel}","templated":true}]}}